{"id":1011,"date":"2020-05-21T10:48:50","date_gmt":"2020-05-21T07:48:50","guid":{"rendered":"https:\/\/ruususeura.fi\/nordiska-rosor\/"},"modified":"2020-12-17T12:38:55","modified_gmt":"2020-12-17T10:38:55","slug":"nordiska-rosor","status":"publish","type":"page","link":"https:\/\/ruususeura.fi\/sv\/nordiska-rosor\/","title":{"rendered":"Nordiska Rosor"},"content":{"rendered":"\t\t<div data-elementor-type=\"wp-page\" data-elementor-id=\"1011\" class=\"elementor elementor-1011 elementor-537\">\n\t\t\t\t\t\t<section class=\"elementor-section elementor-top-section elementor-element elementor-element-d59e832 elementor-section-boxed elementor-section-height-default elementor-section-height-default\" data-id=\"d59e832\" data-element_type=\"section\" data-e-type=\"section\">\n\t\t\t\t\t\t<div class=\"elementor-container elementor-column-gap-default\">\n\t\t\t\t\t<div class=\"aux-parallax-section elementor-column elementor-col-66 elementor-top-column elementor-element elementor-element-bd8b125\" data-id=\"bd8b125\" data-element_type=\"column\" data-e-type=\"column\" data-settings=\"{&quot;background_background&quot;:&quot;gradient&quot;,&quot;animation&quot;:&quot;none&quot;}\">\n\t\t\t<div class=\"elementor-widget-wrap elementor-element-populated\">\n\t\t\t\t\t\t<div class=\"elementor-element elementor-element-b9cd4b1 elementor-widget elementor-widget-heading\" data-id=\"b9cd4b1\" data-element_type=\"widget\" data-e-type=\"widget\" data-widget_type=\"heading.default\">\n\t\t\t\t<div class=\"elementor-widget-container\">\n\t\t\t\t\t<h2 class=\"elementor-heading-title elementor-size-xl\">Nordiska Rosor<\/h2>\t\t\t\t<\/div>\n\t\t\t\t<\/div>\n\t\t\t\t<div class=\"elementor-element elementor-element-0d6e42e elementor-widget elementor-widget-text-editor\" data-id=\"0d6e42e\" data-element_type=\"widget\" data-e-type=\"widget\" data-widget_type=\"text-editor.default\">\n\t\t\t\t<div class=\"elementor-widget-container\">\n\t\t\t\t\t\t\t\t\t<p>Projektet Nordiska rosor syftar till att uppm\u00e4rksamma\u00a0friska och odlingsv\u00e4rda rosor framtagna i de\u00a0nordiska l\u00e4nderna. I samlingen kan \u00e4ven hitterosorna\/fyndrosorna ing\u00e5. Projektet \u00e4r ett samarbete mellan\u00a0fem nationella rosens\u00e4llskap, i Danmark, Finland, Island,\u00a0Norge och Sverige inom Nordiska\u00a0Rosens\u00e4llskapet sedan \u00a02012. Projektet presenterades f\u00f6rsta g\u00e5ngen 2018 i demonstrationsodlingar i offentliga\u00a0tr\u00e4dg\u00e5rdar och rosarier i de nordiska l\u00e4nderna.\u00a0Inom projektet har varje lands rosens\u00e4llskap valt ut 10-11 rosor som i det egna landet bed\u00f6mts som odlingsv\u00e4rda och h\u00e4rdiga. M\u00e5let \u00e4r att m\u00f6jligast m\u00e5nga av dessa skulle hitta v\u00e4gen till de visningstr\u00e4dg\u00e5rdar som planeras i vart och ett av de nordiska l\u00e4nderna. Vi hoppas projektet ska \u00f6ka intresset f\u00f6r rosodling,\u00a0nordiska rosor, de nationella rosinventeringarna\u00a0och medlemss\u00e4llskapen. H\u00e4r kan du l\u00e4sa v\u00e5ra foldrar om de nordiska rosorna.<span class=\"Apple-converted-space\">\u00a0<\/span><\/p>\n<p><a href=\"https:\/\/uploads.staticjw.com\/sr\/srsrosor\/nordiska_rosor_sve_juni_2019.pdf\">Svensk folder<\/a><\/p>\n<p><a href=\"https:\/\/uploads.staticjw.com\/sr\/srsrosor\/nordic_roses_en_juni_2019.pdf\">Engelsk folder<\/a> \u00a0<\/p>\n<p><a href=\"https:\/\/ruususeura.fi\/wp-content\/uploads\/2020\/07\/Nordic-Roses-Suomi-2019-VEDOS-v3-_valmis1.pdf\">Finskspr\u00e5kig folder <\/a><\/p>\n\t\t\t\t\t\t\t\t<\/div>\n\t\t\t\t<\/div>\n\t\t\t\t\t<\/div>\n\t\t<\/div>\n\t\t\t\t<div class=\"aux-parallax-section elementor-column elementor-col-33 elementor-top-column elementor-element elementor-element-564decc\" data-id=\"564decc\" data-element_type=\"column\" data-e-type=\"column\">\n\t\t\t<div class=\"elementor-widget-wrap elementor-element-populated\">\n\t\t\t\t\t\t<div class=\"elementor-element elementor-element-4fb7270 elementor-widget elementor-widget-image\" data-id=\"4fb7270\" data-element_type=\"widget\" data-e-type=\"widget\" data-widget_type=\"image.default\">\n\t\t\t\t<div class=\"elementor-widget-container\">\n\t\t\t\t\t\t\t\t\t\t\t\t<figure class=\"wp-caption\">\n\t\t\t\t\t\t\t\t\t\t<img fetchpriority=\"high\" decoding=\"async\" width=\"768\" height=\"768\" src=\"https:\/\/ruususeura.fi\/wp-content\/uploads\/2020\/05\/DSC_9120-768x768.jpg\" class=\"attachment-medium_large size-medium_large wp-image-1002\" alt=\"\" srcset=\"https:\/\/ruususeura.fi\/wp-content\/uploads\/2020\/05\/DSC_9120-768x768.jpg 768w, https:\/\/ruususeura.fi\/wp-content\/uploads\/2020\/05\/DSC_9120-300x300.jpg 300w, https:\/\/ruususeura.fi\/wp-content\/uploads\/2020\/05\/DSC_9120-1024x1024.jpg 1024w, https:\/\/ruususeura.fi\/wp-content\/uploads\/2020\/05\/DSC_9120-150x150.jpg 150w\" sizes=\"(max-width: 768px) 100vw, 768px\" \/>\t\t\t\t\t\t\t\t\t\t\t<figcaption class=\"widget-image-caption wp-caption-text\">'Olkkala', Finland<\/figcaption>\n\t\t\t\t\t\t\t\t\t\t<\/figure>\n\t\t\t\t\t\t\t\t\t<\/div>\n\t\t\t\t<\/div>\n\t\t\t\t\t<\/div>\n\t\t<\/div>\n\t\t\t\t\t<\/div>\n\t\t<\/section>\n\t\t\t\t<section class=\"elementor-section elementor-top-section elementor-element elementor-element-8e70240 elementor-section-boxed elementor-section-height-default elementor-section-height-default\" data-id=\"8e70240\" data-element_type=\"section\" data-e-type=\"section\">\n\t\t\t\t\t\t<div class=\"elementor-container elementor-column-gap-default\">\n\t\t\t\t\t<div class=\"aux-parallax-section elementor-column elementor-col-33 elementor-top-column elementor-element elementor-element-24a49de\" data-id=\"24a49de\" data-element_type=\"column\" data-e-type=\"column\">\n\t\t\t<div class=\"elementor-widget-wrap elementor-element-populated\">\n\t\t\t\t\t\t<div class=\"elementor-element elementor-element-8e487ca elementor-widget elementor-widget-image\" data-id=\"8e487ca\" data-element_type=\"widget\" data-e-type=\"widget\" data-widget_type=\"image.default\">\n\t\t\t\t<div class=\"elementor-widget-container\">\n\t\t\t\t\t\t\t\t\t\t\t\t<figure class=\"wp-caption\">\n\t\t\t\t\t\t\t\t\t\t<img decoding=\"async\" width=\"1024\" height=\"1024\" src=\"https:\/\/ruususeura.fi\/wp-content\/uploads\/2020\/05\/Hurdal-010709-2-1024x1024.jpg\" class=\"attachment-large size-large wp-image-1004\" alt=\"\" srcset=\"https:\/\/ruususeura.fi\/wp-content\/uploads\/2020\/05\/Hurdal-010709-2-1024x1024.jpg 1024w, https:\/\/ruususeura.fi\/wp-content\/uploads\/2020\/05\/Hurdal-010709-2-300x300.jpg 300w, https:\/\/ruususeura.fi\/wp-content\/uploads\/2020\/05\/Hurdal-010709-2-150x150.jpg 150w, https:\/\/ruususeura.fi\/wp-content\/uploads\/2020\/05\/Hurdal-010709-2-768x768.jpg 768w\" sizes=\"(max-width: 1024px) 100vw, 1024px\" \/>\t\t\t\t\t\t\t\t\t\t\t<figcaption class=\"widget-image-caption wp-caption-text\">'Hurdal', Norge<\/figcaption>\n\t\t\t\t\t\t\t\t\t\t<\/figure>\n\t\t\t\t\t\t\t\t\t<\/div>\n\t\t\t\t<\/div>\n\t\t\t\t\t<\/div>\n\t\t<\/div>\n\t\t\t\t<div class=\"aux-parallax-section elementor-column elementor-col-33 elementor-top-column elementor-element elementor-element-9633e8b\" data-id=\"9633e8b\" data-element_type=\"column\" data-e-type=\"column\">\n\t\t\t<div class=\"elementor-widget-wrap elementor-element-populated\">\n\t\t\t\t\t\t<div class=\"elementor-element elementor-element-c865972 elementor-widget elementor-widget-image\" data-id=\"c865972\" data-element_type=\"widget\" data-e-type=\"widget\" data-widget_type=\"image.default\">\n\t\t\t\t<div class=\"elementor-widget-container\">\n\t\t\t\t\t\t\t\t\t\t\t\t<figure class=\"wp-caption\">\n\t\t\t\t\t\t\t\t\t\t<img decoding=\"async\" width=\"1024\" height=\"1024\" src=\"https:\/\/ruususeura.fi\/wp-content\/uploads\/2020\/05\/fullsizeoutput_e11a-1024x1024.jpeg\" class=\"attachment-large size-large wp-image-1006\" alt=\"Freja\" srcset=\"https:\/\/ruususeura.fi\/wp-content\/uploads\/2020\/05\/fullsizeoutput_e11a-1024x1024.jpeg 1024w, https:\/\/ruususeura.fi\/wp-content\/uploads\/2020\/05\/fullsizeoutput_e11a-300x300.jpeg 300w, https:\/\/ruususeura.fi\/wp-content\/uploads\/2020\/05\/fullsizeoutput_e11a-150x150.jpeg 150w, https:\/\/ruususeura.fi\/wp-content\/uploads\/2020\/05\/fullsizeoutput_e11a-768x768.jpeg 768w\" sizes=\"(max-width: 1024px) 100vw, 1024px\" \/>\t\t\t\t\t\t\t\t\t\t\t<figcaption class=\"widget-image-caption wp-caption-text\">'Freja', Sverige<\/figcaption>\n\t\t\t\t\t\t\t\t\t\t<\/figure>\n\t\t\t\t\t\t\t\t\t<\/div>\n\t\t\t\t<\/div>\n\t\t\t\t\t<\/div>\n\t\t<\/div>\n\t\t\t\t<div class=\"aux-parallax-section elementor-column elementor-col-33 elementor-top-column elementor-element elementor-element-9dbc5f1\" data-id=\"9dbc5f1\" data-element_type=\"column\" data-e-type=\"column\">\n\t\t\t<div class=\"elementor-widget-wrap elementor-element-populated\">\n\t\t\t\t\t\t<div class=\"elementor-element elementor-element-6f37d64 elementor-widget elementor-widget-image\" data-id=\"6f37d64\" data-element_type=\"widget\" data-e-type=\"widget\" data-widget_type=\"image.default\">\n\t\t\t\t<div class=\"elementor-widget-container\">\n\t\t\t\t\t\t\t\t\t\t\t\t<figure class=\"wp-caption\">\n\t\t\t\t\t\t\t\t\t\t<img loading=\"lazy\" decoding=\"async\" width=\"1024\" height=\"1024\" src=\"https:\/\/ruususeura.fi\/wp-content\/uploads\/2020\/05\/fullsizeoutput_e74f-1024x1024.jpeg\" class=\"attachment-large size-large wp-image-1008\" alt=\"&#039;Ingrid Bergman&#039;\" srcset=\"https:\/\/ruususeura.fi\/wp-content\/uploads\/2020\/05\/fullsizeoutput_e74f-1024x1024.jpeg 1024w, https:\/\/ruususeura.fi\/wp-content\/uploads\/2020\/05\/fullsizeoutput_e74f-300x300.jpeg 300w, https:\/\/ruususeura.fi\/wp-content\/uploads\/2020\/05\/fullsizeoutput_e74f-150x150.jpeg 150w, https:\/\/ruususeura.fi\/wp-content\/uploads\/2020\/05\/fullsizeoutput_e74f-768x768.jpeg 768w\" sizes=\"(max-width: 1024px) 100vw, 1024px\" \/>\t\t\t\t\t\t\t\t\t\t\t<figcaption class=\"widget-image-caption wp-caption-text\">'Ingrid Bergman', Danmark<\/figcaption>\n\t\t\t\t\t\t\t\t\t\t<\/figure>\n\t\t\t\t\t\t\t\t\t<\/div>\n\t\t\t\t<\/div>\n\t\t\t\t\t<\/div>\n\t\t<\/div>\n\t\t\t\t\t<\/div>\n\t\t<\/section>\n\t\t\t\t<\/div>\n\t\t","protected":false},"excerpt":{"rendered":"<p>Nordiska Rosor Projektet Nordiska rosor syftar till att uppm\u00e4rksamma\u00a0friska och odlingsv\u00e4rda rosor framtagna i de\u00a0nordiska l\u00e4nderna. I samlingen kan \u00e4ven hitterosorna\/fyndrosorna ing\u00e5. Projektet \u00e4r ett samarbete mellan\u00a0fem nationella rosens\u00e4llskap, i Danmark, Finland, Island,\u00a0Norge och Sverige inom Nordiska\u00a0Rosens\u00e4llskapet sedan \u00a02012. Projektet presenterades f\u00f6rsta g\u00e5ngen 2018 i demonstrationsodlingar i offentliga\u00a0tr\u00e4dg\u00e5rdar och rosarier i de nordiska l\u00e4nderna.\u00a0Inom projektet [&hellip;]<\/p>\n","protected":false},"author":1,"featured_media":0,"parent":0,"menu_order":0,"comment_status":"closed","ping_status":"closed","template":"","meta":{"footnotes":""},"class_list":["post-1011","page","type-page","status-publish","hentry"],"_links":{"self":[{"href":"https:\/\/ruususeura.fi\/sv\/wp-json\/wp\/v2\/pages\/1011","targetHints":{"allow":["GET"]}}],"collection":[{"href":"https:\/\/ruususeura.fi\/sv\/wp-json\/wp\/v2\/pages"}],"about":[{"href":"https:\/\/ruususeura.fi\/sv\/wp-json\/wp\/v2\/types\/page"}],"author":[{"embeddable":true,"href":"https:\/\/ruususeura.fi\/sv\/wp-json\/wp\/v2\/users\/1"}],"replies":[{"embeddable":true,"href":"https:\/\/ruususeura.fi\/sv\/wp-json\/wp\/v2\/comments?post=1011"}],"version-history":[{"count":5,"href":"https:\/\/ruususeura.fi\/sv\/wp-json\/wp\/v2\/pages\/1011\/revisions"}],"predecessor-version":[{"id":2956,"href":"https:\/\/ruususeura.fi\/sv\/wp-json\/wp\/v2\/pages\/1011\/revisions\/2956"}],"wp:attachment":[{"href":"https:\/\/ruususeura.fi\/sv\/wp-json\/wp\/v2\/media?parent=1011"}],"curies":[{"name":"wp","href":"https:\/\/api.w.org\/{rel}","templated":true}]}}