{"id":1297,"date":"2020-07-06T18:28:25","date_gmt":"2020-07-06T15:28:25","guid":{"rendered":"https:\/\/ruususeura.fi\/botaniska-tradgardar\/"},"modified":"2020-12-09T22:50:58","modified_gmt":"2020-12-09T20:50:58","slug":"botaniska-tradgardar","status":"publish","type":"page","link":"https:\/\/ruususeura.fi\/sv\/botaniska-tradgardar\/","title":{"rendered":"Botaniska tr\u00e4dg\u00e5rdar"},"content":{"rendered":"\t\t<div data-elementor-type=\"wp-page\" data-elementor-id=\"1297\" class=\"elementor elementor-1297 elementor-1248\">\n\t\t\t\t\t\t<section class=\"elementor-section elementor-top-section elementor-element elementor-element-7f3877c8 elementor-section-boxed elementor-section-height-default elementor-section-height-default\" data-id=\"7f3877c8\" data-element_type=\"section\" data-e-type=\"section\">\n\t\t\t\t\t\t<div class=\"elementor-container elementor-column-gap-default\">\n\t\t\t\t\t<div class=\"aux-parallax-section elementor-column elementor-col-100 elementor-top-column elementor-element elementor-element-4ba2099b\" data-id=\"4ba2099b\" data-element_type=\"column\" data-e-type=\"column\">\n\t\t\t<div class=\"elementor-widget-wrap elementor-element-populated\">\n\t\t\t\t\t\t<div class=\"elementor-element elementor-element-99857ee elementor-widget elementor-widget-text-editor\" data-id=\"99857ee\" data-element_type=\"widget\" data-e-type=\"widget\" data-widget_type=\"text-editor.default\">\n\t\t\t\t<div class=\"elementor-widget-container\">\n\t\t\t\t\t\t\t\t\t<h1>Botaniska tr\u00e4dg\u00e5rdar<\/h1><h2>Finland<\/h2><p><a href=\"http:\/\/Helsingin yliopiston kasvitieteellinen puutarha\"><b>Helsingfors Universitets \u00a0botaniska tr\u00e4dg\u00e5rd<\/b><\/a><\/p><p><a href=\"http:\/\/www.oulu.fi\/botgarden\/\"><strong>Ule\u00e5borgs Universitets botaniska tr\u00e4dg\u00e5rd <\/strong><\/a><\/p><p><a href=\"http:\/\/www.botania.fi\/\"><strong>Botania Joensuu<\/strong><\/a> \u00a0<\/p><p><a href=\"https:\/\/www.jyu.fi\/erillis\/museo\/luonto\/puutarha\"><strong>Jyv\u00e4skyl\u00e4 universitets botaniska tr\u00e4dg\u00e5rd\u00a0<\/strong><\/a><\/p><p><a href=\"https:\/\/sites.utu.fi\/kasvitieteellinen-puutarha\/\"><strong>\u00c5bo universitets botaniska tr\u00e4dg\u00e5rd<\/strong><\/a><\/p><h5>\u00d6vriga intressanta tr\u00e4dg\u00e5rdar<\/h5><p><a href=\"https:\/\/www.jakobstad.fi\/boende-och-miljo\/tekniska-tjanster\/kommunaltekniska-avdelningen\/stadstradgarden\/uusi-sivu\"><strong>Skolparken i Jakobstad <\/strong><\/a> <a href=\"http:\/\/www.mustila.fi\/\"><strong>Arboretum Mustila<\/strong><\/a><\/p><p><a href=\"https:\/\/www.utu.fi\/fi\/yliopisto\/rauman-kampus\/rauman-seminaarin-puutarha\"><strong>Rauman Seminaarin Puutarha<\/strong><\/a><\/p><h2><span style=\"color: #ff0000;\">Sverige<\/span><\/h2><p><a href=\"http:\/\/www.bergianska.se\/\">Bergianska Tr\u00e4dg\u00e5rden, Stockholm<\/a><\/p><p><a href=\"http:\/\/www.visbybotan.se\/\">Botaniska Tr\u00e4dg\u00e5rden i Visby<\/a>\u00a0\u00a0<\/p><p><a href=\"http:\/\/www.fredriksdal.se\/\">Fredriksdals Friluftsmuseeum, Helsingborg<\/a><\/p><p><a href=\"http:\/\/www.gotbot.se\/\">G\u00f6teborgs botaniska tr\u00e4dg\u00e5rd<\/a><\/p><p><a href=\"http:\/\/www.kulturbotan.se\/\">Lapplands kulturbotaniska tr\u00e4dg\u00e5rd i Lycksele<\/a><\/p><p><a href=\"http:\/\/www.botaniskatradgarden.se\/\">Lunds botaniska tr\u00e4dg\u00e5rd\u00a0<\/a><\/p><p><a href=\"http:\/\/www.skansen.se\/\">Skansen, Stockholm<\/a><\/p><p><a href=\"https:\/\/www.botan.uu.se\/?gclid=EAIaIQobChMI4e-YirnU7AIVjrWyCh3xOgiMEAAYASAAEgL0fvD_BwE\">Uppsala botaniska tr\u00e4dg\u00e5rd<\/a><\/p><h2><span style=\"color: #ff0000;\">Europa<\/span><\/h2><p><a href=\"http:\/\/www.balticregion-botanicgardens.org\/\">Botanic Gardens in the Baltic Sea Region, engelskspr\u00e5kig<\/a><\/p><p><strong>K\u00f6penhamn;<\/strong>\u00a0<a href=\"https:\/\/botanik.snm.ku.dk\">Universitetets botaniska tr\u00e4dg\u00e5rd \u00a0<\/a><\/p><p><strong>Aarhus;<\/strong> \u00a0<a href=\"http:\/\/www.aarhus.dk\/borger\/natur-og-miljoe\/Park-og-skov\/Parker\/Botanisk-Have.aspx\">Botanisk Have<\/a><\/p><p><strong>Oslo<\/strong>;\u00a0<a href=\"https:\/\/tools.bgci.org\/garden.php?id=202?id=202\">Oslo Botanical Garden<\/a><\/p><p><strong>Bergen<\/strong>; <a href=\"https:\/\/www.uib.no\/en\/universitygardens\">Bergen University Botanical Garden<\/a><\/p><p><strong>Bergen<\/strong>; <a href=\"https:\/\/www.uib.no\/universitetshagene\/64660\/velkommen-til-bergen-botaniske\">Bergen Botaniske Have (Milde)<\/a><\/p><p><strong>Reykjavik<\/strong>;\u00a0<a href=\"https:\/\/www.nat.is\/reykjavik-botanical-gardens\/\">Reykjavik Botanical Garden<\/a><\/p><p><a href=\"http:\/\/www.botanic.cam.ac.uk\"><strong>Cambridge Botanic Garden<\/strong><\/a><\/p><p><a href=\"https:\/\/www.birminghambotanicalgardens.org.uk\"><strong>Birmingham Botanical Garden<\/strong><\/a><\/p><p><a href=\"http:\/\/www.kew.org\"><strong>London Royal Botanic Gardens Kew<\/strong><\/a><\/p><p><a href=\"http:\/\/www.rbge.org.uk\"><strong>Edinburgh<\/strong><\/a><\/p><p><strong>Berlin, <\/strong><a href=\"http:\/\/www.bgbm.org\/\"><strong>Botanischer Garten und Botanisches Museum Berlin-Dahlem (FU-Berlin)<\/strong><\/a><\/p><p><strong>Frankfurt <a href=\"https:\/\/www.frankfurt-tourismus.de\/en\/Media\/Attractions\/Parks\/Botanical-Garden-Frankfurt-Palmengarten\">Palmengarten der Stadt Frankfurt am Main<\/a><\/strong>\u00a0<\/p><p><strong>Hamburg <\/strong><a href=\"https:\/\/www.biologie.uni-hamburg.de\/loki-schmidt-garten.html\"><strong>Loki Schmidt Garten \u2013 Botanischer Garten der Universit\u00e4t Hamburg<\/strong><\/a><\/p><p><strong>Kiel <\/strong><a href=\"http:\/\/www.uni-kiel.de\/nickol\/botgar.html\"><strong>Botanischer Garten der Universit\u00e4t Kiel<\/strong><\/a><\/p><p><strong>Mainau <\/strong><a href=\"http:\/\/www.mainau.de\/\"><strong>Insel Mainau<\/strong><\/a><\/p><p><strong>M\u00fcnchen <\/strong><a href=\"http:\/\/www.botmuc.de\/\"><strong>Botanischer Garten M\u00fcnchen-Nymphenburg<\/strong><\/a><\/p><p><strong>Wien <\/strong><a href=\"http:\/\/www.botanik.univie.ac.at\/hbv\/index.php?nav=1\"><strong>Botanischer Garten der Universit\u00e4t Wien<\/strong><\/a><\/p><p><strong>Z\u00fcrich <\/strong><a href=\"http:\/\/www.bg.uzh.ch\/index.html\"><strong>Botanischer Garten der Universit\u00e4t Z\u00fcrich<\/strong><\/a><\/p><p><strong>Tallinn<\/strong> <a href=\"http:\/\/www.botaanikaaed.ee\/\"><strong>Tallinn Botanic Garden<\/strong><\/a><\/p><p><strong>Tartu<\/strong>: <a href=\"https:\/\/www.botaanikaaed.ut.ee\/en\"><strong>Botanical Garden of the University of Tartu<\/strong><\/a><\/p><p><strong>Riga<\/strong> <a href=\"https:\/\/www.liveriga.com\/en\/1578-the-botanical-garden-of-the-university-of-latvia\/\"><strong>Botanical Garden of Latvian University<\/strong><\/a><\/p><p><strong>Salaspils <\/strong><a href=\"http:\/\/www.nbd.gov.lv\/\"><strong>National Botanic Garden of Latvia<\/strong><\/a><\/p><p><strong>Vilnius<\/strong> <a href=\"http:\/\/www.botanikos-sodas.vu.lt\/\"><strong>Botanical Garden of Vilnus University<\/strong><\/a><\/p>\t\t\t\t\t\t\t\t<\/div>\n\t\t\t\t<\/div>\n\t\t\t\t\t<\/div>\n\t\t<\/div>\n\t\t\t\t\t<\/div>\n\t\t<\/section>\n\t\t\t\t<\/div>\n\t\t","protected":false},"excerpt":{"rendered":"<p>Botaniska tr\u00e4dg\u00e5rdar Finland Helsingfors Universitets \u00a0botaniska tr\u00e4dg\u00e5rd Ule\u00e5borgs Universitets botaniska tr\u00e4dg\u00e5rd Botania Joensuu \u00a0 Jyv\u00e4skyl\u00e4 universitets botaniska tr\u00e4dg\u00e5rd\u00a0 \u00c5bo universitets botaniska tr\u00e4dg\u00e5rd \u00d6vriga intressanta tr\u00e4dg\u00e5rdar Skolparken i Jakobstad Arboretum Mustila Rauman Seminaarin Puutarha Sverige Bergianska Tr\u00e4dg\u00e5rden, Stockholm Botaniska Tr\u00e4dg\u00e5rden i Visby\u00a0\u00a0 Fredriksdals Friluftsmuseeum, Helsingborg G\u00f6teborgs botaniska tr\u00e4dg\u00e5rd Lapplands kulturbotaniska tr\u00e4dg\u00e5rd i Lycksele Lunds botaniska tr\u00e4dg\u00e5rd\u00a0 [&hellip;]<\/p>\n","protected":false},"author":2,"featured_media":0,"parent":0,"menu_order":0,"comment_status":"closed","ping_status":"closed","template":"","meta":{"footnotes":""},"class_list":["post-1297","page","type-page","status-publish","hentry"],"_links":{"self":[{"href":"https:\/\/ruususeura.fi\/sv\/wp-json\/wp\/v2\/pages\/1297","targetHints":{"allow":["GET"]}}],"collection":[{"href":"https:\/\/ruususeura.fi\/sv\/wp-json\/wp\/v2\/pages"}],"about":[{"href":"https:\/\/ruususeura.fi\/sv\/wp-json\/wp\/v2\/types\/page"}],"author":[{"embeddable":true,"href":"https:\/\/ruususeura.fi\/sv\/wp-json\/wp\/v2\/users\/2"}],"replies":[{"embeddable":true,"href":"https:\/\/ruususeura.fi\/sv\/wp-json\/wp\/v2\/comments?post=1297"}],"version-history":[{"count":5,"href":"https:\/\/ruususeura.fi\/sv\/wp-json\/wp\/v2\/pages\/1297\/revisions"}],"predecessor-version":[{"id":2700,"href":"https:\/\/ruususeura.fi\/sv\/wp-json\/wp\/v2\/pages\/1297\/revisions\/2700"}],"wp:attachment":[{"href":"https:\/\/ruususeura.fi\/sv\/wp-json\/wp\/v2\/media?parent=1297"}],"curies":[{"name":"wp","href":"https:\/\/api.w.org\/{rel}","templated":true}]}}