{"id":1336,"date":"2020-07-06T20:29:15","date_gmt":"2020-07-06T17:29:15","guid":{"rendered":"https:\/\/ruususeura.fi\/moten\/"},"modified":"2025-02-10T18:18:49","modified_gmt":"2025-02-10T16:18:49","slug":"moten","status":"publish","type":"page","link":"https:\/\/ruususeura.fi\/sv\/moten\/","title":{"rendered":"M\u00f6ten"},"content":{"rendered":"\t\t<div data-elementor-type=\"wp-page\" data-elementor-id=\"1336\" class=\"elementor elementor-1336 elementor-1315\">\n\t\t\t\t\t\t<section class=\"elementor-section elementor-top-section elementor-element elementor-element-9f59a2c elementor-section-boxed elementor-section-height-default elementor-section-height-default\" data-id=\"9f59a2c\" data-element_type=\"section\" data-e-type=\"section\">\n\t\t\t\t\t\t<div class=\"elementor-container elementor-column-gap-default\">\n\t\t\t\t\t<div class=\"aux-parallax-section elementor-column elementor-col-66 elementor-top-column elementor-element elementor-element-c1cba6c\" data-id=\"c1cba6c\" data-element_type=\"column\" data-e-type=\"column\">\n\t\t\t<div class=\"elementor-widget-wrap elementor-element-populated\">\n\t\t\t\t\t\t<div class=\"elementor-element elementor-element-d2047c7 elementor-widget elementor-widget-text-editor\" data-id=\"d2047c7\" data-element_type=\"widget\" data-e-type=\"widget\" data-widget_type=\"text-editor.default\">\n\t\t\t\t<div class=\"elementor-widget-container\">\n\t\t\t\t\t\t\t\t\t<h2><strong>Suomen Ruususeura ry \u2013 Finska Rosens\u00e4llskapet rf<\/strong><\/h2>\n<p><b>Kallelse till \u00e5rsm\u00f6te 2025<\/b><\/p>\n<p>Finska Rosens\u00e4llskapets \u00e5rsm\u00f6te h\u00e5lls l\u00f6rdagen den 22 mars 2025 kl. 12.00 p\u00e5 kulturcentret Laikku, Keskustori 4, Tammerfors. Kaffe\/te serveras f\u00f6re behandlingen av \u00e5rsm\u00f6tets \u00e4renden. Anm\u00e4lan om deltagande senast s\u00f6ndag 16.3.2025 per e-post till <a href=\"&#109;&#x61;i&#x6c;&#x74;&#111;&#x3a;s&#x69;&#x68;&#116;&#x65;e&#x72;&#x69;&#64;&#x72;u&#x75;&#x73;&#117;&#x73;e&#x75;&#x72;&#97;&#x2e;f&#x69;\">&#115;&#x69;&#x68;t&#101;&#x65;r&#105;&#x40;&#x72;&#117;&#x75;&#x73;u&#115;&#x65;u&#114;&#x61;&#x2e;&#102;&#x69;<\/a>. Meddela samtidigt om eventuella allergier. Om m\u00f6tet inte kan h\u00e5llas p\u00e5 plats p\u00e5 grund av m\u00f6tesrestriktioner ordnas det som virtuellt m\u00f6te. Vi informerar anm\u00e4lda deltagare och p\u00e5 Rosens\u00e4llskapets webbplats (www.ruususeura.fi), om m\u00f6tet h\u00e5lls p\u00e5 distans. En l\u00e4nk f\u00f6r deltagande s\u00e4nds till dem som anm\u00e4lt sig inom angiven tid.<span class=\"Apple-converted-space\">\u00a0<\/span><\/p>\n<p>P\u00e5 m\u00f6tet behandlas \u00e4renden som n\u00e4mns i stadgarna enligt 9 \u00a7.<\/p>\n<p>Enligt 5 \u00a7 i stadgarna har styrelsen f\u00f6rutom ordf\u00f6rande och viceordf\u00f6rande 4-7 \u00f6vriga medlemmar. I enlighet med det best\u00e4mmer \u00e5rsm\u00f6tet hur m\u00e5nga medlemmarna skall vara. Enligt stadgarna v\u00e4ljs 3-4 ers\u00e4ttare f\u00f6r styrelsen. Ers\u00e4ttarna \u00e4r inte personliga. Ers\u00e4ttare kallas till styrelsem\u00f6te n\u00e4r en ordinarie medlem \u00e4r f\u00f6rhindrad. \u00c5rsm\u00f6tet best\u00e4mmer turordningen f\u00f6r inkallande av ers\u00e4ttare.<\/p>\n<p>I tur att avg\u00e5 fr\u00e5n styrelsen \u00e4r:<\/p>\n<p>Medlemmarna; Margareta H\u00e4gg, Aulis R\u00e4s\u00e4nen, Pentti S\u00e4yn\u00e4v\u00e4j\u00e4rviErs\u00e4ttarna; Merja Kastu, M\u00e4rtha Vesterback<\/p>\n<p>I styrelsen forts\u00e4tter de f\u00f6r \u00e5ren 2024-2025 valda: ordf\u00f6rande; Michael Luther, viceordf\u00f6rande; Eija Temmes-Silvonen, medlemmarna; Jukka Kallij\u00e4rvi, Inger Kullberg, P\u00e4ivikki Vilppula, samt ers\u00e4ttarna; Jouko Juutinen, Pertti Laitila.<\/p>\n<p><b>\u00a0V\u00e4lkomna!<\/b><\/p>\n<p>Suomen Ruususeura ry \u2013 Finska Rosens\u00e4llskapet rf<\/p>\n<p>Hallitus \u2013 Styrelsen<\/p>\n\t\t\t\t\t\t\t\t<\/div>\n\t\t\t\t<\/div>\n\t\t\t\t\t<\/div>\n\t\t<\/div>\n\t\t\t\t<div class=\"aux-parallax-section elementor-column elementor-col-33 elementor-top-column elementor-element elementor-element-19d41d9\" data-id=\"19d41d9\" data-element_type=\"column\" data-e-type=\"column\">\n\t\t\t<div class=\"elementor-widget-wrap elementor-element-populated\">\n\t\t\t\t\t\t<div class=\"elementor-element elementor-element-1cc33d9 elementor-widget elementor-widget-image\" data-id=\"1cc33d9\" data-element_type=\"widget\" data-e-type=\"widget\" data-widget_type=\"image.default\">\n\t\t\t\t<div class=\"elementor-widget-container\">\n\t\t\t\t\t\t\t\t\t\t\t\t\t\t\t<img decoding=\"async\" src=\"https:\/\/ruususeura.fi\/wp-content\/uploads\/elementor\/thumbs\/DSC_7755-os6bv07tki09ge8ypteamxrxtnn6hohg0v8voa10mu.jpg\" title=\"DSC_7755\" alt=\"DSC_7755\" loading=\"lazy\" \/>\t\t\t\t\t\t\t\t\t\t\t\t\t\t\t<\/div>\n\t\t\t\t<\/div>\n\t\t\t\t\t<\/div>\n\t\t<\/div>\n\t\t\t\t\t<\/div>\n\t\t<\/section>\n\t\t\t\t<section class=\"elementor-section elementor-top-section elementor-element elementor-element-9868dac elementor-section-boxed elementor-section-height-default elementor-section-height-default\" data-id=\"9868dac\" data-element_type=\"section\" data-e-type=\"section\">\n\t\t\t\t\t\t<div class=\"elementor-container elementor-column-gap-default\">\n\t\t\t\t\t<div class=\"aux-parallax-section elementor-column elementor-col-66 elementor-top-column elementor-element elementor-element-101b6c5\" data-id=\"101b6c5\" data-element_type=\"column\" data-e-type=\"column\">\n\t\t\t<div class=\"elementor-widget-wrap elementor-element-populated\">\n\t\t\t\t\t\t<div class=\"elementor-element elementor-element-3a8cdbb elementor-widget elementor-widget-image\" data-id=\"3a8cdbb\" data-element_type=\"widget\" data-e-type=\"widget\" data-widget_type=\"image.default\">\n\t\t\t\t<div class=\"elementor-widget-container\">\n\t\t\t\t\t\t\t\t\t\t\t\t<figure class=\"wp-caption\">\n\t\t\t\t\t\t\t\t\t\t<img fetchpriority=\"high\" decoding=\"async\" width=\"1281\" height=\"1920\" src=\"https:\/\/ruususeura.fi\/wp-content\/uploads\/2020\/07\/DSC_5996.jpg\" class=\"attachment-full size-full wp-image-1330\" alt=\"\" srcset=\"https:\/\/ruususeura.fi\/wp-content\/uploads\/2020\/07\/DSC_5996.jpg 1281w, https:\/\/ruususeura.fi\/wp-content\/uploads\/2020\/07\/DSC_5996-1025x1536.jpg 1025w\" sizes=\"(max-width: 1281px) 100vw, 1281px\" \/>\t\t\t\t\t\t\t\t\t\t\t<figcaption class=\"widget-image-caption wp-caption-text\">'Wild Edric'<\/figcaption>\n\t\t\t\t\t\t\t\t\t\t<\/figure>\n\t\t\t\t\t\t\t\t\t<\/div>\n\t\t\t\t<\/div>\n\t\t\t\t\t<\/div>\n\t\t<\/div>\n\t\t\t\t<div class=\"aux-parallax-section elementor-column elementor-col-33 elementor-top-column elementor-element elementor-element-92d0d6c\" data-id=\"92d0d6c\" data-element_type=\"column\" data-e-type=\"column\">\n\t\t\t<div class=\"elementor-widget-wrap elementor-element-populated\">\n\t\t\t\t\t\t<div class=\"elementor-element elementor-element-c356039 elementor-widget elementor-widget-image\" data-id=\"c356039\" data-element_type=\"widget\" data-e-type=\"widget\" data-widget_type=\"image.default\">\n\t\t\t\t<div class=\"elementor-widget-container\">\n\t\t\t\t\t\t\t\t\t\t\t\t\t\t\t<img decoding=\"async\" src=\"https:\/\/ruususeura.fi\/wp-content\/uploads\/elementor\/thumbs\/DSC_2912-p7s1efovklo4xjefgxeq6j6gtqbc7ri8ckit8p34uw.jpg\" title=\"&#8217;Summer Song&#8217;\" alt=\"summer Song\" loading=\"lazy\" \/>\t\t\t\t\t\t\t\t\t\t\t\t\t\t\t<\/div>\n\t\t\t\t<\/div>\n\t\t\t\t<div class=\"elementor-element elementor-element-cf70752 elementor-widget elementor-widget-image\" data-id=\"cf70752\" data-element_type=\"widget\" data-e-type=\"widget\" data-widget_type=\"image.default\">\n\t\t\t\t<div class=\"elementor-widget-container\">\n\t\t\t\t\t\t\t\t\t\t\t\t\t\t\t<img decoding=\"async\" src=\"https:\/\/ruususeura.fi\/wp-content\/uploads\/elementor\/thumbs\/DSC_5858-p7s1mk0lmmv5azn9p3iyr107lplhvvto8p6xmy8gj4.jpg\" title=\"Midsommarrosen\" alt=\"Midsommarrosen\" loading=\"lazy\" \/>\t\t\t\t\t\t\t\t\t\t\t\t\t\t\t<\/div>\n\t\t\t\t<\/div>\n\t\t\t\t\t<\/div>\n\t\t<\/div>\n\t\t\t\t\t<\/div>\n\t\t<\/section>\n\t\t\t\t<\/div>\n\t\t","protected":false},"excerpt":{"rendered":"<p>Suomen Ruususeura ry \u2013 Finska Rosens\u00e4llskapet rf Kallelse till \u00e5rsm\u00f6te 2025 Finska Rosens\u00e4llskapets \u00e5rsm\u00f6te h\u00e5lls l\u00f6rdagen den 22 mars 2025 kl. 12.00 p\u00e5 kulturcentret Laikku, Keskustori 4, Tammerfors. Kaffe\/te serveras f\u00f6re behandlingen av \u00e5rsm\u00f6tets \u00e4renden. Anm\u00e4lan om deltagande senast s\u00f6ndag 16.3.2025 per e-post till &#x73;&#105;h&#x74;&#101;e&#x72;&#105;&#64;&#x72;&#117;u&#x73;&#117;s&#x65;&#x75;r&#x61;&#x2e;&#102;&#x69;. Meddela samtidigt om eventuella allergier. Om m\u00f6tet inte kan h\u00e5llas [&hellip;]<\/p>\n","protected":false},"author":2,"featured_media":0,"parent":0,"menu_order":0,"comment_status":"closed","ping_status":"closed","template":"","meta":{"footnotes":""},"class_list":["post-1336","page","type-page","status-publish","hentry"],"_links":{"self":[{"href":"https:\/\/ruususeura.fi\/sv\/wp-json\/wp\/v2\/pages\/1336","targetHints":{"allow":["GET"]}}],"collection":[{"href":"https:\/\/ruususeura.fi\/sv\/wp-json\/wp\/v2\/pages"}],"about":[{"href":"https:\/\/ruususeura.fi\/sv\/wp-json\/wp\/v2\/types\/page"}],"author":[{"embeddable":true,"href":"https:\/\/ruususeura.fi\/sv\/wp-json\/wp\/v2\/users\/2"}],"replies":[{"embeddable":true,"href":"https:\/\/ruususeura.fi\/sv\/wp-json\/wp\/v2\/comments?post=1336"}],"version-history":[{"count":5,"href":"https:\/\/ruususeura.fi\/sv\/wp-json\/wp\/v2\/pages\/1336\/revisions"}],"predecessor-version":[{"id":4608,"href":"https:\/\/ruususeura.fi\/sv\/wp-json\/wp\/v2\/pages\/1336\/revisions\/4608"}],"wp:attachment":[{"href":"https:\/\/ruususeura.fi\/sv\/wp-json\/wp\/v2\/media?parent=1336"}],"curies":[{"name":"wp","href":"https:\/\/api.w.org\/{rel}","templated":true}]}}