{"id":1344,"date":"2020-07-07T09:20:12","date_gmt":"2020-07-07T06:20:12","guid":{"rendered":"https:\/\/ruususeura.fi\/?page_id=1344"},"modified":"2025-02-10T19:01:21","modified_gmt":"2025-02-10T17:01:21","slug":"messut","status":"publish","type":"page","link":"https:\/\/ruususeura.fi\/sv\/messut\/","title":{"rendered":"M\u00e4ssor"},"content":{"rendered":"\t\t<div data-elementor-type=\"wp-page\" data-elementor-id=\"1344\" class=\"elementor elementor-1344\">\n\t\t\t\t\t\t<section class=\"elementor-section elementor-top-section elementor-element elementor-element-55180a5 elementor-section-boxed elementor-section-height-default elementor-section-height-default\" data-id=\"55180a5\" data-element_type=\"section\" data-e-type=\"section\">\n\t\t\t\t\t\t<div class=\"elementor-container elementor-column-gap-default\">\n\t\t\t\t\t<div class=\"aux-parallax-section elementor-column elementor-col-66 elementor-top-column elementor-element elementor-element-6d33450\" data-id=\"6d33450\" data-element_type=\"column\" data-e-type=\"column\">\n\t\t\t<div class=\"elementor-widget-wrap elementor-element-populated\">\n\t\t\t\t\t\t<div class=\"elementor-element elementor-element-8f7fa9d elementor-widget elementor-widget-text-editor\" data-id=\"8f7fa9d\" data-element_type=\"widget\" data-e-type=\"widget\" data-widget_type=\"text-editor.default\">\n\t\t\t\t<div class=\"elementor-widget-container\">\n\t\t\t\t\t\t\t\t\t<h1><strong>M\u00e4ssor<\/strong><\/h1><p>Vanligen arrangeras flera m\u00e4ssor \u00e5rligen b\u00e5de i Finland och i flera n\u00e4rliggande l\u00e4nder d\u00e4r tr\u00e4dg\u00e5rd och v\u00e4xter \u00e4r huvudtema eller en viktig del av m\u00e4ssarrangemangen. Ocks\u00e5 rosorna har p\u00e5 vissa av dem en betydande roll. P\u00e5 en del av dessa m\u00e4ssor deltar Rosens\u00e4llskapets medlemmar f\u00f6r att sprida information om rosornas fantastiska v\u00e4rld.\u00a0<\/p><h3><b> <\/b><a href=\"https:\/\/www.myhelsinki.fi\/sv\/se-och-g\u00f6ra\/evenemang\/v\u00e5rm\u00e4ssa-2021\">V\u00e5rm\u00e4ssan<\/a><\/h3><h3><b>Helsingfors, M\u00e4sscentrum 27-30.3.2025<\/b><\/h3><h5><strong>I \u00e5r deltar Rosens\u00e4llskapet p\u00e5 V\u00e5rm\u00e4ssan i Helsingfors torsdag-s\u00f6ndag \u00a027-30.3.2025.<\/strong><\/h5><p>Rosens\u00e4llskapet deltar p\u00e5 Puutarhaliittos avdelning varje dag under m\u00e4ssa. Vi ber\u00e4ttar om Rosens\u00e4llskapet, delar ut informationsmaterial om rosor hur man odlar rosor.\u00a0<\/p><p>P\u00e5 Puutarhalava (Tr\u00e4dg\u00e5rdsestraden) h\u00e5ller Rosens\u00e4llskapets ordf\u00f6rande Michael Luther f\u00f6redrag om hur man lyckas med rosor torsdag kl. 15.00-15.30, fredag kl. 14.30-15.00 och s\u00f6ndag kl 12.30-13.00<\/p><h5><strong>Kom och bes\u00f6k oss och diskutera de fascinerande rosorna och lyssna p\u00e5 ett intressant f\u00f6redrag.\u00a0<\/strong><\/h5><h3><strong><a href=\"https:\/\/www.allamassor.se\/event\/nolia-tradgard\/\">Nolia Tr\u00e4dg\u00e5rd<\/a> \u00a0<\/strong><\/h3><h3><strong>Ume\u00e5 25.-27.4.2025<\/strong><\/h3><p>Nolia Tr\u00e4dg\u00e5rd \u00e4r en norrl\u00e4ndsk m\u00f6tesplats f\u00f6r alla som gillar tr\u00e4dg\u00e5rd. En m\u00e4ssa fylld av inspiration, id\u00e9er, kunskap, r\u00e5dgivning, nyheter och tr\u00e4dg\u00e5rdspersonligheter.<\/p><h3><strong><span class=\"Apple-converted-space\">\u00a0<\/span><a href=\"https:\/\/www.nordiskatradgardar.se\/summary-in-english\">Nordiska Tr\u00e4dg\u00e5rdar<\/a><\/strong><b> <\/b><\/h3><h3><b>Stockholmsm\u00e4ssan<\/b>, <strong>Sverige, 27-30.3.2025<\/strong><\/h3><p>Tr\u00e4dg\u00e5rdsm\u00e4ssan, Nordiska Tr\u00e4dg\u00e5rdar, \u00e4r den st\u00f6rsta och popul\u00e4raste tr\u00e4dg\u00e5rdsm\u00e4ssan i Norden.\u00a0<\/p><p>I Sverige ordnas ett flertal <a href=\"https:\/\/www.allamassor.se\/tradgardsmassor\/\">andra tr\u00e4dg\u00e5rdsm\u00e4ssor<\/a> som du kan bes\u00f6ka.<\/p><h3><strong><a href=\"https:\/\/mitickets.com\/special-events-detail?details=Royal+Horticultural+Society+Chelsea+Flower+Show\">Chelsea Flower Show<\/a>\u00a0<\/strong><\/h3><h3><strong> London. 20.-24.5.2025<\/strong><\/h3><p>\u00e4r en av de st\u00f6rsta tr\u00e4dg\u00e5rdsutst\u00e4llningarna i v\u00e4rlden. D\u00e4r presenteras ofta rosnyheter och flera stora rosf\u00f6r\u00e4dlare, bl.a Austin deltar med egna avdelningar.<\/p>\t\t\t\t\t\t\t\t<\/div>\n\t\t\t\t<\/div>\n\t\t\t\t\t<\/div>\n\t\t<\/div>\n\t\t\t\t<div class=\"aux-parallax-section elementor-column elementor-col-33 elementor-top-column elementor-element elementor-element-4a04117\" data-id=\"4a04117\" data-element_type=\"column\" data-e-type=\"column\">\n\t\t\t<div class=\"elementor-widget-wrap elementor-element-populated\">\n\t\t\t\t\t\t<div class=\"elementor-element elementor-element-2fdcf54 elementor-widget elementor-widget-image\" data-id=\"2fdcf54\" data-element_type=\"widget\" data-e-type=\"widget\" data-widget_type=\"image.default\">\n\t\t\t\t<div class=\"elementor-widget-container\">\n\t\t\t\t\t\t\t\t\t\t\t\t\t\t\t<img fetchpriority=\"high\" decoding=\"async\" width=\"1024\" height=\"1024\" src=\"https:\/\/ruususeura.fi\/wp-content\/uploads\/2020\/07\/DSC_0517-1024x1024.jpg\" class=\"attachment-large size-large wp-image-1363\" alt=\"\" srcset=\"https:\/\/ruususeura.fi\/wp-content\/uploads\/2020\/07\/DSC_0517-1024x1024.jpg 1024w, https:\/\/ruususeura.fi\/wp-content\/uploads\/2020\/07\/DSC_0517-300x300.jpg 300w, https:\/\/ruususeura.fi\/wp-content\/uploads\/2020\/07\/DSC_0517-150x150.jpg 150w, https:\/\/ruususeura.fi\/wp-content\/uploads\/2020\/07\/DSC_0517-768x768.jpg 768w\" sizes=\"(max-width: 1024px) 100vw, 1024px\" \/>\t\t\t\t\t\t\t\t\t\t\t\t\t\t\t<\/div>\n\t\t\t\t<\/div>\n\t\t\t\t<div class=\"elementor-element elementor-element-7e7e1f1 elementor-widget elementor-widget-image\" data-id=\"7e7e1f1\" data-element_type=\"widget\" data-e-type=\"widget\" data-widget_type=\"image.default\">\n\t\t\t\t<div class=\"elementor-widget-container\">\n\t\t\t\t\t\t\t\t\t\t\t\t\t\t\t<img decoding=\"async\" width=\"768\" height=\"768\" src=\"https:\/\/ruususeura.fi\/wp-content\/uploads\/2020\/07\/DSC_0184-768x768.jpg\" class=\"attachment-medium_large size-medium_large wp-image-1353\" alt=\"\" srcset=\"https:\/\/ruususeura.fi\/wp-content\/uploads\/2020\/07\/DSC_0184-768x768.jpg 768w, https:\/\/ruususeura.fi\/wp-content\/uploads\/2020\/07\/DSC_0184-300x300.jpg 300w, https:\/\/ruususeura.fi\/wp-content\/uploads\/2020\/07\/DSC_0184-1024x1024.jpg 1024w, https:\/\/ruususeura.fi\/wp-content\/uploads\/2020\/07\/DSC_0184-150x150.jpg 150w\" sizes=\"(max-width: 768px) 100vw, 768px\" \/>\t\t\t\t\t\t\t\t\t\t\t\t\t\t\t<\/div>\n\t\t\t\t<\/div>\n\t\t\t\t<div class=\"elementor-element elementor-element-9490e22 elementor-widget elementor-widget-image\" data-id=\"9490e22\" data-element_type=\"widget\" data-e-type=\"widget\" data-widget_type=\"image.default\">\n\t\t\t\t<div class=\"elementor-widget-container\">\n\t\t\t\t\t\t\t\t\t\t\t\t<figure class=\"wp-caption\">\n\t\t\t\t\t\t\t\t\t\t<img decoding=\"async\" src=\"https:\/\/ruususeura.fi\/wp-content\/uploads\/elementor\/thumbs\/DSC_0360-os3t9t663dusz01drm9j9z4j74hfgv3tgvm1bg0fsw.jpg\" title=\"DSC_0360\" alt=\"DSC_0360\" loading=\"lazy\" \/>\t\t\t\t\t\t\t\t\t\t\t<figcaption class=\"widget-image-caption wp-caption-text\">Chelsea Flower Show<\/figcaption>\n\t\t\t\t\t\t\t\t\t\t<\/figure>\n\t\t\t\t\t\t\t\t\t<\/div>\n\t\t\t\t<\/div>\n\t\t\t\t\t<\/div>\n\t\t<\/div>\n\t\t\t\t\t<\/div>\n\t\t<\/section>\n\t\t\t\t<section class=\"elementor-section elementor-top-section elementor-element elementor-element-5bd7899 elementor-section-boxed elementor-section-height-default elementor-section-height-default\" data-id=\"5bd7899\" data-element_type=\"section\" data-e-type=\"section\">\n\t\t\t\t\t\t<div class=\"elementor-container elementor-column-gap-default\">\n\t\t\t\t\t<div class=\"aux-parallax-section elementor-column elementor-col-66 elementor-top-column elementor-element elementor-element-2b293fe\" data-id=\"2b293fe\" data-element_type=\"column\" data-e-type=\"column\">\n\t\t\t<div class=\"elementor-widget-wrap\">\n\t\t\t\t\t\t\t<\/div>\n\t\t<\/div>\n\t\t\t\t<div class=\"aux-parallax-section elementor-column elementor-col-33 elementor-top-column elementor-element elementor-element-8812a4e\" data-id=\"8812a4e\" data-element_type=\"column\" data-e-type=\"column\">\n\t\t\t<div class=\"elementor-widget-wrap\">\n\t\t\t\t\t\t\t<\/div>\n\t\t<\/div>\n\t\t\t\t\t<\/div>\n\t\t<\/section>\n\t\t\t\t<section class=\"elementor-section elementor-top-section elementor-element elementor-element-50910761 elementor-section-boxed elementor-section-height-default elementor-section-height-default\" data-id=\"50910761\" data-element_type=\"section\" data-e-type=\"section\">\n\t\t\t\t\t\t<div class=\"elementor-container elementor-column-gap-default\">\n\t\t\t\t\t<div class=\"aux-parallax-section elementor-column elementor-col-100 elementor-top-column elementor-element elementor-element-5006546a\" data-id=\"5006546a\" data-element_type=\"column\" data-e-type=\"column\">\n\t\t\t<div class=\"elementor-widget-wrap elementor-element-populated\">\n\t\t\t\t\t\t<div class=\"elementor-element elementor-element-20dc861f elementor-widget elementor-widget-text-editor\" data-id=\"20dc861f\" data-element_type=\"widget\" data-e-type=\"widget\" data-widget_type=\"text-editor.default\">\n\t\t\t\t<div class=\"elementor-widget-container\">\n\t\t\t\t\t\t\t\t\t\n<div class=\"wp-block-columns\">\n<div class=\"wp-block-column\" style=\"flex-basis: 66.66%;\">\n<p>\u00a0<\/p>\n<\/div>\n\n<div class=\"wp-block-column\" style=\"flex-basis: 33.33%;\">\u00a0<\/div>\n<\/div>\n\t\t\t\t\t\t\t\t<\/div>\n\t\t\t\t<\/div>\n\t\t\t\t\t<\/div>\n\t\t<\/div>\n\t\t\t\t\t<\/div>\n\t\t<\/section>\n\t\t\t\t<\/div>\n\t\t","protected":false},"excerpt":{"rendered":"<p>M\u00e4ssor Vanligen arrangeras flera m\u00e4ssor \u00e5rligen b\u00e5de i Finland och i flera n\u00e4rliggande l\u00e4nder d\u00e4r tr\u00e4dg\u00e5rd och v\u00e4xter \u00e4r huvudtema eller en viktig del av m\u00e4ssarrangemangen. Ocks\u00e5 rosorna har p\u00e5 vissa av dem en betydande roll. P\u00e5 en del av dessa m\u00e4ssor deltar Rosens\u00e4llskapets medlemmar f\u00f6r att sprida information om rosornas fantastiska v\u00e4rld.\u00a0 V\u00e5rm\u00e4ssan Helsingfors, [&hellip;]<\/p>\n","protected":false},"author":2,"featured_media":0,"parent":0,"menu_order":0,"comment_status":"closed","ping_status":"closed","template":"","meta":{"footnotes":""},"class_list":["post-1344","page","type-page","status-publish","hentry"],"_links":{"self":[{"href":"https:\/\/ruususeura.fi\/sv\/wp-json\/wp\/v2\/pages\/1344","targetHints":{"allow":["GET"]}}],"collection":[{"href":"https:\/\/ruususeura.fi\/sv\/wp-json\/wp\/v2\/pages"}],"about":[{"href":"https:\/\/ruususeura.fi\/sv\/wp-json\/wp\/v2\/types\/page"}],"author":[{"embeddable":true,"href":"https:\/\/ruususeura.fi\/sv\/wp-json\/wp\/v2\/users\/2"}],"replies":[{"embeddable":true,"href":"https:\/\/ruususeura.fi\/sv\/wp-json\/wp\/v2\/comments?post=1344"}],"version-history":[{"count":5,"href":"https:\/\/ruususeura.fi\/sv\/wp-json\/wp\/v2\/pages\/1344\/revisions"}],"predecessor-version":[{"id":4622,"href":"https:\/\/ruususeura.fi\/sv\/wp-json\/wp\/v2\/pages\/1344\/revisions\/4622"}],"wp:attachment":[{"href":"https:\/\/ruususeura.fi\/sv\/wp-json\/wp\/v2\/media?parent=1344"}],"curies":[{"name":"wp","href":"https:\/\/api.w.org\/{rel}","templated":true}]}}