{"id":1621,"date":"2020-08-03T18:20:31","date_gmt":"2020-08-03T15:20:31","guid":{"rendered":"https:\/\/ruususeura.fi\/fragor-och-svar\/"},"modified":"2020-10-21T17:26:33","modified_gmt":"2020-10-21T14:26:33","slug":"fragor-och-svar","status":"publish","type":"page","link":"https:\/\/ruususeura.fi\/sv\/fragor-och-svar\/","title":{"rendered":"Fr\u00e5gor och svar"},"content":{"rendered":"\t\t<div data-elementor-type=\"wp-page\" data-elementor-id=\"1621\" class=\"elementor elementor-1621 elementor-1616\">\n\t\t\t\t\t\t<section class=\"elementor-section elementor-top-section elementor-element elementor-element-2b6d14c6 elementor-section-boxed elementor-section-height-default elementor-section-height-default\" data-id=\"2b6d14c6\" data-element_type=\"section\" data-e-type=\"section\">\n\t\t\t\t\t\t<div class=\"elementor-container elementor-column-gap-default\">\n\t\t\t\t\t<div class=\"aux-parallax-section elementor-column elementor-col-100 elementor-top-column elementor-element elementor-element-50b8ab4c\" data-id=\"50b8ab4c\" data-element_type=\"column\" data-e-type=\"column\">\n\t\t\t<div class=\"elementor-widget-wrap elementor-element-populated\">\n\t\t\t\t\t\t\t<\/div>\n\t\t<\/div>\n\t\t\t\t\t<\/div>\n\t\t<\/section>\n\t\t\t\t<section class=\"elementor-section elementor-top-section elementor-element elementor-element-14d6986 elementor-section-boxed elementor-section-height-default elementor-section-height-default\" data-id=\"14d6986\" data-element_type=\"section\" data-e-type=\"section\">\n\t\t\t\t\t\t<div class=\"elementor-container elementor-column-gap-default\">\n\t\t\t\t\t<div class=\"aux-parallax-section elementor-column elementor-col-50 elementor-top-column elementor-element elementor-element-54f44db\" data-id=\"54f44db\" data-element_type=\"column\" data-e-type=\"column\">\n\t\t\t<div class=\"elementor-widget-wrap elementor-element-populated\">\n\t\t\t\t\t\t<div class=\"elementor-element elementor-element-665ec55 elementor-widget elementor-widget-text-editor\" data-id=\"665ec55\" data-element_type=\"widget\" data-e-type=\"widget\" data-widget_type=\"text-editor.default\">\n\t\t\t\t<div class=\"elementor-widget-container\">\n\t\t\t\t\t\t\t\t\t<h2>Fr\u00e5gor och svar.<\/h2>\n<p>H\u00e4r svarar vi p\u00e5 fr\u00e5gor om rosor. Om du har fr\u00e5gor som ber\u00f6r sk\u00f6tsel av rosor, plantering, vinterskydd, rosornas sjukdomar och skadedjur eller rosornas historia, namn, f\u00f6r\u00e4dling eller n\u00e5got annat intressant s\u00e5 \u00e4r du v\u00e4lkommen att skicka fr\u00e5gorna till oss. Vi f\u00f6rs\u00f6ker efter b\u00e4sta f\u00f6rm\u00e5ga hitta goda svar. Vid behov v\u00e4nder vi oss till utomst\u00e5ende experter om det inte finns tillr\u00e4cklig kunskap bland rosens\u00e4llskapets medlemmar. Skicka din fr\u00e5ga till oss via nedanst\u00e5ende mailadress.<\/p>\n\t\t\t\t\t\t\t\t<\/div>\n\t\t\t\t<\/div>\n\t\t\t\t\t<\/div>\n\t\t<\/div>\n\t\t\t\t<div class=\"aux-parallax-section elementor-column elementor-col-50 elementor-top-column elementor-element elementor-element-7e743cf\" data-id=\"7e743cf\" data-element_type=\"column\" data-e-type=\"column\">\n\t\t\t<div class=\"elementor-widget-wrap elementor-element-populated\">\n\t\t\t\t\t\t<div class=\"elementor-element elementor-element-2281879 elementor-widget elementor-widget-image\" data-id=\"2281879\" data-element_type=\"widget\" data-e-type=\"widget\" data-widget_type=\"image.default\">\n\t\t\t\t<div class=\"elementor-widget-container\">\n\t\t\t\t\t\t\t\t\t\t\t\t<figure class=\"wp-caption\">\n\t\t\t\t\t\t\t\t\t\t<img fetchpriority=\"high\" decoding=\"async\" width=\"1024\" height=\"1024\" src=\"https:\/\/ruususeura.fi\/wp-content\/uploads\/2020\/07\/DSC_5388-1024x1024.jpg\" class=\"attachment-large size-large wp-image-1410\" alt=\"\" srcset=\"https:\/\/ruususeura.fi\/wp-content\/uploads\/2020\/07\/DSC_5388-1024x1024.jpg 1024w, https:\/\/ruususeura.fi\/wp-content\/uploads\/2020\/07\/DSC_5388-300x300.jpg 300w, https:\/\/ruususeura.fi\/wp-content\/uploads\/2020\/07\/DSC_5388-150x150.jpg 150w, https:\/\/ruususeura.fi\/wp-content\/uploads\/2020\/07\/DSC_5388-768x768.jpg 768w\" sizes=\"(max-width: 1024px) 100vw, 1024px\" \/>\t\t\t\t\t\t\t\t\t\t\t<figcaption class=\"widget-image-caption wp-caption-text\">Barkfl\u00e4cksjuka<\/figcaption>\n\t\t\t\t\t\t\t\t\t\t<\/figure>\n\t\t\t\t\t\t\t\t\t<\/div>\n\t\t\t\t<\/div>\n\t\t\t\t\t<\/div>\n\t\t<\/div>\n\t\t\t\t\t<\/div>\n\t\t<\/section>\n\t\t\t\t<\/div>\n\t\t","protected":false},"excerpt":{"rendered":"<p>Fr\u00e5gor och svar. H\u00e4r svarar vi p\u00e5 fr\u00e5gor om rosor. Om du har fr\u00e5gor som ber\u00f6r sk\u00f6tsel av rosor, plantering, vinterskydd, rosornas sjukdomar och skadedjur eller rosornas historia, namn, f\u00f6r\u00e4dling eller n\u00e5got annat intressant s\u00e5 \u00e4r du v\u00e4lkommen att skicka fr\u00e5gorna till oss. Vi f\u00f6rs\u00f6ker efter b\u00e4sta f\u00f6rm\u00e5ga hitta goda svar. Vid behov v\u00e4nder vi [&hellip;]<\/p>\n","protected":false},"author":2,"featured_media":0,"parent":0,"menu_order":0,"comment_status":"closed","ping_status":"closed","template":"","meta":{"footnotes":""},"class_list":["post-1621","page","type-page","status-publish","hentry"],"_links":{"self":[{"href":"https:\/\/ruususeura.fi\/sv\/wp-json\/wp\/v2\/pages\/1621","targetHints":{"allow":["GET"]}}],"collection":[{"href":"https:\/\/ruususeura.fi\/sv\/wp-json\/wp\/v2\/pages"}],"about":[{"href":"https:\/\/ruususeura.fi\/sv\/wp-json\/wp\/v2\/types\/page"}],"author":[{"embeddable":true,"href":"https:\/\/ruususeura.fi\/sv\/wp-json\/wp\/v2\/users\/2"}],"replies":[{"embeddable":true,"href":"https:\/\/ruususeura.fi\/sv\/wp-json\/wp\/v2\/comments?post=1621"}],"version-history":[{"count":4,"href":"https:\/\/ruususeura.fi\/sv\/wp-json\/wp\/v2\/pages\/1621\/revisions"}],"predecessor-version":[{"id":2346,"href":"https:\/\/ruususeura.fi\/sv\/wp-json\/wp\/v2\/pages\/1621\/revisions\/2346"}],"wp:attachment":[{"href":"https:\/\/ruususeura.fi\/sv\/wp-json\/wp\/v2\/media?parent=1621"}],"curies":[{"name":"wp","href":"https:\/\/api.w.org\/{rel}","templated":true}]}}