{"id":1761,"date":"2020-08-12T09:58:35","date_gmt":"2020-08-12T06:58:35","guid":{"rendered":"https:\/\/ruususeura.fi\/arskalender\/"},"modified":"2020-10-08T16:26:29","modified_gmt":"2020-10-08T13:26:29","slug":"arskalender","status":"publish","type":"page","link":"https:\/\/ruususeura.fi\/sv\/arskalender\/","title":{"rendered":"\u00c5rskalender"},"content":{"rendered":"\t\t<div data-elementor-type=\"wp-page\" data-elementor-id=\"1761\" class=\"elementor elementor-1761 elementor-1757\">\n\t\t\t\t\t\t<section class=\"elementor-section elementor-top-section elementor-element elementor-element-279fa9ee elementor-section-boxed elementor-section-height-default elementor-section-height-default\" data-id=\"279fa9ee\" data-element_type=\"section\" data-e-type=\"section\">\n\t\t\t\t\t\t<div class=\"elementor-container elementor-column-gap-default\">\n\t\t\t\t\t<div class=\"aux-parallax-section elementor-column elementor-col-100 elementor-top-column elementor-element elementor-element-2bea222a\" data-id=\"2bea222a\" data-element_type=\"column\" data-e-type=\"column\">\n\t\t\t<div class=\"elementor-widget-wrap elementor-element-populated\">\n\t\t\t\t\t\t<div class=\"elementor-element elementor-element-79e8b12b elementor-widget elementor-widget-text-editor\" data-id=\"79e8b12b\" data-element_type=\"widget\" data-e-type=\"widget\" data-widget_type=\"text-editor.default\">\n\t\t\t\t<div class=\"elementor-widget-container\">\n\t\t\t\t\t\t\t\t\t<h2>\u00c5rskalender<\/h2>\n<p>P\u00e5 den h\u00e4r sidan publicerar vi aktuella inl\u00e4gg som ber\u00f6r sk\u00f6tsel av rosor<\/p>\n\t\t\t\t\t\t\t\t<\/div>\n\t\t\t\t<\/div>\n\t\t\t\t\t<\/div>\n\t\t<\/div>\n\t\t\t\t\t<\/div>\n\t\t<\/section>\n\t\t\t\t<section class=\"elementor-section elementor-top-section elementor-element elementor-element-ffa0bd9 elementor-section-boxed elementor-section-height-default elementor-section-height-default\" data-id=\"ffa0bd9\" data-element_type=\"section\" data-e-type=\"section\">\n\t\t\t\t\t\t<div class=\"elementor-container elementor-column-gap-default\">\n\t\t\t\t\t<div class=\"aux-parallax-section elementor-column elementor-col-100 elementor-top-column elementor-element elementor-element-c6d3223\" data-id=\"c6d3223\" data-element_type=\"column\" data-e-type=\"column\">\n\t\t\t<div class=\"elementor-widget-wrap elementor-element-populated\">\n\t\t\t\t\t\t<div class=\"elementor-element elementor-element-bc3148e elementor-widget elementor-widget-aux_recent_posts_land_style\" data-id=\"bc3148e\" data-element_type=\"widget\" data-e-type=\"widget\" data-widget_type=\"aux_recent_posts_land_style.default\">\n\t\t\t\t<div class=\"elementor-widget-container\">\n\t\t\t\t\t<section class=\"widget-container aux-widget-recent-posts-land aux-parent-au19f17f9e\"><div data-element-id=\"au19f17f9e\" class=\"aux-blog-land-style aux-ajax-view \"><div class=\"aux-block post-3757\">\n                        <article class=\"aux-column-post-entry land-post-style post-3757 post type-post status-publish format-standard hentry category-arskalender\">\n                                                        <div class=\"entry-media\"><div class=\"aux-media-frame aux-media-image aux-image-mask\"><a href=\"https:\/\/ruususeura.fi\/sv\/distansbesok-i-tradgardar\/\"><img loading=\"lazy\" decoding=\"async\" width=\"1024\" height=\"1024\" src=\"https:\/\/ruususeura.fi\/wp-content\/uploads\/2021\/06\/DSC_7316-1024x1024.jpeg\" alt=\"\" loading=\"lazy\" srcset=\"https:\/\/ruususeura.fi\/wp-content\/uploads\/2021\/06\/DSC_7316-1024x1024.jpeg 1024w, https:\/\/ruususeura.fi\/wp-content\/uploads\/2021\/06\/DSC_7316-300x300.jpeg 300w, https:\/\/ruususeura.fi\/wp-content\/uploads\/2021\/06\/DSC_7316-150x150.jpeg 150w, https:\/\/ruususeura.fi\/wp-content\/uploads\/2021\/06\/DSC_7316-768x768.jpeg 768w\" sizes=\"auto, (max-width: 1024px) 100vw, 1024px\" \/><\/a><\/div><\/div>\n                            \n                            <div class=\"entry-main\">\n                                                        \n                                <header class=\"entry-header\">\n                                \n                                    <h4 class=\"entry-title\">\n                                        <a href=\"https:\/\/ruususeura.fi\/sv\/distansbesok-i-tradgardar\/\">\n                                            Distansbes\u00f6k i tr\u00e4dg\u00e5rdar                                        <\/a>\n                                    <\/h4>\n                                                                    <div class=\"entry-format\">\n                                        <a href=\"https:\/\/ruususeura.fi\/sv\/distansbesok-i-tradgardar\/\">\n                                            <div class=\"post-format format-\"> <\/div>\n                                        <\/a>\n                                    <\/div>\n                                <\/header>\n                            \n                                                            <div class=\"entry-content\">\n                                                                            <p>Text: Maila Klemettinen\n\u00d6vers\u00e4ttning M\u00e4rtha Vesterback\nJag lyssnade senaste sommar p\u00e5 en ljudbok, \u201dTjechovs brev fr\u00e5n \u00e5ren 1899 \u2013 1904\u201d. Brevet till Olga Knippe ...<\/p><div class=\"clear\"><\/div>                                <\/div>\n                                                                                        <footer class=\"entry-meta aux-after-content\">\n                                                                        <div class=\"readmore\">\n                                        <a href=\"https:\/\/ruususeura.fi\/sv\/distansbesok-i-tradgardar\/\" class=\"aux-read-more\"><span class=\"aux-read-more-text\">L\u00e4s mera<\/span><\/a>\n                                    <\/div>\n                                                                    <\/footer>\n                            \n                            <\/div>\n\n                        <\/article>\n<\/div><div class=\"aux-block post-3083\">\n                        <article class=\"aux-column-post-entry land-post-style post-3083 post type-post status-publish format-standard hentry category-arskalender\">\n                                                        <div class=\"entry-media\"><div class=\"aux-media-frame aux-media-image aux-image-mask\"><a href=\"https:\/\/ruususeura.fi\/sv\/november-december-2020\/\"><img loading=\"lazy\" decoding=\"async\" width=\"1024\" height=\"1024\" src=\"https:\/\/ruususeura.fi\/wp-content\/uploads\/2020\/12\/fullsizeoutput_10b26-1024x1024.jpeg\" alt=\"\" loading=\"lazy\" srcset=\"https:\/\/ruususeura.fi\/wp-content\/uploads\/2020\/12\/fullsizeoutput_10b26-1024x1024.jpeg 1024w, https:\/\/ruususeura.fi\/wp-content\/uploads\/2020\/12\/fullsizeoutput_10b26-300x300.jpeg 300w, https:\/\/ruususeura.fi\/wp-content\/uploads\/2020\/12\/fullsizeoutput_10b26-150x150.jpeg 150w, https:\/\/ruususeura.fi\/wp-content\/uploads\/2020\/12\/fullsizeoutput_10b26-768x768.jpeg 768w\" sizes=\"auto, (max-width: 1024px) 100vw, 1024px\" \/><\/a><\/div><\/div>\n                            \n                            <div class=\"entry-main\">\n                                                        \n                                <header class=\"entry-header\">\n                                \n                                    <h4 class=\"entry-title\">\n                                        <a href=\"https:\/\/ruususeura.fi\/sv\/november-december-2020\/\">\n                                            November-December 2020                                        <\/a>\n                                    <\/h4>\n                                                                    <div class=\"entry-format\">\n                                        <a href=\"https:\/\/ruususeura.fi\/sv\/november-december-2020\/\">\n                                            <div class=\"post-format format-\"> <\/div>\n                                        <\/a>\n                                    <\/div>\n                                <\/header>\n                            \n                                                            <div class=\"entry-content\">\n                                                                            <p>Media ber\u00e4ttar att vi har den varmaste, eller \u00e5tminstone en av de varmaste h\u00f6starna som n\u00e5gonsin uppm\u00e4tts. Klimatf\u00f6r\u00e4ndringen g\u00f6r sig p\u00e5mind. I tr\u00e4dg\u00e5rden har v ...<\/p><div class=\"clear\"><\/div>                                <\/div>\n                                                                                        <footer class=\"entry-meta aux-after-content\">\n                                                                        <div class=\"readmore\">\n                                        <a href=\"https:\/\/ruususeura.fi\/sv\/november-december-2020\/\" class=\"aux-read-more\"><span class=\"aux-read-more-text\">L\u00e4s mera<\/span><\/a>\n                                    <\/div>\n                                                                    <\/footer>\n                            \n                            <\/div>\n\n                        <\/article>\n<\/div><div class=\"aux-block post-1286\">\n                        <article class=\"aux-column-post-entry land-post-style post-1286 post type-post status-publish format-standard hentry category-arskalender\">\n                                                        <div class=\"entry-media\"><div class=\"aux-media-frame aux-media-image aux-image-mask\"><a href=\"https:\/\/ruususeura.fi\/sv\/testnyhet-2\/\"><img loading=\"lazy\" decoding=\"async\" width=\"768\" height=\"721\" src=\"https:\/\/ruususeura.fi\/wp-content\/uploads\/2020\/03\/ruusu-768x721.jpg\" alt=\"\" loading=\"lazy\" \/><\/a><\/div><\/div>\n                            \n                            <div class=\"entry-main\">\n                                                        \n                                <header class=\"entry-header\">\n                                \n                                    <h4 class=\"entry-title\">\n                                        <a href=\"https:\/\/ruususeura.fi\/sv\/testnyhet-2\/\">\n                                            Juli 2020                                        <\/a>\n                                    <\/h4>\n                                                                    <div class=\"entry-format\">\n                                        <a href=\"https:\/\/ruususeura.fi\/sv\/testnyhet-2\/\">\n                                            <div class=\"post-format format-\"> <\/div>\n                                        <\/a>\n                                    <\/div>\n                                <\/header>\n                            \n                                                            <div class=\"entry-content\">\n                                                                            <p>\nJuli \u00e4r ros\u00e4lskarens h\u00f6jdpunkt p\u00e5 \u00e5ret. Nu blommar det som b\u00e4st. Nu visar det sig om allt har blivit gjort som det borde. Blev planteringen lyckad? Har rosorna ...<\/p><div class=\"clear\"><\/div>                                <\/div>\n                                                                                        <footer class=\"entry-meta aux-after-content\">\n                                                                        <div class=\"readmore\">\n                                        <a href=\"https:\/\/ruususeura.fi\/sv\/testnyhet-2\/\" class=\"aux-read-more\"><span class=\"aux-read-more-text\">L\u00e4s mera<\/span><\/a>\n                                    <\/div>\n                                                                    <\/footer>\n                            \n                            <\/div>\n\n                        <\/article>\n<\/div><\/div><\/section><!-- widget-container -->\t\t\t\t<\/div>\n\t\t\t\t<\/div>\n\t\t\t\t\t<\/div>\n\t\t<\/div>\n\t\t\t\t\t<\/div>\n\t\t<\/section>\n\t\t\t\t<\/div>\n\t\t","protected":false},"excerpt":{"rendered":"<p>\u00c5rskalender P\u00e5 den h\u00e4r sidan publicerar vi aktuella inl\u00e4gg som ber\u00f6r sk\u00f6tsel av rosor Juli 2020 Juli 2020 Juli \u00e4r ros\u00e4lskarens h\u00f6jdpunkt p\u00e5 \u00e5ret. Nu blommar det som b\u00e4st. Nu \u00a0visar det sig om allt har blivit gjort som det borde. Blev planteringen lyckad? &#8230; L\u00e4s mera<\/p>\n","protected":false},"author":2,"featured_media":0,"parent":0,"menu_order":0,"comment_status":"closed","ping_status":"closed","template":"","meta":{"footnotes":""},"class_list":["post-1761","page","type-page","status-publish","hentry"],"_links":{"self":[{"href":"https:\/\/ruususeura.fi\/sv\/wp-json\/wp\/v2\/pages\/1761","targetHints":{"allow":["GET"]}}],"collection":[{"href":"https:\/\/ruususeura.fi\/sv\/wp-json\/wp\/v2\/pages"}],"about":[{"href":"https:\/\/ruususeura.fi\/sv\/wp-json\/wp\/v2\/types\/page"}],"author":[{"embeddable":true,"href":"https:\/\/ruususeura.fi\/sv\/wp-json\/wp\/v2\/users\/2"}],"replies":[{"embeddable":true,"href":"https:\/\/ruususeura.fi\/sv\/wp-json\/wp\/v2\/comments?post=1761"}],"version-history":[{"count":5,"href":"https:\/\/ruususeura.fi\/sv\/wp-json\/wp\/v2\/pages\/1761\/revisions"}],"predecessor-version":[{"id":2181,"href":"https:\/\/ruususeura.fi\/sv\/wp-json\/wp\/v2\/pages\/1761\/revisions\/2181"}],"wp:attachment":[{"href":"https:\/\/ruususeura.fi\/sv\/wp-json\/wp\/v2\/media?parent=1761"}],"curies":[{"name":"wp","href":"https:\/\/api.w.org\/{rel}","templated":true}]}}