{"id":1811,"date":"2020-08-19T19:15:33","date_gmt":"2020-08-19T16:15:33","guid":{"rendered":"https:\/\/ruususeura.fi\/?page_id=1811"},"modified":"2025-08-17T12:57:43","modified_gmt":"2025-08-17T09:57:43","slug":"aktuellt","status":"publish","type":"page","link":"https:\/\/ruususeura.fi\/sv\/aktuellt\/","title":{"rendered":"Aktuellt"},"content":{"rendered":"\t\t<div data-elementor-type=\"wp-page\" data-elementor-id=\"1811\" class=\"elementor elementor-1811 elementor-1810\">\n\t\t\t\t\t\t<section class=\"elementor-section elementor-top-section elementor-element elementor-element-279fa9ee elementor-section-boxed elementor-section-height-default elementor-section-height-default\" data-id=\"279fa9ee\" data-element_type=\"section\" data-e-type=\"section\">\n\t\t\t\t\t\t<div class=\"elementor-container elementor-column-gap-default\">\n\t\t\t\t\t<div class=\"aux-parallax-section elementor-column elementor-col-100 elementor-top-column elementor-element elementor-element-2bea222a\" data-id=\"2bea222a\" data-element_type=\"column\" data-e-type=\"column\">\n\t\t\t<div class=\"elementor-widget-wrap elementor-element-populated\">\n\t\t\t\t\t\t<div class=\"elementor-element elementor-element-79e8b12b elementor-widget elementor-widget-text-editor\" data-id=\"79e8b12b\" data-element_type=\"widget\" data-e-type=\"widget\" data-widget_type=\"text-editor.default\">\n\t\t\t\t<div class=\"elementor-widget-container\">\n\t\t\t\t\t\t\t\t\t<h2>Aktuellt<\/h2>\t\t\t\t\t\t\t\t<\/div>\n\t\t\t\t<\/div>\n\t\t\t\t\t<\/div>\n\t\t<\/div>\n\t\t\t\t\t<\/div>\n\t\t<\/section>\n\t\t\t\t<section class=\"elementor-section elementor-top-section elementor-element elementor-element-584c844 elementor-section-boxed elementor-section-height-default elementor-section-height-default\" data-id=\"584c844\" data-element_type=\"section\" data-e-type=\"section\">\n\t\t\t\t\t\t<div class=\"elementor-container elementor-column-gap-default\">\n\t\t\t\t\t<div class=\"aux-parallax-section elementor-column elementor-col-100 elementor-top-column elementor-element elementor-element-26a90f3\" data-id=\"26a90f3\" data-element_type=\"column\" data-e-type=\"column\">\n\t\t\t<div class=\"elementor-widget-wrap elementor-element-populated\">\n\t\t\t\t\t\t<div class=\"elementor-element elementor-element-10e30b4 elementor-widget elementor-widget-aux_recent_posts_masonry\" data-id=\"10e30b4\" data-element_type=\"widget\" data-e-type=\"widget\" data-settings=\"{&quot;_animation&quot;:&quot;none&quot;,&quot;columns&quot;:&quot;4&quot;,&quot;columns_tablet&quot;:&quot;inherit&quot;,&quot;columns_mobile&quot;:&quot;1&quot;}\" data-widget_type=\"aux_recent_posts_masonry.default\">\n\t\t\t\t<div class=\"elementor-widget-container\">\n\t\t\t\t\t<section class=\"widget-container aux-widget-recent-posts-masonry aux-column-post-entry aux-parent-auc8e2dea2\"><div data-element-id=\"auc8e2dea2\" class=\"aux-masonry-layout  aux-de-col4 aux-tb-col4 aux-mb-col1 aux-ajax-view \"><div class=\"aux-col aux-post-masonry post-1861\">\n                        <article class=\"post column-entry post-1861 type-post status-publish format-standard has-post-thumbnail hentry category-aktuellt\">\n                                                        <div class=\"entry-media\"><div class=\"aux-media-frame aux-media-image aux-image-mask\"><a href=\"https:\/\/ruususeura.fi\/sv\/testnyhet-2-2\/\"><img decoding=\"async\" src=\"https:\/\/ruususeura.fi\/wp-content\/uploads\/2020\/07\/DSC_4326-1024x683.jpg\" class=\"aux-attachment aux-featured-image attachment-1024x1024 aux-attachment-id-1202 \" alt=\"DSC_4326\" srcset=\"https:\/\/ruususeura.fi\/wp-content\/uploads\/2020\/07\/DSC_4326-150x100.jpg 150w,https:\/\/ruususeura.fi\/wp-content\/uploads\/2020\/07\/DSC_4326-300x200.jpg 300w,https:\/\/ruususeura.fi\/wp-content\/uploads\/2020\/07\/DSC_4326-768x512.jpg 768w,https:\/\/ruususeura.fi\/wp-content\/uploads\/2020\/07\/DSC_4326-1024x683.jpg 1024w,https:\/\/ruususeura.fi\/wp-content\/uploads\/2020\/07\/DSC_4326-1024x683.jpg 1024w,https:\/\/ruususeura.fi\/wp-content\/uploads\/2020\/07\/DSC_4326-1910x1910.jpg 1910w\" data-ratio=\"1\" data-original-w=\"1920\" sizes=\"(max-width:479px) 480px,(max-width:767px) 768px,(max-width:1023px) 1024px,1024px\" \/><\/a><\/div><\/div>\n                            \n                            <div class=\"entry-main\">\n                                                        \n                                <header class=\"entry-header\">\n                                \n                                    <h4 class=\"entry-title\">\n                                        <a href=\"https:\/\/ruususeura.fi\/sv\/testnyhet-2-2\/\">\n                                            \u00c5rsm\u00f6te 2020                                        <\/a>\n                                    <\/h4>\n                                                                    <div class=\"entry-format\">\n                                        <a href=\"https:\/\/ruususeura.fi\/sv\/testnyhet-2-2\/\">\n                                            <div class=\"post-format format-\"> <\/div>\n                                        <\/a>\n                                    <\/div>\n                                <\/header>\n                            \n                                                            <div class=\"entry-content\">\n                                                                            <p>Finska Rosens\u00e4llskapets \u00e5rsm\u00f6te h\u00f6lls i Tammerfors 19.9.2020\nP\u00e5 grund av COVID-19 epidemin flyttades m\u00f6tet fr\u00e5n v\u00e5ren till h\u00f6sten i enlighet med de nationella d ...<\/p><div class=\"clear\"><\/div>                                <\/div>\n                                                                                        <footer class=\"entry-meta aux-after-content\">\n                                                                        <div class=\"readmore\">\n                                        <a href=\"https:\/\/ruususeura.fi\/sv\/testnyhet-2-2\/\" class=\"aux-read-more\"><span class=\"aux-read-more-text\">L\u00e4s mera<\/span><\/a>\n                                    <\/div>\n                                                                    <\/footer>\n                            \n                            <\/div>\n\n                        <\/article>\n<\/div><\/div><\/section><!-- widget-container -->\t\t\t\t<\/div>\n\t\t\t\t<\/div>\n\t\t\t\t\t<\/div>\n\t\t<\/div>\n\t\t\t\t\t<\/div>\n\t\t<\/section>\n\t\t\t\t<section class=\"elementor-section elementor-top-section elementor-element elementor-element-fe23d70 elementor-section-boxed elementor-section-height-default elementor-section-height-default\" data-id=\"fe23d70\" data-element_type=\"section\" data-e-type=\"section\">\n\t\t\t\t\t\t<div class=\"elementor-container elementor-column-gap-default\">\n\t\t\t\t\t<div class=\"aux-parallax-section elementor-column elementor-col-50 elementor-top-column elementor-element elementor-element-334dbfb\" data-id=\"334dbfb\" data-element_type=\"column\" data-e-type=\"column\">\n\t\t\t<div class=\"elementor-widget-wrap elementor-element-populated\">\n\t\t\t\t\t\t<div class=\"elementor-element elementor-element-9c0092d elementor-widget elementor-widget-text-editor\" data-id=\"9c0092d\" data-element_type=\"widget\" data-e-type=\"widget\" data-widget_type=\"text-editor.default\">\n\t\t\t\t<div class=\"elementor-widget-container\">\n\t\t\t\t\t\t\t\t\t<h3>Rosens\u00e4llskapet p\u00e5 Mustila Plantdag 23.8.2025<\/h3>\n<p>Rosens\u00e4llskapet \u00e4r med p\u00e5 Mustila Plantdag 23.8.2025 kl 10-15. Vi s\u00e4ljer rosor till f\u00f6rm\u00e5n f\u00f6r Rosens\u00e4llskapet. Till salu finns ett brett utbud av h\u00e4rdiga buskrosor p\u00e5 egen rot till f\u00f6rm\u00e5nligt pris. Med finns ocks\u00e5 rariteter som inte f\u00e5s p\u00e5 annat h\u00e5ll i Finland (se listan). Antalet plantor av olika sorter som finns till salu varierar mellan 1-10.<\/p>\n<p>Genom att bli medlem i Rosens\u00e4llskapet p\u00e5 plats i Mustila f\u00e5r man en valfri ros som anslutningspresent.<\/p>\n<p>Till salu har vi ocks\u00e5 Rosens\u00e4llskapets skrifter om olika rosgrupper (5\/10\u20ac\/st), Rosenbladet (5\u20ac\/st) och boken &#8221;Rosornas klimatutmaning &#8211; En \u00f6sterbottnisk rosentr\u00e4dg\u00e5rd&#8221; (35\u20ac)<\/p>\n<p>Betalning kontant eller med MobilePay<\/p>\n<p>Man kan reservera rosor p\u00e5 f\u00f6rhand via e-mail; h&#97;&#108;&#x6c;&#x69;t&#117;&#115;&#x40;&#x72;&#x75;u&#115;&#117;&#x73;&#x65;ur&#97;&#x2e;&#x66;&#x69;<\/p>\n<p>Vi ses i Mustila!<\/p>\n\t\t\t\t\t\t\t\t<\/div>\n\t\t\t\t<\/div>\n\t\t\t\t\t<\/div>\n\t\t<\/div>\n\t\t\t\t<div class=\"aux-parallax-section elementor-column elementor-col-50 elementor-top-column elementor-element elementor-element-5392b7c\" data-id=\"5392b7c\" data-element_type=\"column\" data-e-type=\"column\">\n\t\t\t<div class=\"elementor-widget-wrap elementor-element-populated\">\n\t\t\t\t\t\t<div class=\"elementor-element elementor-element-86a5905 elementor-widget elementor-widget-image\" data-id=\"86a5905\" data-element_type=\"widget\" data-e-type=\"widget\" data-widget_type=\"image.default\">\n\t\t\t\t<div class=\"elementor-widget-container\">\n\t\t\t\t\t\t\t\t\t\t\t\t<figure class=\"wp-caption\">\n\t\t\t\t\t\t\t\t\t\t<img decoding=\"async\" src=\"https:\/\/ruususeura.fi\/wp-content\/uploads\/2025\/08\/Roslista-20250823.pdf\" title=\"\" alt=\"\" loading=\"lazy\" \/>\t\t\t\t\t\t\t\t\t\t\t<figcaption class=\"widget-image-caption wp-caption-text\">'Aila Korhonen'<\/figcaption>\n\t\t\t\t\t\t\t\t\t\t<\/figure>\n\t\t\t\t\t\t\t\t\t<\/div>\n\t\t\t\t<\/div>\n\t\t\t\t\t<\/div>\n\t\t<\/div>\n\t\t\t\t\t<\/div>\n\t\t<\/section>\n\t\t\t\t<section class=\"elementor-section elementor-top-section elementor-element elementor-element-59e7990 elementor-section-boxed elementor-section-height-default elementor-section-height-default\" data-id=\"59e7990\" data-element_type=\"section\" data-e-type=\"section\">\n\t\t\t\t\t\t<div class=\"elementor-container elementor-column-gap-default\">\n\t\t\t\t\t<div class=\"aux-parallax-section elementor-column elementor-col-25 elementor-top-column elementor-element elementor-element-1a582d6\" data-id=\"1a582d6\" data-element_type=\"column\" data-e-type=\"column\">\n\t\t\t<div class=\"elementor-widget-wrap elementor-element-populated\">\n\t\t\t\t\t\t<div class=\"elementor-element elementor-element-53d077e elementor-widget elementor-widget-image\" data-id=\"53d077e\" data-element_type=\"widget\" data-e-type=\"widget\" data-widget_type=\"image.default\">\n\t\t\t\t<div class=\"elementor-widget-container\">\n\t\t\t\t\t\t\t\t\t\t\t\t<figure class=\"wp-caption\">\n\t\t\t\t\t\t\t\t\t\t<img fetchpriority=\"high\" decoding=\"async\" width=\"500\" height=\"375\" src=\"https:\/\/ruususeura.fi\/wp-content\/uploads\/2020\/04\/vuodenruusu2013.jpg\" class=\"attachment-large size-large wp-image-463\" alt=\"Tarja Halonen 2013\" \/>\t\t\t\t\t\t\t\t\t\t\t<figcaption class=\"widget-image-caption wp-caption-text\">Tarja Halonen 2013<\/figcaption>\n\t\t\t\t\t\t\t\t\t\t<\/figure>\n\t\t\t\t\t\t\t\t\t<\/div>\n\t\t\t\t<\/div>\n\t\t\t\t\t<\/div>\n\t\t<\/div>\n\t\t\t\t<div class=\"aux-parallax-section elementor-column elementor-col-25 elementor-top-column elementor-element elementor-element-f82970c\" data-id=\"f82970c\" data-element_type=\"column\" data-e-type=\"column\">\n\t\t\t<div class=\"elementor-widget-wrap elementor-element-populated\">\n\t\t\t\t\t\t<div class=\"elementor-element elementor-element-1d86889 elementor-widget elementor-widget-image\" data-id=\"1d86889\" data-element_type=\"widget\" data-e-type=\"widget\" data-widget_type=\"image.default\">\n\t\t\t\t<div class=\"elementor-widget-container\">\n\t\t\t\t\t\t\t\t\t\t\t\t<figure class=\"wp-caption\">\n\t\t\t\t\t\t\t\t\t\t<img decoding=\"async\" width=\"500\" height=\"375\" src=\"https:\/\/ruususeura.fi\/wp-content\/uploads\/2020\/04\/vuodenruusu2002.jpg\" class=\"attachment-large size-large wp-image-418\" alt=\"Juhannusmorsian 2002\" \/>\t\t\t\t\t\t\t\t\t\t\t<figcaption class=\"widget-image-caption wp-caption-text\">Juhannusmorsian 2002<\/figcaption>\n\t\t\t\t\t\t\t\t\t\t<\/figure>\n\t\t\t\t\t\t\t\t\t<\/div>\n\t\t\t\t<\/div>\n\t\t\t\t\t<\/div>\n\t\t<\/div>\n\t\t\t\t<div class=\"aux-parallax-section elementor-column elementor-col-25 elementor-top-column elementor-element elementor-element-4dd425e\" data-id=\"4dd425e\" data-element_type=\"column\" data-e-type=\"column\">\n\t\t\t<div class=\"elementor-widget-wrap elementor-element-populated\">\n\t\t\t\t\t\t<div class=\"elementor-element elementor-element-fb4af59 elementor-widget elementor-widget-image\" data-id=\"fb4af59\" data-element_type=\"widget\" data-e-type=\"widget\" data-widget_type=\"image.default\">\n\t\t\t\t<div class=\"elementor-widget-container\">\n\t\t\t\t\t\t\t\t\t\t\t\t<figure class=\"wp-caption\">\n\t\t\t\t\t\t\t\t\t\t<img decoding=\"async\" width=\"500\" height=\"333\" src=\"https:\/\/ruususeura.fi\/wp-content\/uploads\/2020\/04\/vuodenruusu2012.jpg\" class=\"attachment-large size-large wp-image-459\" alt=\"Ruskela 2012\" \/>\t\t\t\t\t\t\t\t\t\t\t<figcaption class=\"widget-image-caption wp-caption-text\">Ruskela 2012<\/figcaption>\n\t\t\t\t\t\t\t\t\t\t<\/figure>\n\t\t\t\t\t\t\t\t\t<\/div>\n\t\t\t\t<\/div>\n\t\t\t\t\t<\/div>\n\t\t<\/div>\n\t\t\t\t<div class=\"aux-parallax-section elementor-column elementor-col-25 elementor-top-column elementor-element elementor-element-ae307e4\" data-id=\"ae307e4\" data-element_type=\"column\" data-e-type=\"column\">\n\t\t\t<div class=\"elementor-widget-wrap elementor-element-populated\">\n\t\t\t\t\t\t<div class=\"elementor-element elementor-element-d7c8c86 elementor-widget elementor-widget-image\" data-id=\"d7c8c86\" data-element_type=\"widget\" data-e-type=\"widget\" data-widget_type=\"image.default\">\n\t\t\t\t<div class=\"elementor-widget-container\">\n\t\t\t\t\t\t\t\t\t\t\t\t<figure class=\"wp-caption\">\n\t\t\t\t\t\t\t\t\t\t<img loading=\"lazy\" decoding=\"async\" width=\"500\" height=\"333\" src=\"https:\/\/ruususeura.fi\/wp-content\/uploads\/2020\/04\/vuodenruusu2000.jpg\" class=\"attachment-large size-large wp-image-410\" alt=\"kempeleenruusu 2000\" \/>\t\t\t\t\t\t\t\t\t\t\t<figcaption class=\"widget-image-caption wp-caption-text\">Kempeleen Kaunotar<\/figcaption>\n\t\t\t\t\t\t\t\t\t\t<\/figure>\n\t\t\t\t\t\t\t\t\t<\/div>\n\t\t\t\t<\/div>\n\t\t\t\t\t<\/div>\n\t\t<\/div>\n\t\t\t\t\t<\/div>\n\t\t<\/section>\n\t\t\t\t<\/div>\n\t\t","protected":false},"excerpt":{"rendered":"<p>Aktuellt Rosens\u00e4llskapet p\u00e5 Mustila Plantdag 23.8.2025 Rosens\u00e4llskapet \u00e4r med p\u00e5 Mustila Plantdag 23.8.2025 kl 10-15. Vi s\u00e4ljer rosor till f\u00f6rm\u00e5n f\u00f6r Rosens\u00e4llskapet. Till salu finns ett brett utbud av h\u00e4rdiga buskrosor p\u00e5 egen rot till f\u00f6rm\u00e5nligt pris. Med finns ocks\u00e5 rariteter som inte f\u00e5s p\u00e5 annat h\u00e5ll i Finland (se listan). Antalet plantor av olika [&hellip;]<\/p>\n","protected":false},"author":2,"featured_media":0,"parent":0,"menu_order":0,"comment_status":"closed","ping_status":"closed","template":"","meta":{"footnotes":""},"class_list":["post-1811","page","type-page","status-publish","hentry"],"_links":{"self":[{"href":"https:\/\/ruususeura.fi\/sv\/wp-json\/wp\/v2\/pages\/1811","targetHints":{"allow":["GET"]}}],"collection":[{"href":"https:\/\/ruususeura.fi\/sv\/wp-json\/wp\/v2\/pages"}],"about":[{"href":"https:\/\/ruususeura.fi\/sv\/wp-json\/wp\/v2\/types\/page"}],"author":[{"embeddable":true,"href":"https:\/\/ruususeura.fi\/sv\/wp-json\/wp\/v2\/users\/2"}],"replies":[{"embeddable":true,"href":"https:\/\/ruususeura.fi\/sv\/wp-json\/wp\/v2\/comments?post=1811"}],"version-history":[{"count":5,"href":"https:\/\/ruususeura.fi\/sv\/wp-json\/wp\/v2\/pages\/1811\/revisions"}],"predecessor-version":[{"id":4756,"href":"https:\/\/ruususeura.fi\/sv\/wp-json\/wp\/v2\/pages\/1811\/revisions\/4756"}],"wp:attachment":[{"href":"https:\/\/ruususeura.fi\/sv\/wp-json\/wp\/v2\/media?parent=1811"}],"curies":[{"name":"wp","href":"https:\/\/api.w.org\/{rel}","templated":true}]}}