{"id":1874,"date":"2020-08-19T19:34:45","date_gmt":"2020-08-19T16:34:45","guid":{"rendered":"https:\/\/ruususeura.fi\/rosgrupper\/"},"modified":"2022-11-09T13:13:46","modified_gmt":"2022-11-09T11:13:46","slug":"rosgrupper","status":"publish","type":"page","link":"https:\/\/ruususeura.fi\/sv\/rosgrupper\/","title":{"rendered":"Rosgrupper"},"content":{"rendered":"\t\t<div data-elementor-type=\"wp-page\" data-elementor-id=\"1874\" class=\"elementor elementor-1874 elementor-527\">\n\t\t\t\t\t\t<section class=\"elementor-section elementor-top-section elementor-element elementor-element-a6f43e0 elementor-section-boxed elementor-section-height-default elementor-section-height-default\" data-id=\"a6f43e0\" data-element_type=\"section\" data-e-type=\"section\">\n\t\t\t\t\t\t<div class=\"elementor-container elementor-column-gap-default\">\n\t\t\t\t\t<div class=\"aux-parallax-section elementor-column elementor-col-50 elementor-top-column elementor-element elementor-element-0c02409\" data-id=\"0c02409\" data-element_type=\"column\" data-e-type=\"column\">\n\t\t\t<div class=\"elementor-widget-wrap elementor-element-populated\">\n\t\t\t\t\t\t<div class=\"elementor-element elementor-element-1096bdb elementor-widget elementor-widget-text-editor\" data-id=\"1096bdb\" data-element_type=\"widget\" data-e-type=\"widget\" data-widget_type=\"text-editor.default\">\n\t\t\t\t<div class=\"elementor-widget-container\">\n\t\t\t\t\t\t\t\t\t<h4>Kanadensiska rosor<\/h4>\n<p>2016-2019 gjordes ett omfattande f\u00f6rs\u00f6k d\u00e4r man utredde kanadensiska rosors vinterh\u00e4rdighet i Finland. H\u00e4r redog\u00f6r projektets dragare Jorma Koskinen sakkunnigt f\u00f6r resultaten:<\/p>\n<p><a href=\"http:\/\/users.kymp.net\/citruspages\/kanadanruusut\/talvenkestavyyskoe.html\">Kanadalaisten ruusujen talvenkest\u00e4vyyskoe<\/a><\/p>\n\t\t\t\t\t\t\t\t<\/div>\n\t\t\t\t<\/div>\n\t\t\t\t\t<\/div>\n\t\t<\/div>\n\t\t\t\t<div class=\"aux-parallax-section elementor-column elementor-col-50 elementor-top-column elementor-element elementor-element-94115d4\" data-id=\"94115d4\" data-element_type=\"column\" data-e-type=\"column\">\n\t\t\t<div class=\"elementor-widget-wrap elementor-element-populated\">\n\t\t\t\t\t\t<div class=\"elementor-element elementor-element-dd0a86a elementor-widget elementor-widget-image\" data-id=\"dd0a86a\" data-element_type=\"widget\" data-e-type=\"widget\" data-widget_type=\"image.default\">\n\t\t\t\t<div class=\"elementor-widget-container\">\n\t\t\t\t\t\t\t\t\t\t\t\t\t\t\t<img fetchpriority=\"high\" decoding=\"async\" width=\"1024\" height=\"1024\" src=\"https:\/\/ruususeura.fi\/wp-content\/uploads\/2022\/11\/DSC_3726-1024x1024.jpg\" class=\"attachment-large size-large wp-image-4136\" alt=\"\" srcset=\"https:\/\/ruususeura.fi\/wp-content\/uploads\/2022\/11\/DSC_3726-1024x1024.jpg 1024w, https:\/\/ruususeura.fi\/wp-content\/uploads\/2022\/11\/DSC_3726-300x300.jpg 300w, https:\/\/ruususeura.fi\/wp-content\/uploads\/2022\/11\/DSC_3726-150x150.jpg 150w, https:\/\/ruususeura.fi\/wp-content\/uploads\/2022\/11\/DSC_3726-768x768.jpg 768w\" sizes=\"(max-width: 1024px) 100vw, 1024px\" \/>\t\t\t\t\t\t\t\t\t\t\t\t\t\t\t<\/div>\n\t\t\t\t<\/div>\n\t\t\t\t\t<\/div>\n\t\t<\/div>\n\t\t\t\t\t<\/div>\n\t\t<\/section>\n\t\t\t\t<section class=\"elementor-section elementor-top-section elementor-element elementor-element-f7bd47a elementor-section-boxed elementor-section-height-default elementor-section-height-default\" data-id=\"f7bd47a\" data-element_type=\"section\" data-e-type=\"section\">\n\t\t\t\t\t\t<div class=\"elementor-container elementor-column-gap-default\">\n\t\t\t\t\t<div class=\"aux-parallax-section elementor-column elementor-col-50 elementor-top-column elementor-element elementor-element-a61b75c\" data-id=\"a61b75c\" data-element_type=\"column\" data-e-type=\"column\">\n\t\t\t<div class=\"elementor-widget-wrap elementor-element-populated\">\n\t\t\t\t\t\t<div class=\"elementor-element elementor-element-30238e1 elementor-widget elementor-widget-text-editor\" data-id=\"30238e1\" data-element_type=\"widget\" data-e-type=\"widget\" data-widget_type=\"text-editor.default\">\n\t\t\t\t<div class=\"elementor-widget-container\">\n\t\t\t\t\t\t\t\t\t<h4><strong>Rugosa<\/strong>:<\/h4>\n<p>I den h\u00e4r artikeln beskriver Rosens\u00e4llskapets ordf\u00f6rande hur vi skall f\u00f6rh\u00e5lla oss till vresrosen. Den har klassificerats som en invasiv art som b\u00f6r utrotas. Hon betonar ocks\u00e5 att beslutet att utrota rosen enbart ber\u00f6r den ursprungliga arten Rosa Rugosa. \u00a0Rugosahybrider, som det finns ett stort antal av, \u00a0\u00e4r d\u00e4remot mycket odlingsv\u00e4rda d\u00e5 de \u00e4r h\u00e4rdiga, friska \u00a0och blomvilliga.<\/p>\n<p><a href=\"https:\/\/ruususeura.fi\/wp-content\/uploads\/2020\/11\/Kurtturuusuote_Eila-Palojarvi_Ruusunlehti-1-2020-VEDOS-v41.pdf\">Eila Paloj\u00e4rvi: Vresrosen och rugosarosor. Rosenbladet 1-2020<\/a><\/p>\n\t\t\t\t\t\t\t\t<\/div>\n\t\t\t\t<\/div>\n\t\t\t\t\t<\/div>\n\t\t<\/div>\n\t\t\t\t<div class=\"aux-parallax-section elementor-column elementor-col-50 elementor-top-column elementor-element elementor-element-d38b8fd\" data-id=\"d38b8fd\" data-element_type=\"column\" data-e-type=\"column\">\n\t\t\t<div class=\"elementor-widget-wrap elementor-element-populated\">\n\t\t\t\t\t\t<div class=\"elementor-element elementor-element-57a0be8 elementor-widget elementor-widget-image\" data-id=\"57a0be8\" data-element_type=\"widget\" data-e-type=\"widget\" data-widget_type=\"image.default\">\n\t\t\t\t<div class=\"elementor-widget-container\">\n\t\t\t\t\t\t\t\t\t\t\t\t<figure class=\"wp-caption\">\n\t\t\t\t\t\t\t\t\t\t<img decoding=\"async\" width=\"1024\" height=\"1024\" src=\"https:\/\/ruususeura.fi\/wp-content\/uploads\/2020\/11\/DSC_0894-1024x1024.jpg\" class=\"attachment-large size-large wp-image-2445\" alt=\"\" srcset=\"https:\/\/ruususeura.fi\/wp-content\/uploads\/2020\/11\/DSC_0894-1024x1024.jpg 1024w, https:\/\/ruususeura.fi\/wp-content\/uploads\/2020\/11\/DSC_0894-300x300.jpg 300w, https:\/\/ruususeura.fi\/wp-content\/uploads\/2020\/11\/DSC_0894-150x150.jpg 150w, https:\/\/ruususeura.fi\/wp-content\/uploads\/2020\/11\/DSC_0894-768x768.jpg 768w\" sizes=\"(max-width: 1024px) 100vw, 1024px\" \/>\t\t\t\t\t\t\t\t\t\t\t<figcaption class=\"widget-image-caption wp-caption-text\">Vresros<\/figcaption>\n\t\t\t\t\t\t\t\t\t\t<\/figure>\n\t\t\t\t\t\t\t\t\t<\/div>\n\t\t\t\t<\/div>\n\t\t\t\t\t<\/div>\n\t\t<\/div>\n\t\t\t\t\t<\/div>\n\t\t<\/section>\n\t\t\t\t<section class=\"elementor-section elementor-top-section elementor-element elementor-element-90fe2d0 elementor-section-boxed elementor-section-height-default elementor-section-height-default\" data-id=\"90fe2d0\" data-element_type=\"section\" data-e-type=\"section\">\n\t\t\t\t\t\t<div class=\"elementor-container elementor-column-gap-default\">\n\t\t\t\t\t<div class=\"aux-parallax-section elementor-column elementor-col-50 elementor-top-column elementor-element elementor-element-46f5315\" data-id=\"46f5315\" data-element_type=\"column\" data-e-type=\"column\">\n\t\t\t<div class=\"elementor-widget-wrap elementor-element-populated\">\n\t\t\t\t\t\t<div class=\"elementor-element elementor-element-9587a5c elementor-widget elementor-widget-text-editor\" data-id=\"9587a5c\" data-element_type=\"widget\" data-e-type=\"widget\" data-widget_type=\"text-editor.default\">\n\t\t\t\t<div class=\"elementor-widget-container\">\n\t\t\t\t\t\t\t\t\t<h4><strong>Spinosissima ja Harisonruusut<\/strong><\/h4>\n<p><strong><a href=\"https:\/\/ruususeura.fi\/wp-content\/uploads\/2020\/11\/Boyd-P-D-A-Pimpinellaruusujen-jaljilla.pdf\">Boyd P D A; Pimpinellaruusujen j\u00e4ljill\u00e4<\/a><\/strong><\/p>\n<p><strong><a href=\"https:\/\/ruususeura.fi\/wp-content\/uploads\/2020\/11\/HOKKA-L.-NOSTALGIAA-JA-VILLIRUUSUN-CHARMIA-TARHAPIMPINELLARUUSUT-.pdf\">Hokka L. &#8211; Nostalgiaa ja villiruusun charmia &#8211; tarhapimpinellaruusut<\/a><\/strong><\/p>\n\t\t\t\t\t\t\t\t<\/div>\n\t\t\t\t<\/div>\n\t\t\t\t\t<\/div>\n\t\t<\/div>\n\t\t\t\t<div class=\"aux-parallax-section elementor-column elementor-col-50 elementor-top-column elementor-element elementor-element-87dc95c\" data-id=\"87dc95c\" data-element_type=\"column\" data-e-type=\"column\">\n\t\t\t<div class=\"elementor-widget-wrap elementor-element-populated\">\n\t\t\t\t\t\t<div class=\"elementor-element elementor-element-e2d9fd4 elementor-widget elementor-widget-image\" data-id=\"e2d9fd4\" data-element_type=\"widget\" data-e-type=\"widget\" data-widget_type=\"image.default\">\n\t\t\t\t<div class=\"elementor-widget-container\">\n\t\t\t\t\t\t\t\t\t\t\t\t<figure class=\"wp-caption\">\n\t\t\t\t\t\t\t\t\t\t<img decoding=\"async\" src=\"https:\/\/ruususeura.fi\/wp-content\/uploads\/elementor\/thumbs\/DSC_0395-oyzs36t1lyhrqrsf9qkhuet58o6rgeclzhn37kh6o0.jpg\" title=\"DSC_0395\" alt=\"Midsommarros\" loading=\"lazy\" \/>\t\t\t\t\t\t\t\t\t\t\t<figcaption class=\"widget-image-caption wp-caption-text\">Rosa spinosissima 'Plena'<\/figcaption>\n\t\t\t\t\t\t\t\t\t\t<\/figure>\n\t\t\t\t\t\t\t\t\t<\/div>\n\t\t\t\t<\/div>\n\t\t\t\t\t<\/div>\n\t\t<\/div>\n\t\t\t\t\t<\/div>\n\t\t<\/section>\n\t\t\t\t<\/div>\n\t\t","protected":false},"excerpt":{"rendered":"<p>Kanadensiska rosor 2016-2019 gjordes ett omfattande f\u00f6rs\u00f6k d\u00e4r man utredde kanadensiska rosors vinterh\u00e4rdighet i Finland. H\u00e4r redog\u00f6r projektets dragare Jorma Koskinen sakkunnigt f\u00f6r resultaten: Kanadalaisten ruusujen talvenkest\u00e4vyyskoe Rugosa: I den h\u00e4r artikeln beskriver Rosens\u00e4llskapets ordf\u00f6rande hur vi skall f\u00f6rh\u00e5lla oss till vresrosen. Den har klassificerats som en invasiv art som b\u00f6r utrotas. Hon betonar ocks\u00e5 [&hellip;]<\/p>\n","protected":false},"author":1,"featured_media":0,"parent":0,"menu_order":0,"comment_status":"closed","ping_status":"closed","template":"","meta":{"footnotes":""},"class_list":["post-1874","page","type-page","status-publish","hentry"],"_links":{"self":[{"href":"https:\/\/ruususeura.fi\/sv\/wp-json\/wp\/v2\/pages\/1874","targetHints":{"allow":["GET"]}}],"collection":[{"href":"https:\/\/ruususeura.fi\/sv\/wp-json\/wp\/v2\/pages"}],"about":[{"href":"https:\/\/ruususeura.fi\/sv\/wp-json\/wp\/v2\/types\/page"}],"author":[{"embeddable":true,"href":"https:\/\/ruususeura.fi\/sv\/wp-json\/wp\/v2\/users\/1"}],"replies":[{"embeddable":true,"href":"https:\/\/ruususeura.fi\/sv\/wp-json\/wp\/v2\/comments?post=1874"}],"version-history":[{"count":5,"href":"https:\/\/ruususeura.fi\/sv\/wp-json\/wp\/v2\/pages\/1874\/revisions"}],"predecessor-version":[{"id":4140,"href":"https:\/\/ruususeura.fi\/sv\/wp-json\/wp\/v2\/pages\/1874\/revisions\/4140"}],"wp:attachment":[{"href":"https:\/\/ruususeura.fi\/sv\/wp-json\/wp\/v2\/media?parent=1874"}],"curies":[{"name":"wp","href":"https:\/\/api.w.org\/{rel}","templated":true}]}}