{"id":2001,"date":"2020-09-05T11:21:33","date_gmt":"2020-09-05T08:21:33","guid":{"rendered":"https:\/\/ruususeura.fi\/fb-sidor\/"},"modified":"2025-02-11T13:30:42","modified_gmt":"2025-02-11T11:30:42","slug":"fb-sidor","status":"publish","type":"page","link":"https:\/\/ruususeura.fi\/sv\/fb-sidor\/","title":{"rendered":"Fb sidor"},"content":{"rendered":"\t\t<div data-elementor-type=\"wp-page\" data-elementor-id=\"2001\" class=\"elementor elementor-2001 elementor-1993\">\n\t\t\t\t\t\t<section class=\"elementor-section elementor-top-section elementor-element elementor-element-c17a8fd elementor-section-boxed elementor-section-height-default elementor-section-height-default\" data-id=\"c17a8fd\" data-element_type=\"section\" data-e-type=\"section\">\n\t\t\t\t\t\t<div class=\"elementor-container elementor-column-gap-default\">\n\t\t\t\t\t<div class=\"aux-parallax-section elementor-column elementor-col-50 elementor-top-column elementor-element elementor-element-6c112e9\" data-id=\"6c112e9\" data-element_type=\"column\" data-e-type=\"column\">\n\t\t\t<div class=\"elementor-widget-wrap elementor-element-populated\">\n\t\t\t\t\t\t<div class=\"elementor-element elementor-element-d024ded elementor-widget elementor-widget-text-editor\" data-id=\"d024ded\" data-element_type=\"widget\" data-e-type=\"widget\" data-widget_type=\"text-editor.default\">\n\t\t\t\t<div class=\"elementor-widget-container\">\n\t\t\t\t\t\t\t\t\t<h2>Fb-sidor<\/h2>\n<p><a href=\"https:\/\/www.facebook.com\/ruususeura\">Rosens\u00e4llskapet<\/a><\/p>\n<p><a href=\"https:\/\/www.facebook.com\/groups\/ruusukeskustelua\">Ruusukeskustelua<\/a><\/p>\n<p><a href=\"https:\/\/www.facebook.com\/groups\/suomenruususeura.ep\">Pohjolan Ruusut<\/a><\/p>\n<p><a href=\"https:\/\/detdanskerosenselskab.dk\">Danska Rosens\u00e4llskapet<\/a><\/p>\n<p><a href=\"http:\/\/norskroseforening.no\/\" target=\"_blank\" rel=\"noopener\">Norska Rosenf\u00f6reningen<\/a><\/p>\n<p><a href=\"https:\/\/gardurinn.is\/rosaklubburinn\/\">Islands Tr\u00e4dg\u00e5rdsf\u00f6rening\/R\u00f3sakl\u00fabbur<\/a><\/p>\n<p><a href=\"https:\/\/www.svenskarosensallskapet.se\/start\" target=\"_blank\" rel=\"noopener noreferrer\">Svenska Rosens\u00e4llskapet<\/a><\/p>\n<p><a href=\"https:\/\/www.facebook.com\/groups\/1633982503335116\">Rugosa Hybrids<\/a><\/p>\n<p><a href=\"https:\/\/www.facebook.com\/groups\/540318416355334\">Spinosissima Roses<\/a><\/p>\n<p><a href=\"https:\/\/www.facebook.com\/groups\/75473230794\">David Austin rose lovers<\/a><\/p>\n\t\t\t\t\t\t\t\t<\/div>\n\t\t\t\t<\/div>\n\t\t\t\t\t<\/div>\n\t\t<\/div>\n\t\t\t\t<div class=\"aux-parallax-section elementor-column elementor-col-50 elementor-top-column elementor-element elementor-element-239b260\" data-id=\"239b260\" data-element_type=\"column\" data-e-type=\"column\">\n\t\t\t<div class=\"elementor-widget-wrap elementor-element-populated\">\n\t\t\t\t\t\t<div class=\"elementor-element elementor-element-aeabf3c elementor-widget elementor-widget-image\" data-id=\"aeabf3c\" data-element_type=\"widget\" data-e-type=\"widget\" data-widget_type=\"image.default\">\n\t\t\t\t<div class=\"elementor-widget-container\">\n\t\t\t\t\t\t\t\t\t\t\t\t<figure class=\"wp-caption\">\n\t\t\t\t\t\t\t\t\t\t<img decoding=\"async\" src=\"https:\/\/ruususeura.fi\/wp-content\/uploads\/elementor\/thumbs\/DSC_7794-ov0dy9e1px5hj8ve7jcpt8jl25x2lv313oi43hzqww.jpg\" title=\"DSC_7794\" alt=\"&#039;Summer Song&#039;\" loading=\"lazy\" \/>\t\t\t\t\t\t\t\t\t\t\t<figcaption class=\"widget-image-caption wp-caption-text\">'Summer Song'<\/figcaption>\n\t\t\t\t\t\t\t\t\t\t<\/figure>\n\t\t\t\t\t\t\t\t\t<\/div>\n\t\t\t\t<\/div>\n\t\t\t\t\t<\/div>\n\t\t<\/div>\n\t\t\t\t\t<\/div>\n\t\t<\/section>\n\t\t\t\t<\/div>\n\t\t","protected":false},"excerpt":{"rendered":"<p>Fb-sidor Rosens\u00e4llskapet Ruusukeskustelua Pohjolan Ruusut Danska Rosens\u00e4llskapet Norska Rosenf\u00f6reningen Islands Tr\u00e4dg\u00e5rdsf\u00f6rening\/R\u00f3sakl\u00fabbur Svenska Rosens\u00e4llskapet Rugosa Hybrids Spinosissima Roses David Austin rose lovers &#8217;Summer Song&#8217;<\/p>\n","protected":false},"author":2,"featured_media":0,"parent":0,"menu_order":0,"comment_status":"closed","ping_status":"closed","template":"","meta":{"footnotes":""},"class_list":["post-2001","page","type-page","status-publish","hentry"],"_links":{"self":[{"href":"https:\/\/ruususeura.fi\/sv\/wp-json\/wp\/v2\/pages\/2001","targetHints":{"allow":["GET"]}}],"collection":[{"href":"https:\/\/ruususeura.fi\/sv\/wp-json\/wp\/v2\/pages"}],"about":[{"href":"https:\/\/ruususeura.fi\/sv\/wp-json\/wp\/v2\/types\/page"}],"author":[{"embeddable":true,"href":"https:\/\/ruususeura.fi\/sv\/wp-json\/wp\/v2\/users\/2"}],"replies":[{"embeddable":true,"href":"https:\/\/ruususeura.fi\/sv\/wp-json\/wp\/v2\/comments?post=2001"}],"version-history":[{"count":5,"href":"https:\/\/ruususeura.fi\/sv\/wp-json\/wp\/v2\/pages\/2001\/revisions"}],"predecessor-version":[{"id":4690,"href":"https:\/\/ruususeura.fi\/sv\/wp-json\/wp\/v2\/pages\/2001\/revisions\/4690"}],"wp:attachment":[{"href":"https:\/\/ruususeura.fi\/sv\/wp-json\/wp\/v2\/media?parent=2001"}],"curies":[{"name":"wp","href":"https:\/\/api.w.org\/{rel}","templated":true}]}}