{"id":2012,"date":"2020-09-05T11:49:23","date_gmt":"2020-09-05T08:49:23","guid":{"rendered":"https:\/\/ruususeura.fi\/roshistoria\/"},"modified":"2020-12-17T12:40:57","modified_gmt":"2020-12-17T10:40:57","slug":"roshistoria","status":"publish","type":"page","link":"https:\/\/ruususeura.fi\/sv\/roshistoria\/","title":{"rendered":"Roshistoria"},"content":{"rendered":"\t\t<div data-elementor-type=\"wp-page\" data-elementor-id=\"2012\" class=\"elementor elementor-2012 elementor-533\">\n\t\t\t\t\t\t<section class=\"elementor-section elementor-top-section elementor-element elementor-element-18e8862 elementor-section-boxed elementor-section-height-default elementor-section-height-default\" data-id=\"18e8862\" data-element_type=\"section\" data-e-type=\"section\">\n\t\t\t\t\t\t<div class=\"elementor-container elementor-column-gap-default\">\n\t\t\t\t\t<div class=\"aux-parallax-section elementor-column elementor-col-50 elementor-top-column elementor-element elementor-element-19c19ee\" data-id=\"19c19ee\" data-element_type=\"column\" data-e-type=\"column\">\n\t\t\t<div class=\"elementor-widget-wrap elementor-element-populated\">\n\t\t\t\t\t\t<div class=\"elementor-element elementor-element-a88a554 elementor-widget elementor-widget-text-editor\" data-id=\"a88a554\" data-element_type=\"widget\" data-e-type=\"widget\" data-widget_type=\"text-editor.default\">\n\t\t\t\t<div class=\"elementor-widget-container\">\n\t\t\t\t\t\t\t\t\t<h4><strong>Ruusuhistoria<\/strong><\/h4>\n<p><strong><a href=\"https:\/\/ruususeura.fi\/wp-content\/uploads\/2020\/11\/Joy-P.-SUOMEN-RUUSUPERINTEISTA-JA-PERINNERUUSUISTA-.pdf\">Joy P.; Suomen ruusuperinteist\u00e4 ja perinneruusuista \u00a0<\/a><\/strong><\/p>\n<p><strong><a href=\"https:\/\/ruususeura.fi\/wp-content\/uploads\/2020\/11\/Rautio-P.-Louis-Parmentier-1782-1847-tuottelias-belgialainen-amatoorijalostaja.pdf\">Rautio P.; Louis Parmentier (1782-1847), tuottelias belgialainen amat\u00f6\u00f6rijalostaja<\/a><\/strong><\/p>\n<p><strong><a href=\"https:\/\/ruususeura.fi\/wp-content\/uploads\/2020\/11\/Riihela-L.-Georges-Bugnet-taydellisen-kestavyyden-tavoittelija-.pdf\">Riihel\u00e4 L.; Georges Bugnet &#8211; t\u00e4ydellisen kest\u00e4vyyden tavoittelija \u00a0<\/a><\/strong><\/p>\n\t\t\t\t\t\t\t\t<\/div>\n\t\t\t\t<\/div>\n\t\t\t\t\t<\/div>\n\t\t<\/div>\n\t\t\t\t<div class=\"aux-parallax-section elementor-column elementor-col-50 elementor-top-column elementor-element elementor-element-2fde5a1\" data-id=\"2fde5a1\" data-element_type=\"column\" data-e-type=\"column\">\n\t\t\t<div class=\"elementor-widget-wrap elementor-element-populated\">\n\t\t\t\t\t\t<div class=\"elementor-element elementor-element-0a27828 elementor-widget elementor-widget-image\" data-id=\"0a27828\" data-element_type=\"widget\" data-e-type=\"widget\" data-widget_type=\"image.default\">\n\t\t\t\t<div class=\"elementor-widget-container\">\n\t\t\t\t\t\t\t\t\t\t\t\t<figure class=\"wp-caption\">\n\t\t\t\t\t\t\t\t\t\t<img fetchpriority=\"high\" decoding=\"async\" width=\"1024\" height=\"1024\" src=\"https:\/\/ruususeura.fi\/wp-content\/uploads\/2020\/11\/fullsizeoutput_10182-1024x1024.jpeg\" class=\"attachment-large size-large wp-image-2526\" alt=\"\" srcset=\"https:\/\/ruususeura.fi\/wp-content\/uploads\/2020\/11\/fullsizeoutput_10182-1024x1024.jpeg 1024w, https:\/\/ruususeura.fi\/wp-content\/uploads\/2020\/11\/fullsizeoutput_10182-300x300.jpeg 300w, https:\/\/ruususeura.fi\/wp-content\/uploads\/2020\/11\/fullsizeoutput_10182-150x150.jpeg 150w, https:\/\/ruususeura.fi\/wp-content\/uploads\/2020\/11\/fullsizeoutput_10182-768x768.jpeg 768w\" sizes=\"(max-width: 1024px) 100vw, 1024px\" \/>\t\t\t\t\t\t\t\t\t\t\t<figcaption class=\"widget-image-caption wp-caption-text\">'Marie Bugnet'<\/figcaption>\n\t\t\t\t\t\t\t\t\t\t<\/figure>\n\t\t\t\t\t\t\t\t\t<\/div>\n\t\t\t\t<\/div>\n\t\t\t\t\t<\/div>\n\t\t<\/div>\n\t\t\t\t\t<\/div>\n\t\t<\/section>\n\t\t\t\t<\/div>\n\t\t","protected":false},"excerpt":{"rendered":"<p>Ruusuhistoria Joy P.; Suomen ruusuperinteist\u00e4 ja perinneruusuista \u00a0 Rautio P.; Louis Parmentier (1782-1847), tuottelias belgialainen amat\u00f6\u00f6rijalostaja Riihel\u00e4 L.; Georges Bugnet &#8211; t\u00e4ydellisen kest\u00e4vyyden tavoittelija \u00a0 &#8217;Marie Bugnet&#8217;<\/p>\n","protected":false},"author":1,"featured_media":0,"parent":0,"menu_order":0,"comment_status":"closed","ping_status":"closed","template":"","meta":{"footnotes":""},"class_list":["post-2012","page","type-page","status-publish","hentry"],"_links":{"self":[{"href":"https:\/\/ruususeura.fi\/sv\/wp-json\/wp\/v2\/pages\/2012","targetHints":{"allow":["GET"]}}],"collection":[{"href":"https:\/\/ruususeura.fi\/sv\/wp-json\/wp\/v2\/pages"}],"about":[{"href":"https:\/\/ruususeura.fi\/sv\/wp-json\/wp\/v2\/types\/page"}],"author":[{"embeddable":true,"href":"https:\/\/ruususeura.fi\/sv\/wp-json\/wp\/v2\/users\/1"}],"replies":[{"embeddable":true,"href":"https:\/\/ruususeura.fi\/sv\/wp-json\/wp\/v2\/comments?post=2012"}],"version-history":[{"count":2,"href":"https:\/\/ruususeura.fi\/sv\/wp-json\/wp\/v2\/pages\/2012\/revisions"}],"predecessor-version":[{"id":2961,"href":"https:\/\/ruususeura.fi\/sv\/wp-json\/wp\/v2\/pages\/2012\/revisions\/2961"}],"wp:attachment":[{"href":"https:\/\/ruususeura.fi\/sv\/wp-json\/wp\/v2\/media?parent=2012"}],"curies":[{"name":"wp","href":"https:\/\/api.w.org\/{rel}","templated":true}]}}