{"id":2495,"date":"2020-11-21T18:47:43","date_gmt":"2020-11-21T16:47:43","guid":{"rendered":"https:\/\/ruususeura.fi\/foradling-och-forokning\/"},"modified":"2020-12-18T17:18:51","modified_gmt":"2020-12-18T15:18:51","slug":"foradling-och-forokning","status":"publish","type":"page","link":"https:\/\/ruususeura.fi\/sv\/foradling-och-forokning\/","title":{"rendered":"F\u00f6r\u00e4dling och f\u00f6r\u00f6kning"},"content":{"rendered":"\t\t<div data-elementor-type=\"wp-page\" data-elementor-id=\"2495\" class=\"elementor elementor-2495 elementor-2486\">\n\t\t\t\t\t\t<section class=\"elementor-section elementor-top-section elementor-element elementor-element-4f12bf6 elementor-section-boxed elementor-section-height-default elementor-section-height-default\" data-id=\"4f12bf6\" data-element_type=\"section\" data-e-type=\"section\">\n\t\t\t\t\t\t<div class=\"elementor-container elementor-column-gap-default\">\n\t\t\t\t\t<div class=\"aux-parallax-section elementor-column elementor-col-50 elementor-top-column elementor-element elementor-element-e0c4904\" data-id=\"e0c4904\" data-element_type=\"column\" data-e-type=\"column\">\n\t\t\t<div class=\"elementor-widget-wrap elementor-element-populated\">\n\t\t\t\t\t\t<div class=\"elementor-element elementor-element-de49dc7 elementor-widget elementor-widget-text-editor\" data-id=\"de49dc7\" data-element_type=\"widget\" data-e-type=\"widget\" data-widget_type=\"text-editor.default\">\n\t\t\t\t<div class=\"elementor-widget-container\">\n\t\t\t\t\t\t\t\t\t<h4><strong>F\u00f6r\u00f6kning av rosor<\/strong><\/h4>\n<p>I de h\u00e4r artiklarna beskriver s\u00e4llskapets tidigare ordf\u00f6rande \u00a0Lauri Korpijaakko hur man kan lyckas med sticklingsf\u00f6r\u00f6kning av rosor.<\/p>\n<p><a href=\"https:\/\/ruususeura.fi\/wp-content\/uploads\/2020\/11\/Korpijaakko-L.-Forokning-med-sommarsticklingar-i-hemmiljo.pdf\"><strong>Korpijaakko L.; F\u00f6r\u00f6kning med sommarsticklingar i hemmilj\u00f6<\/strong><\/a><\/p>\n<p><strong><a href=\"https:\/\/ruususeura.fi\/wp-content\/uploads\/2020\/11\/Korpijaakko-L.-Tag-varsticklingar.pdf\">Korpijaakko L.; Tag v\u00e5rsticklingar<\/a><\/strong><\/p>\n\t\t\t\t\t\t\t\t<\/div>\n\t\t\t\t<\/div>\n\t\t\t\t\t<\/div>\n\t\t<\/div>\n\t\t\t\t<div class=\"aux-parallax-section elementor-column elementor-col-50 elementor-top-column elementor-element elementor-element-0545d76\" data-id=\"0545d76\" data-element_type=\"column\" data-e-type=\"column\">\n\t\t\t<div class=\"elementor-widget-wrap elementor-element-populated\">\n\t\t\t\t\t\t<div class=\"elementor-element elementor-element-a72533b elementor-widget elementor-widget-image\" data-id=\"a72533b\" data-element_type=\"widget\" data-e-type=\"widget\" data-widget_type=\"image.default\">\n\t\t\t\t<div class=\"elementor-widget-container\">\n\t\t\t\t\t\t\t\t\t\t\t\t<figure class=\"wp-caption\">\n\t\t\t\t\t\t\t\t\t\t<img decoding=\"async\" src=\"https:\/\/ruususeura.fi\/wp-content\/uploads\/elementor\/thumbs\/Hurdal-010709-2-orz3yx2io5dgpzn0ixz5sj8ly7s85el4xphj9quruo.jpg\" title=\"Hurdal\" alt=\"Hurdal\" loading=\"lazy\" \/>\t\t\t\t\t\t\t\t\t\t\t<figcaption class=\"widget-image-caption wp-caption-text\">'Hurdal'<\/figcaption>\n\t\t\t\t\t\t\t\t\t\t<\/figure>\n\t\t\t\t\t\t\t\t\t<\/div>\n\t\t\t\t<\/div>\n\t\t\t\t\t<\/div>\n\t\t<\/div>\n\t\t\t\t\t<\/div>\n\t\t<\/section>\n\t\t\t\t<section class=\"elementor-section elementor-top-section elementor-element elementor-element-9f862dc elementor-section-boxed elementor-section-height-default elementor-section-height-default\" data-id=\"9f862dc\" data-element_type=\"section\" data-e-type=\"section\">\n\t\t\t\t\t\t<div class=\"elementor-container elementor-column-gap-default\">\n\t\t\t\t\t<div class=\"aux-parallax-section elementor-column elementor-col-50 elementor-top-column elementor-element elementor-element-fa20de3\" data-id=\"fa20de3\" data-element_type=\"column\" data-e-type=\"column\">\n\t\t\t<div class=\"elementor-widget-wrap elementor-element-populated\">\n\t\t\t\t\t\t<div class=\"elementor-element elementor-element-65c15ff elementor-widget elementor-widget-text-editor\" data-id=\"65c15ff\" data-element_type=\"widget\" data-e-type=\"widget\" data-widget_type=\"text-editor.default\">\n\t\t\t\t<div class=\"elementor-widget-container\">\n\t\t\t\t\t\t\t\t\t<h4><strong>F\u00f6r\u00e4dling av rosor<\/strong><\/h4>\n<p><strong><a href=\"https:\/\/ruususeura.fi\/wp-content\/uploads\/2020\/11\/Rautio-P.-Rosforadlare-Felicitas-Svejda-.pdf\">Rautio P. ; Rosf\u00f6r\u00e4dlare Felicitas<\/a><\/strong><a href=\"https:\/\/ruususeura.fi\/wp-content\/uploads\/2020\/11\/Rautio-P.-Rosforadlare-Felicitas-Svejda-.pdf\"> Sve<\/a><a href=\"https:\/\/ruususeura.fi\/wp-content\/uploads\/2020\/11\/Rautio-P.-Rosforadlare-Felicitas-Svejda-.pdf\">jda<\/a><\/p>\n<p style=\"letter-spacing: normal;\"><strong><a href=\"https:\/\/ruususeura.fi\/wp-content\/uploads\/2020\/11\/Rautio-P.-Nya-Finska-Rosor-2014.pdf\">Rautio P.; Nya Finska Rosor (2014)<\/a><\/strong><\/p>\n<p>&nbsp;<\/p>\n\t\t\t\t\t\t\t\t<\/div>\n\t\t\t\t<\/div>\n\t\t\t\t\t<\/div>\n\t\t<\/div>\n\t\t\t\t<div class=\"aux-parallax-section elementor-column elementor-col-50 elementor-top-column elementor-element elementor-element-3dfa607\" data-id=\"3dfa607\" data-element_type=\"column\" data-e-type=\"column\">\n\t\t\t<div class=\"elementor-widget-wrap elementor-element-populated\">\n\t\t\t\t\t\t<div class=\"elementor-element elementor-element-01abe35 elementor-widget elementor-widget-image\" data-id=\"01abe35\" data-element_type=\"widget\" data-e-type=\"widget\" data-widget_type=\"image.default\">\n\t\t\t\t<div class=\"elementor-widget-container\">\n\t\t\t\t\t\t\t\t\t\t\t\t<figure class=\"wp-caption\">\n\t\t\t\t\t\t\t\t\t\t<img fetchpriority=\"high\" decoding=\"async\" width=\"500\" height=\"332\" src=\"https:\/\/ruususeura.fi\/wp-content\/uploads\/2020\/04\/vuodenruusu2014.jpg\" class=\"attachment-large size-large wp-image-467\" alt=\"Tove 2014\" \/>\t\t\t\t\t\t\t\t\t\t\t<figcaption class=\"widget-image-caption wp-caption-text\">'Tove Jansson'<\/figcaption>\n\t\t\t\t\t\t\t\t\t\t<\/figure>\n\t\t\t\t\t\t\t\t\t<\/div>\n\t\t\t\t<\/div>\n\t\t\t\t\t<\/div>\n\t\t<\/div>\n\t\t\t\t\t<\/div>\n\t\t<\/section>\n\t\t\t\t<\/div>\n\t\t","protected":false},"excerpt":{"rendered":"<p>F\u00f6r\u00f6kning av rosor I de h\u00e4r artiklarna beskriver s\u00e4llskapets tidigare ordf\u00f6rande \u00a0Lauri Korpijaakko hur man kan lyckas med sticklingsf\u00f6r\u00f6kning av rosor. Korpijaakko L.; F\u00f6r\u00f6kning med sommarsticklingar i hemmilj\u00f6 Korpijaakko L.; Tag v\u00e5rsticklingar &#8217;Hurdal&#8217; F\u00f6r\u00e4dling av rosor Rautio P. ; Rosf\u00f6r\u00e4dlare Felicitas Svejda Rautio P.; Nya Finska Rosor (2014) &nbsp; &#8217;Tove Jansson&#8217;<\/p>\n","protected":false},"author":2,"featured_media":0,"parent":0,"menu_order":0,"comment_status":"closed","ping_status":"closed","template":"","meta":{"footnotes":""},"class_list":["post-2495","page","type-page","status-publish","hentry"],"_links":{"self":[{"href":"https:\/\/ruususeura.fi\/sv\/wp-json\/wp\/v2\/pages\/2495","targetHints":{"allow":["GET"]}}],"collection":[{"href":"https:\/\/ruususeura.fi\/sv\/wp-json\/wp\/v2\/pages"}],"about":[{"href":"https:\/\/ruususeura.fi\/sv\/wp-json\/wp\/v2\/types\/page"}],"author":[{"embeddable":true,"href":"https:\/\/ruususeura.fi\/sv\/wp-json\/wp\/v2\/users\/2"}],"replies":[{"embeddable":true,"href":"https:\/\/ruususeura.fi\/sv\/wp-json\/wp\/v2\/comments?post=2495"}],"version-history":[{"count":5,"href":"https:\/\/ruususeura.fi\/sv\/wp-json\/wp\/v2\/pages\/2495\/revisions"}],"predecessor-version":[{"id":3091,"href":"https:\/\/ruususeura.fi\/sv\/wp-json\/wp\/v2\/pages\/2495\/revisions\/3091"}],"wp:attachment":[{"href":"https:\/\/ruususeura.fi\/sv\/wp-json\/wp\/v2\/media?parent=2495"}],"curies":[{"name":"wp","href":"https:\/\/api.w.org\/{rel}","templated":true}]}}