{"id":4829,"date":"2026-03-24T19:09:37","date_gmt":"2026-03-24T17:09:37","guid":{"rendered":"https:\/\/ruususeura.fi\/finska-rosor\/"},"modified":"2026-03-24T19:09:38","modified_gmt":"2026-03-24T17:09:38","slug":"finska-rosor","status":"publish","type":"page","link":"https:\/\/ruususeura.fi\/sv\/finska-rosor\/","title":{"rendered":"Finska Rosor"},"content":{"rendered":"\t\t<div data-elementor-type=\"wp-page\" data-elementor-id=\"4829\" class=\"elementor elementor-4829 elementor-4818\">\n\t\t\t\t\t\t<section class=\"elementor-section elementor-top-section elementor-element elementor-element-4005ea2 elementor-section-boxed elementor-section-height-default elementor-section-height-default\" data-id=\"4005ea2\" data-element_type=\"section\" data-e-type=\"section\">\n\t\t\t\t\t\t<div class=\"elementor-container elementor-column-gap-default\">\n\t\t\t\t\t<div class=\"aux-parallax-section elementor-column elementor-col-50 elementor-top-column elementor-element elementor-element-a4a31e3\" data-id=\"a4a31e3\" data-element_type=\"column\" data-e-type=\"column\">\n\t\t\t<div class=\"elementor-widget-wrap elementor-element-populated\">\n\t\t\t\t\t\t<div class=\"elementor-element elementor-element-269ae72 elementor-widget elementor-widget-text-editor\" data-id=\"269ae72\" data-element_type=\"widget\" data-e-type=\"widget\" data-widget_type=\"text-editor.default\">\n\t\t\t\t<div class=\"elementor-widget-container\">\n\t\t\t\t\t\t\t\t\t<h3>Finska rosor<\/h3>\n<p>Finska Rosens\u00e4llskapet har p\u00e5b\u00f6rjat projektet &#8217;Finska Rosor&#8217; med m\u00e5ls\u00e4ttningen att samla information om finska rosor i en bok och samtidigt \u00f6ka k\u00e4nnedomen om dem och befr\u00e4mja odlingen av dem i Finland. I artikeln h\u00e4r bredvid hittar du artikeln som publicerades i Rosenbladet 1\/2026. D\u00e4r finns mera detaljer om vilka rosor det g\u00e4ller.<\/p>\n<h4>Vi beh\u00f6ver nu din hj\u00e4lp!<\/h4>\n<p>Vi beh\u00f6ver information om hur de finska rosorna klarar sig p\u00e5 olika h\u00e5ll i Finland. Nedanf\u00f6r den h\u00e4r texten finns ett formul\u00e4r som jag hoppas du kan kopiera och fylla i dina egna erfarenheter av finska rosor. Fyll i ett formul\u00e4r f\u00f6r varje ros skilt f\u00f6r sig och skicka till den angivna e-post adressen. Tack p\u00e5 f\u00f6rhand!<\/p>\n<p>Michael Luther<\/p>\n<p>Finska Rosens\u00e4llskapets ordf\u00f6rande<\/p>\n\t\t\t\t\t\t\t\t<\/div>\n\t\t\t\t<\/div>\n\t\t\t\t\t<\/div>\n\t\t<\/div>\n\t\t\t\t<div class=\"aux-parallax-section elementor-column elementor-col-50 elementor-top-column elementor-element elementor-element-3e4d3ff\" data-id=\"3e4d3ff\" data-element_type=\"column\" data-e-type=\"column\">\n\t\t\t<div class=\"elementor-widget-wrap elementor-element-populated\">\n\t\t\t\t\t\t<div class=\"elementor-element elementor-element-3db922e elementor-widget elementor-widget-text-editor\" data-id=\"3db922e\" data-element_type=\"widget\" data-e-type=\"widget\" data-widget_type=\"text-editor.default\">\n\t\t\t\t<div class=\"elementor-widget-container\">\n\t\t\t\t\t\t\t\t\t<p>Rosenbladet 1\/2026<\/p>\n<p><b>Har du finska rosor i din tr\u00e4dg\u00e5rd?<\/b><\/p>\n<p><strong>Vi beh\u00f6ver din hj\u00e4lp med uppgifter om finska rosor.<\/strong><span class=\"Apple-converted-space\">\u00a0<\/span><\/p>\n<p>Rosens\u00e4llskapets projekt \u2019Finska Rosor\u2019 kartl\u00e4gger v\u00e5ra finska rosor och samlar kunskapen om dem i en bok.<span class=\"Apple-converted-space\">\u00a0<\/span><\/p>\n<p>Rosor anpassade till v\u00e5rt klimat i Finland har huvudsakligen uppkommit p\u00e5 tv\u00e5 s\u00e4tt.<\/p>\n<p>-Naturen har l\u00f6st en del av problemet. Spontana korsningar har gett rosor som \u00e4r h\u00e4rdiga ocks\u00e5 i v\u00e5rt land. Vi k\u00e4nner dem som finska fyndrosor.<span class=\"Apple-converted-space\">\u00a0<\/span><\/p>\n<p>En del fyndrosor \u00e4r v\u00e4lk\u00e4nda, som \u2019Kerisalo\u2019, \u2019Malvankukka\u2019, \u2019Olkkala\u2019, \u2019Paimio\u2019 och \u2019Pikkala\u2019. Det finns ocks\u00e5 s\u00e5dana som bara finns p\u00e5 n\u00e5got enstaka st\u00e4lle utan mera k\u00e4nnedom om dem.<\/p>\n<p>&#8211; Rosentusiaster i Finland har korsat fram rosor med egenskaper l\u00e4mpade f\u00f6r ett kallt klimat. Flera av dem \u00e4r mycket uppskattade, som \u2019Ilo\u2019, \u2019Lumo, \u2019Merveille\u2019 och \u2019Viggo\u2019. Andra \u00e4r s\u00e5dana som v\u00e4ldigt f\u00e5 k\u00e4nner till och \u00e4r sv\u00e5ra att f\u00e5 tag p\u00e5 i plantskolor.<span class=\"Apple-converted-space\">\u00a0<\/span><\/p>\n<p>Finska fyndrosor och rosor f\u00f6r\u00e4dlade i Finland \u00e4r b\u00e5de v\u00e4rdefulla och odlingsv\u00e4rda. De passar bra i v\u00e5ra tr\u00e4dg\u00e5rdar, \u00f6verlever oftast utan stora insatser och blommar tacksamt. Deras goda genetiska egenskaper \u00e4r ocks\u00e5 viktiga som bas f\u00f6r att f\u00e5 fram flera h\u00e4rdiga rosor.<span class=\"Apple-converted-space\">\u00a0<\/span><\/p>\n<p>Rosens\u00e4llskapets projekt \u2019Finska rosor\u2019 vill \u00f6ka k\u00e4nnedomen om finska rosor, g\u00f6ra dem mera tillg\u00e4ngliga och \u00f6ka anv\u00e4ndningen av dem b\u00e5de i offentliga planteringar och privata tr\u00e4dg\u00e5rdar. En central del i projektet \u00e4r en bok d\u00e4r de finska rosorna finns beskrivna, s\u00e5 att det \u00e4r l\u00e4tt f\u00f6r alla tr\u00e4dg\u00e5rdsintresserade att hitta rosor som passar i den egna tr\u00e4dg\u00e5rden.<span class=\"Apple-converted-space\">\u00a0<\/span><\/p>\n<p>Projektet har goda f\u00f6ruts\u00e4ttningar f\u00f6r att lyckas. Flera mycket duktiga sakkunniga p\u00e5 rosor har lovat skriva texter till boken. Rosens\u00e4llskapet har ocks\u00e5 f\u00e5tt ekonomiskt st\u00f6d f\u00f6r att komma ig\u00e5ng med arbetet.<\/p>\n<p>\u00c4nd\u00e5 finns det betydande luckor i den kunskapsbas som beh\u00f6vs f\u00f6r boken. Vi beh\u00f6ver erfarenheter fr\u00e5n olika delar av Finland. Rosens\u00e4llskapets medlemmar har sammantaget en enorm erfarenhet av hur rosor klarat vintrarna, hur de blommar, hur friska det \u00e4r och om man tycker att de \u00e4r v\u00e4rda att odla. Din erfarenhet kan d\u00e4rf\u00f6r vara just det vi beh\u00f6ver f\u00f6r att lyckas med projektet \u2019Finska Rosor\u2019.<span class=\"Apple-converted-space\">\u00a0<\/span><\/p>\n<p><b>Vi ber nu om din hj\u00e4lp. Det vi vill veta \u00e4r:<\/b><\/p>\n<p><b>&#8211; Vilka finska rosor har du i din tr\u00e4dg\u00e5rd?<\/b><\/p>\n<p><b>&#8211; Vad \u00e4r dina erfarenheter av dem?<span class=\"Apple-converted-space\">\u00a0<\/span><\/b><\/p>\n<p>Vi ber allts\u00e5 inte om n\u00e5gra invecklade uppgifter. Du f\u00e5r g\u00e4rna skicka in uppgifter oberoende av om du har en eller flera finska rosor. All information \u00e4r v\u00e4rdefull. Speciellt \u00e4r vi intresserade av hur de rosor du har klarar vintern, blommar och vad som \u00e4r bra, eller d\u00e5ligt, med dem. Vi beh\u00f6ver ocks\u00e5 veta var i Finland din tr\u00e4dg\u00e5rd ligger. Om det beh\u00f6vs till\u00e4ggsinformation kan vi be om den senare.<\/p>\n<p>I de kartl\u00e4ggningar som gjorts har vi hittills identifierat ca 130 fyndrosor och ca 260 rosor f\u00f6r\u00e4dlade i Finland. Ut\u00f6ver de h\u00e4r rosorna kan det finnas s\u00e5dana som vi inte k\u00e4nner till. Kanske v\u00e4xer en s\u00e5dan i din tr\u00e4dg\u00e5rd och borde finnas med i boken. D\u00e4rf\u00f6r \u00e4r det viktigt att du skickar in uppgifter om de finska rosor du har.<span class=\"Apple-converted-space\">\u00a0<\/span><\/p>\n<p>Du kan skicka in uppgifter p\u00e5 olika s\u00e4tt:<\/p>\n<p>&#8211; Enklast \u00e4r att skick e-post till: <a href=\"&#109;&#x61;&#x69;l&#116;&#x6f;&#x3a;h&#97;&#x6c;l&#105;&#x74;&#x75;s&#64;&#x72;u&#117;&#x73;&#x75;s&#101;&#x75;&#x72;&#97;&#x2e;&#x66;i\">&#x68;&#x61;&#108;l&#x69;&#x74;&#117;&#115;&#64;&#x72;&#x75;&#117;&#115;u&#x73;&#x65;&#117;ra&#x2e;&#x66;&#105;<\/a><\/p>\n<p>&#8211; Pappersbrev\/kort till adressen: Rosens\u00e4llskapet \u2105 M.Luther, Stundarsgr\u00e4nden 4, 65450 Solf.<\/p>\n<p>\u2014Du f\u00e5r g\u00e4rna ringa ordf. Michael Luther, mobil: 0440256100 om du beh\u00f6ver fr\u00e5ga upp n\u00e5gonting.<span class=\"Apple-converted-space\">\u00a0<\/span><\/p>\n<p>Michael Luther<\/p>\n<p>ordf.<span class=\"Apple-converted-space\">\u00a0<\/span><\/p>\n<p><span class=\"Apple-converted-space\">\u00a0<\/span><\/p>\n\t\t\t\t\t\t\t\t<\/div>\n\t\t\t\t<\/div>\n\t\t\t\t\t<\/div>\n\t\t<\/div>\n\t\t\t\t\t<\/div>\n\t\t<\/section>\n\t\t\t\t<section class=\"elementor-section elementor-top-section elementor-element elementor-element-132f7ef elementor-section-boxed elementor-section-height-default elementor-section-height-default\" data-id=\"132f7ef\" data-element_type=\"section\" data-e-type=\"section\">\n\t\t\t\t\t\t<div class=\"elementor-container elementor-column-gap-default\">\n\t\t\t\t\t<div class=\"aux-parallax-section elementor-column elementor-col-100 elementor-top-column elementor-element elementor-element-6f768d6\" data-id=\"6f768d6\" data-element_type=\"column\" data-e-type=\"column\">\n\t\t\t<div class=\"elementor-widget-wrap elementor-element-populated\">\n\t\t\t\t\t\t<div class=\"elementor-element elementor-element-00ab68f elementor-widget elementor-widget-text-editor\" data-id=\"00ab68f\" data-element_type=\"widget\" data-e-type=\"widget\" data-widget_type=\"text-editor.default\">\n\t\t\t\t<div class=\"elementor-widget-container\">\n\t\t\t\t\t\t\t\t\t<h4><b>Finska Rosor<\/b><\/h4>\n<p><b>Formul\u00e4r<\/b><\/p>\n<p><b>Uppgiftsl\u00e4mnare:_________________________________<\/b><\/p>\n<p><b>Kontaktuppgifter:________________________________________________________<\/b><\/p>\n<p><b>Tr\u00e4dg\u00e5rdens l\u00e4ge:<\/b><\/p>\n<p><b>__________________________________________________________________________________________<\/b><\/p>\n<p><b>_________________________________________________________________________________________<\/b><\/p>\n<p><b>Uppgifter om rosen. <\/b><\/p>\n<p><b>Fyndros \/ F\u00f6r\u00e4dlad ros<\/b><\/p>\n<p><b> Namn:__________________________________Grupp:__________________<\/b><\/p>\n<p>&#8211; <b>Storlek:<\/b> h\u00f6jd\/bredd____________________________<\/p>\n<p>&#8211; <b>Blomning:<\/b> b\u00f6rjar____________hur l\u00e4nge_____________ blomrikedom,_______________<\/p>\n<p><b>Vinterh\u00e4rdighet:______________________________________________________________________<\/b><\/p>\n<p><b>_______________________________________________________________________________________<\/b><\/p>\n<p>&#8211; <b>Annat:<\/b>__________________________________________________________________________<\/p>\n<p><b>__________________________________________________________________________________________<\/b><\/p>\n<p><b>__________________________________________________________________________________________<\/b><\/p>\n<p>Skicka formul\u00e4ret:<\/p>\n<p>e-post: <a href=\"m&#97;&#105;&#x6c;&#x74;o:&#104;&#97;&#x6c;&#x6c;it&#117;&#115;&#x40;&#x72;uu&#115;&#x75;&#x73;&#x65;u&#114;&#97;&#x2e;&#x66;&#x69;\"><b>h&#97;&#x6c;&#x6c;i&#116;&#117;&#x73;&#x40;r&#117;&#117;&#x73;&#x75;s&#101;&#x75;&#x72;&#x61;&#46;&#102;&#x69;<\/b><\/a><\/p>\n<p>Pappers post: Suomen Ruususeura \u2105 M.Luther,<\/p>\n<p>Stundarsgr\u00e4nden 4,<\/p>\n<p>65450 Solf<\/p>\n\t\t\t\t\t\t\t\t<\/div>\n\t\t\t\t<\/div>\n\t\t\t\t\t<\/div>\n\t\t<\/div>\n\t\t\t\t\t<\/div>\n\t\t<\/section>\n\t\t\t\t<\/div>\n\t\t","protected":false},"excerpt":{"rendered":"<p>Finska rosor Finska Rosens\u00e4llskapet har p\u00e5b\u00f6rjat projektet &#8217;Finska Rosor&#8217; med m\u00e5ls\u00e4ttningen att samla information om finska rosor i en bok och samtidigt \u00f6ka k\u00e4nnedomen om dem och befr\u00e4mja odlingen av dem i Finland. I artikeln h\u00e4r bredvid hittar du artikeln som publicerades i Rosenbladet 1\/2026. D\u00e4r finns mera detaljer om vilka rosor det g\u00e4ller. Vi [&hellip;]<\/p>\n","protected":false},"author":2,"featured_media":0,"parent":0,"menu_order":0,"comment_status":"closed","ping_status":"closed","template":"","meta":{"footnotes":""},"class_list":["post-4829","page","type-page","status-publish","hentry"],"_links":{"self":[{"href":"https:\/\/ruususeura.fi\/sv\/wp-json\/wp\/v2\/pages\/4829","targetHints":{"allow":["GET"]}}],"collection":[{"href":"https:\/\/ruususeura.fi\/sv\/wp-json\/wp\/v2\/pages"}],"about":[{"href":"https:\/\/ruususeura.fi\/sv\/wp-json\/wp\/v2\/types\/page"}],"author":[{"embeddable":true,"href":"https:\/\/ruususeura.fi\/sv\/wp-json\/wp\/v2\/users\/2"}],"replies":[{"embeddable":true,"href":"https:\/\/ruususeura.fi\/sv\/wp-json\/wp\/v2\/comments?post=4829"}],"version-history":[{"count":1,"href":"https:\/\/ruususeura.fi\/sv\/wp-json\/wp\/v2\/pages\/4829\/revisions"}],"predecessor-version":[{"id":4830,"href":"https:\/\/ruususeura.fi\/sv\/wp-json\/wp\/v2\/pages\/4829\/revisions\/4830"}],"wp:attachment":[{"href":"https:\/\/ruususeura.fi\/sv\/wp-json\/wp\/v2\/media?parent=4829"}],"curies":[{"name":"wp","href":"https:\/\/api.w.org\/{rel}","templated":true}]}}