{"id":558,"date":"2020-04-06T10:28:02","date_gmt":"2020-04-06T07:28:02","guid":{"rendered":"https:\/\/ruususeura.fi\/organisation\/"},"modified":"2024-01-03T18:00:38","modified_gmt":"2024-01-03T16:00:38","slug":"organisation","status":"publish","type":"page","link":"https:\/\/ruususeura.fi\/sv\/organisation\/","title":{"rendered":"Organisation"},"content":{"rendered":"\t\t<div data-elementor-type=\"wp-page\" data-elementor-id=\"558\" class=\"elementor elementor-558 elementor-189\">\n\t\t\t\t\t\t<section class=\"elementor-section elementor-top-section elementor-element elementor-element-e213f58 elementor-section-boxed elementor-section-height-default elementor-section-height-default\" data-id=\"e213f58\" data-element_type=\"section\" data-e-type=\"section\">\n\t\t\t\t\t\t<div class=\"elementor-container elementor-column-gap-default\">\n\t\t\t\t\t<div class=\"aux-parallax-section elementor-column elementor-col-66 elementor-top-column elementor-element elementor-element-4f111ff\" data-id=\"4f111ff\" data-element_type=\"column\" data-e-type=\"column\">\n\t\t\t<div class=\"elementor-widget-wrap elementor-element-populated\">\n\t\t\t\t\t\t<div class=\"elementor-element elementor-element-48713901 elementor-widget elementor-widget-text-editor\" data-id=\"48713901\" data-element_type=\"widget\" data-e-type=\"widget\" data-widget_type=\"text-editor.default\">\n\t\t\t\t<div class=\"elementor-widget-container\">\n\t\t\t\t\t\t\t\t\t<h1>Organisation<\/h1>\n<p>Finska Rosens\u00e4llskapet leds av en styrelse med ordf\u00f6rande, viceordf\u00f6rande, sju medlemmar och fyra ers\u00e4ttare. Styrelsen v\u00e4ljs av \u00e5rsm\u00f6tet som h\u00e5lls i mars. Styrelsen sammantr\u00e4der 6-8 ggr\/\u00e5r. Lokalavdelningarna ordnar, m\u00f6ten, f\u00f6rel\u00e4sningar, bes\u00f6ker tr\u00e4dg\u00e5rdar och deltar i m\u00e4ssevenemang. Rosenbladet har en ansvarig chefredakt\u00f6r, en NRI-redakt\u00f6r. Rosens\u00e4llskapets bokf\u00f6ring sk\u00f6ts av en utomst\u00e5ende bokf\u00f6ringsbyr\u00e5.<\/p>\n<h4>Styrelse<\/h4>\n<p>\n<table id=\"tablepress-1-sv\" class=\"tablepress tablepress-id-1-sv\">\n<thead>\n<tr class=\"row-1\">\n\t<th class=\"column-1\">Position<\/th><th class=\"column-2\">Medlem<br \/>\n<\/th><th class=\"column-3\">Ers\u00e4ttare<\/th>\n<\/tr>\n<\/thead>\n<tbody class=\"row-striping row-hover\">\n<tr class=\"row-2\">\n\t<td class=\"column-1\">Ordf\u00f6rande<\/td><td class=\"column-2\">Michael Luther<br \/>\n0440 256100<br \/>\n<a href=\"&#x70;&#x75;&#x68;&#x65;&#x65;&#x6e;&#x6a;&#x6f;&#x68;&#x74;&#x61;&#x6a;&#x61;&#x40;&#x72;&#x75;&#x75;&#x73;&#x75;&#x73;&#x65;&#x75;&#114;&#97;&#46;&#102;&#105;\">&#112;&#x75;&#104;&#x65;&#101;&#x6e;&#106;&#x6f;&#104;&#x74;&#97;&#x6a;&#97;&#x40;&#114;&#x75;&#117;&#x73;&#117;&#x73;&#101;&#x75;&#114;&#x61;&#46;&#x66;&#105;<\/a><br \/>\n<\/td><td class=\"column-3\"><\/td>\n<\/tr>\n<tr class=\"row-3\">\n\t<td class=\"column-1\">Viceordf\u00f6rande<\/td><td class=\"column-2\">Eija Temmes-Silvonen<br \/>\n<br \/>\n<a href=\"mai&#108;&#116;&#111;&#58;&#x65;&#x69;&#x6a;&#x61;&#x2e;&#x74;&#x65;mme&#115;&#115;&#105;&#108;&#118;&#x6f;&#x6e;&#x65;&#x6e;&#x40;&#x67;mail&#46;&#99;&#111;&#109;&#x69;\">&#x65;&#105;&#x6a;&#x61;&#46;&#x74;&#x65;&#109;&#x6d;&#x65;&#115;&#x73;&#x69;l&#x76;&#x6f;n&#x65;&#110;&#64;&#x67;&#109;a&#x69;&#108;&#46;&#x63;&#111;m<\/a><br \/>\n<\/td><td class=\"column-3\"><\/td>\n<\/tr>\n<tr class=\"row-4\">\n\t<td class=\"column-1\">Sekreterare<\/td><td class=\"column-2\">Margareta H\u00e4gg<br \/>\n040 5514272<br \/>\n<a href=\"mailto: &#115;&#105;&#x68;t&#101;&#x65;&#x72;i&#64;&#x72;&#x75;u&#115;&#x75;s&#101;&#x75;&#x72;a&#46;&#x66;&#x69;\"> &#x73;&#105;h&#x74;&#101;e&#x72;&#105;&#64;&#x72;&#117;u&#x73;&#117;s&#x65;&#x75;r&#x61;&#x2e;&#102;&#x69; <\/a><\/td><td class=\"column-3\"><\/td>\n<\/tr>\n<tr class=\"row-5\">\n\t<td class=\"column-1\">Medlemsansvarig<\/td><td class=\"column-2\">P\u00e4ivikki Vilppula<\/td><td class=\"column-3\"><\/td>\n<\/tr>\n<tr class=\"row-6\">\n\t<td class=\"column-1\"><\/td><td class=\"column-2\">Jukka Kallij\u00e4rvi<\/td><td class=\"column-3\"><\/td>\n<\/tr>\n<tr class=\"row-7\">\n\t<td class=\"column-1\"><\/td><td class=\"column-2\">Inger Kullberg<\/td><td class=\"column-3\"><\/td>\n<\/tr>\n<tr class=\"row-8\">\n\t<td class=\"column-1\"><\/td><td class=\"column-2\">Pentti S\u00e4yn\u00e4v\u00e4j\u00e4rvi<\/td><td class=\"column-3\"><\/td>\n<\/tr>\n<tr class=\"row-9\">\n\t<td class=\"column-1\"><\/td><td class=\"column-2\">Aulis R\u00e4s\u00e4nen<\/td><td class=\"column-3\"><\/td>\n<\/tr>\n<tr class=\"row-10\">\n\t<td class=\"column-1\"><\/td><td class=\"column-2\"><\/td><td class=\"column-3\">Jouko Juutinen<\/td>\n<\/tr>\n<tr class=\"row-11\">\n\t<td class=\"column-1\"><\/td><td class=\"column-2\"><\/td><td class=\"column-3\">Merja Kastu<\/td>\n<\/tr>\n<tr class=\"row-12\">\n\t<td class=\"column-1\"><\/td><td class=\"column-2\"><\/td><td class=\"column-3\">M\u00e4rtha Vesterback<\/td>\n<\/tr>\n<tr class=\"row-13\">\n\t<td class=\"column-1\"><\/td><td class=\"column-2\"><\/td><td class=\"column-3\">Pertti Laitila<\/td>\n<\/tr>\n<tr class=\"row-14\">\n\t<td class=\"column-1\"><\/td><td class=\"column-2\"><\/td><td class=\"column-3\"><\/td>\n<\/tr>\n<\/tbody>\n<\/table>\n<!-- #tablepress-1-sv from cache --><\/p>\n<h4>Medlems\u00e4renden<\/h4>\n<p>P\u00e4ivikki Vilppula \u00a0<a href=\"&#x6d;&#x61;&#x69;&#x6c;&#x74;&#x6f;&#x3a;&#x6a;&#x61;&#x73;&#x65;&#x6e;&#x61;&#x73;&#x69;&#x61;&#x74;&#x40;&#x72;&#x75;&#x75;&#x73;&#117;&#115;&#101;&#117;&#114;&#97;&#46;&#102;&#105;\">&#x6a;&#97;s&#x65;&#110;a&#x73;&#105;a&#x74;&#x40;&#114;&#x75;&#x75;&#115;u&#x73;&#101;u&#x72;&#97;&#46;&#x66;&#x69;<\/a> Register, medlems\u00e4renden, anslutningar och uttr\u00e4den<\/p>\n<p>Best\u00e4llning av publikationer:<a href=\"m&#97;&#105;&#x6c;&#x74;&#x6f;:t&#105;&#108;&#x61;&#x75;&#x73;&#64;&#114;&#117;&#117;&#x73;&#x75;&#x73;e&#117;&#114;&#x61;&#x2e;&#x66;i\">&#x74;&#x69;&#108;&#97;&#117;s&#x40;&#x72;&#x75;&#117;&#115;us&#x65;&#x75;&#x72;&#97;&#46;f&#x69;<\/a><\/p>\n<p><strong>Lokalgrupper<\/strong> \n<table id=\"tablepress-2-sv\" class=\"tablepress tablepress-id-2-sv\">\n<tbody class=\"row-striping row-hover\">\n<tr class=\"row-1\">\n\t<td class=\"column-1\">Helsingfors<\/td><td class=\"column-2\">Maila Klemettinen <br \/>\n<a href=\"&#x6d;a&#x69;&#108;t&#x6f;&#58;&#x6d;&#97;i&#x6c;&#97;&#x6b;&#108;e&#x40;&#103;&#x6d;&#x61;i&#x6c;&#46;c&#x6f;&#109;\">m&#97;&#x69;&#x6c;&#x61;k&#108;&#101;&#x40;&#x67;m&#97;&#105;&#x6c;&#x2e;co&#109;<\/a><br \/>\n<\/td><td class=\"column-3\"><\/td>\n<\/tr>\n<tr class=\"row-2\">\n\t<td class=\"column-1\">Pirkanmaa<\/td><td class=\"column-2\">Kristiina Kallioj\u00e4rvi<br \/>\n040 7602720<br \/>\n<a href=\"&#109;&#97;&#x69;&#x6c;&#116;&#111;&#x3a;&#x6b;&#114;&#105;&#x73;&#x74;&#105;&#105;&#x6e;&#x61;&#46;&#107;&#x61;&#x6c;&#108;&#105;&#x6f;&#x6a;&#97;&#114;&#x76;&#x69;&#64;&#107;&#x6f;&#x6c;&#117;&#109;&#x62;&#x75;&#115;&#46;&#x66;&#x69;\">&#107;&#x72;&#105;&#x73;&#116;&#x69;i&#x6e;a&#46;&#x6b;&#97;&#x6c;&#108;&#x69;o&#x6a;a&#114;&#x76;&#105;&#x40;&#107;&#x6f;&#108;&#x75;m&#x62;u&#115;&#x2e;&#102;&#x69;<\/a><\/td><td class=\"column-3\">Pentti S\u00e4yn\u00e4v\u00e4j\u00e4rvi<br \/>\n0400731399<br \/>\n<a href=\"&#x6d;&#97;i&#x6c;&#x74;&#111;:&#x70;&#x65;&#110;t&#x74;&#x69;&#46;s&#x61;&#x79;&#110;a&#x76;&#97;&#106;a&#x72;&#118;i&#x40;&#x67;&#109;a&#x69;&#x6c;&#46;c&#x6f;&#x6d;\">pe&#110;&#116;&#116;&#x69;&#x2e;&#x73;&#x61;yn&#97;&#118;&#97;&#x6a;&#x61;&#x72;&#x76;i&#64;&#103;&#109;&#97;&#x69;&#x6c;&#x2e;&#x63;om<\/a><\/td>\n<\/tr>\n<tr class=\"row-3\">\n\t<td class=\"column-1\">Ule\u00e5borg<\/td><td class=\"column-2\">Matti Kulju<br \/>\n<a href=\"&#109;&#x61;i&#108;&#x74;o&#x3a;&#x6d;&#46;&#x6b;u&#108;&#x6a;u&#64;&#x6b;&#111;&#x6c;u&#109;&#x62;u&#115;&#x2e;&#102;&#x69;\">&#109;&#x2e;&#107;&#x75;l&#x6a;u&#64;&#x6b;&#111;&#x6c;&#117;&#x6d;b&#x75;s&#46;&#x66;&#105;<\/a><\/td><td class=\"column-3\"><\/td>\n<\/tr>\n<tr class=\"row-4\">\n\t<td class=\"column-1\">\u00c5bonejden<\/td><td class=\"column-2\">Maarit Kaipiainen<br \/>\n<a href=\"&#x6d;&#97;i&#x6c;&#x74;&#111;:&#x6d;&#x61;&#97;r&#x69;&#116;&#46;&#x6b;&#x61;&#105;p&#x69;&#x61;&#105;n&#x65;&#110;&#64;&#x70;&#x70;&#46;i&#x6e;&#x65;&#116;&#46;&#x66;&#105;\">&#109;&#97;&#x61;&#x72;&#105;&#116;&#x2e;&#x6b;&#97;&#105;&#x70;&#x69;&#97;&#105;&#x6e;&#x65;&#110;&#64;&#x70;&#x70;&#46;&#105;&#x6e;&#x65;&#116;&#46;&#x66;&#x69;<\/a><br \/>\n<\/td><td class=\"column-3\"><\/td>\n<\/tr>\n<tr class=\"row-5\">\n\t<td class=\"column-1\">Vilande lokalavdelningar:<\/td><td class=\"column-2\">Jyv\u00e4skyl\u00e4<br \/>\nV\u00e4stkusten<br \/>\n\u00d6sterbotten<br \/>\nSein\u00e4joki<\/td><td class=\"column-3\"><\/td>\n<\/tr>\n<\/tbody>\n<\/table>\n<!-- #tablepress-2-sv from cache --><\/p>\n<h4>Ekonomi<\/h4>\n<p>Jaana J\u00e4rvinen\/ Yrityspalvelu Simetra Oy<br \/>\nRauhalantie 4,<\/p>\n<p>33480 Yl\u00f6j\u00e4rvi<\/p>\n\t\t\t\t\t\t\t\t<\/div>\n\t\t\t\t<\/div>\n\t\t\t\t\t<\/div>\n\t\t<\/div>\n\t\t\t\t<div class=\"aux-parallax-section elementor-column elementor-col-33 elementor-top-column elementor-element elementor-element-2393d0b\" data-id=\"2393d0b\" data-element_type=\"column\" data-e-type=\"column\">\n\t\t\t<div class=\"elementor-widget-wrap\">\n\t\t\t\t\t\t\t<\/div>\n\t\t<\/div>\n\t\t\t\t\t<\/div>\n\t\t<\/section>\n\t\t\t\t<\/div>\n\t\t","protected":false},"excerpt":{"rendered":"<p>Organisation Finska Rosens\u00e4llskapet leds av en styrelse med ordf\u00f6rande, viceordf\u00f6rande, sju medlemmar och fyra ers\u00e4ttare. Styrelsen v\u00e4ljs av \u00e5rsm\u00f6tet som h\u00e5lls i mars. Styrelsen sammantr\u00e4der 6-8 ggr\/\u00e5r. Lokalavdelningarna ordnar, m\u00f6ten, f\u00f6rel\u00e4sningar, bes\u00f6ker tr\u00e4dg\u00e5rdar och deltar i m\u00e4ssevenemang. Rosenbladet har en ansvarig chefredakt\u00f6r, en NRI-redakt\u00f6r. Rosens\u00e4llskapets bokf\u00f6ring sk\u00f6ts av en utomst\u00e5ende bokf\u00f6ringsbyr\u00e5. Styrelse Medlems\u00e4renden P\u00e4ivikki Vilppula [&hellip;]<\/p>\n","protected":false},"author":1,"featured_media":0,"parent":0,"menu_order":0,"comment_status":"closed","ping_status":"closed","template":"","meta":{"footnotes":""},"class_list":["post-558","page","type-page","status-publish","hentry"],"_links":{"self":[{"href":"https:\/\/ruususeura.fi\/sv\/wp-json\/wp\/v2\/pages\/558","targetHints":{"allow":["GET"]}}],"collection":[{"href":"https:\/\/ruususeura.fi\/sv\/wp-json\/wp\/v2\/pages"}],"about":[{"href":"https:\/\/ruususeura.fi\/sv\/wp-json\/wp\/v2\/types\/page"}],"author":[{"embeddable":true,"href":"https:\/\/ruususeura.fi\/sv\/wp-json\/wp\/v2\/users\/1"}],"replies":[{"embeddable":true,"href":"https:\/\/ruususeura.fi\/sv\/wp-json\/wp\/v2\/comments?post=558"}],"version-history":[{"count":5,"href":"https:\/\/ruususeura.fi\/sv\/wp-json\/wp\/v2\/pages\/558\/revisions"}],"predecessor-version":[{"id":4345,"href":"https:\/\/ruususeura.fi\/sv\/wp-json\/wp\/v2\/pages\/558\/revisions\/4345"}],"wp:attachment":[{"href":"https:\/\/ruususeura.fi\/sv\/wp-json\/wp\/v2\/media?parent=558"}],"curies":[{"name":"wp","href":"https:\/\/api.w.org\/{rel}","templated":true}]}}