{"id":566,"date":"2020-04-06T12:28:04","date_gmt":"2020-04-06T09:28:04","guid":{"rendered":"https:\/\/ruususeura.fi\/medlemskap\/"},"modified":"2025-02-11T11:40:20","modified_gmt":"2025-02-11T09:40:20","slug":"medlemskap","status":"publish","type":"page","link":"https:\/\/ruususeura.fi\/sv\/medlemskap\/","title":{"rendered":"Medlemskap"},"content":{"rendered":"\t\t<div data-elementor-type=\"wp-page\" data-elementor-id=\"566\" class=\"elementor elementor-566 elementor-499\">\n\t\t\t\t\t\t<section class=\"elementor-section elementor-top-section elementor-element elementor-element-3deb970 elementor-section-boxed elementor-section-height-default elementor-section-height-default\" data-id=\"3deb970\" data-element_type=\"section\" data-e-type=\"section\">\n\t\t\t\t\t\t<div class=\"elementor-container elementor-column-gap-default\">\n\t\t\t\t\t<div class=\"aux-parallax-section elementor-column elementor-col-66 elementor-top-column elementor-element elementor-element-a86a5bb\" data-id=\"a86a5bb\" data-element_type=\"column\" data-e-type=\"column\">\n\t\t\t<div class=\"elementor-widget-wrap elementor-element-populated\">\n\t\t\t\t\t\t<div class=\"elementor-element elementor-element-a9a3889 elementor-widget elementor-widget-heading\" data-id=\"a9a3889\" data-element_type=\"widget\" data-e-type=\"widget\" data-widget_type=\"heading.default\">\n\t\t\t\t<div class=\"elementor-widget-container\">\n\t\t\t\t\t<h1 class=\"elementor-heading-title elementor-size-default\">Medlemskap<\/h1>\t\t\t\t<\/div>\n\t\t\t\t<\/div>\n\t\t\t\t<div class=\"elementor-element elementor-element-cf87b60 elementor-widget elementor-widget-text-editor\" data-id=\"cf87b60\" data-element_type=\"widget\" data-e-type=\"widget\" data-widget_type=\"text-editor.default\">\n\t\t\t\t<div class=\"elementor-widget-container\">\n\t\t\t\t\t\t\t\t\t<h3>Puutarhaliitto-Tr\u00e4dg\u00e5rdsf\u00f6rbundet<\/h3>\n<p>Finska Rosens\u00e4llskapet \u00e4r medlem i\u00a0 Puutarhaliitto- Tr\u00e4dg\u00e5rdsf\u00f6rbundet.<\/p>\n<p>Puutarhaliitto-Tr\u00e4dg\u00e5rdsf\u00f6rbundet har f\u00f6rnyats 2024. F\u00f6rbundet \u00e4r nu huvudsakligen en samarbets- och takorganisation f\u00f6r amat\u00f6rtr\u00e4dg\u00e5rdsodlarnas f\u00f6reningar. \u00a0Alla registrerade tr\u00e4dg\u00e5rdsf\u00f6reningar och tr\u00e4dg\u00e5rdsbranschens specialf\u00f6reningar kan vara medlemmar i Tr\u00e4dg\u00e5rdsf\u00f6rbundet.<\/p>\n\t\t\t\t\t\t\t\t<\/div>\n\t\t\t\t<\/div>\n\t\t\t\t<div class=\"elementor-element elementor-element-9c6f00d elementor-widget elementor-widget-text-editor\" data-id=\"9c6f00d\" data-element_type=\"widget\" data-e-type=\"widget\" data-widget_type=\"text-editor.default\">\n\t\t\t\t<div class=\"elementor-widget-container\">\n\t\t\t\t\t\t\t\t\t<h3 class=\"Friform\"><span lang=\"SV-FI\" style=\"color: #0e002d;\">Nordiska Rosens\u00e4llskapet\u00a0<\/span><\/h3>\n<p><strong>\u00a0<\/strong> Nordiska Rosens\u00e4llskapet \u00e4r ett samarbetsforum f\u00f6r rosens\u00e4llskapen i de fem nordiska l\u00e4nderna. De \u00f6vriga medlemmarna \u00e4r:<\/p>\n<p><a href=\"https:\/\/www.svenskarosensallskapet.se\/start\" target=\"_blank\" rel=\"noopener\">Svenska Rosens\u00e4llskapet<\/a><\/p>\n<p><a href=\"https:\/\/detdanskerosenselskab.dk\" target=\"_blank\" rel=\"noopener\">Det Danske Rosenselskab<\/a><\/p>\n<p><a href=\"https:\/\/norskroseforening.no\" target=\"_blank\" rel=\"noopener\">Norsk Roseforening<\/a><\/p>\n<p><a href=\"https:\/\/gardurinn.is\/rosaklubburinn\/\">R\u00f3sakl\u00fabbur Gar\u00f0yrkjuf\u00e9lags \u00cdslands<\/a><\/p>\n<p>Det Nordiska Rosens\u00e4llskapet ordnar en Rosenweekend vartannat \u00e5r.<\/p>\n<p>I \u00e5r ordnas Rosenweekenden i Island 8-10.8.2025.<\/p>\n<p>F\u00f6ljande Rosenweekend ordnas i Finland 2-5.7.2027<\/p>\n\t\t\t\t\t\t\t\t<\/div>\n\t\t\t\t<\/div>\n\t\t\t\t\t<\/div>\n\t\t<\/div>\n\t\t\t\t<div class=\"aux-parallax-section elementor-column elementor-col-33 elementor-top-column elementor-element elementor-element-e79a5bf\" data-id=\"e79a5bf\" data-element_type=\"column\" data-e-type=\"column\">\n\t\t\t<div class=\"elementor-widget-wrap elementor-element-populated\">\n\t\t\t\t\t\t<div class=\"elementor-element elementor-element-9c5d309 elementor-widget elementor-widget-image\" data-id=\"9c5d309\" data-element_type=\"widget\" data-e-type=\"widget\" data-widget_type=\"image.default\">\n\t\t\t\t<div class=\"elementor-widget-container\">\n\t\t\t\t\t\t\t\t\t\t\t\t<figure class=\"wp-caption\">\n\t\t\t\t\t\t\t\t\t\t<img fetchpriority=\"high\" decoding=\"async\" width=\"1024\" height=\"1024\" src=\"https:\/\/ruususeura.fi\/wp-content\/uploads\/2020\/06\/DSC_9366-1024x1024.jpg\" class=\"attachment-large size-large wp-image-1105\" alt=\"\" srcset=\"https:\/\/ruususeura.fi\/wp-content\/uploads\/2020\/06\/DSC_9366-1024x1024.jpg 1024w, https:\/\/ruususeura.fi\/wp-content\/uploads\/2020\/06\/DSC_9366-300x300.jpg 300w, https:\/\/ruususeura.fi\/wp-content\/uploads\/2020\/06\/DSC_9366-150x150.jpg 150w, https:\/\/ruususeura.fi\/wp-content\/uploads\/2020\/06\/DSC_9366-768x768.jpg 768w\" sizes=\"(max-width: 1024px) 100vw, 1024px\" \/>\t\t\t\t\t\t\t\t\t\t\t<figcaption class=\"widget-image-caption wp-caption-text\">'The Lark Ascending'<\/figcaption>\n\t\t\t\t\t\t\t\t\t\t<\/figure>\n\t\t\t\t\t\t\t\t\t<\/div>\n\t\t\t\t<\/div>\n\t\t\t\t<div class=\"elementor-element elementor-element-2f27ae7 elementor-widget elementor-widget-image\" data-id=\"2f27ae7\" data-element_type=\"widget\" data-e-type=\"widget\" data-widget_type=\"image.default\">\n\t\t\t\t<div class=\"elementor-widget-container\">\n\t\t\t\t\t\t\t\t\t\t\t\t<figure class=\"wp-caption\">\n\t\t\t\t\t\t\t\t\t\t<img decoding=\"async\" width=\"1920\" height=\"1281\" src=\"https:\/\/ruususeura.fi\/wp-content\/uploads\/2020\/05\/fullsizeoutput_e11a.jpeg\" class=\"attachment-full size-full wp-image-1006\" alt=\"Freja\" srcset=\"https:\/\/ruususeura.fi\/wp-content\/uploads\/2020\/05\/fullsizeoutput_e11a.jpeg 1920w, https:\/\/ruususeura.fi\/wp-content\/uploads\/2020\/05\/fullsizeoutput_e11a-1536x1025.jpeg 1536w\" sizes=\"(max-width: 1920px) 100vw, 1920px\" \/>\t\t\t\t\t\t\t\t\t\t\t<figcaption class=\"widget-image-caption wp-caption-text\">'Freja'<\/figcaption>\n\t\t\t\t\t\t\t\t\t\t<\/figure>\n\t\t\t\t\t\t\t\t\t<\/div>\n\t\t\t\t<\/div>\n\t\t\t\t<div class=\"elementor-element elementor-element-9d52b02 elementor-widget-divider--view-line elementor-widget elementor-widget-divider\" data-id=\"9d52b02\" data-element_type=\"widget\" data-e-type=\"widget\" data-widget_type=\"divider.default\">\n\t\t\t\t<div class=\"elementor-widget-container\">\n\t\t\t\t\t\t\t<div class=\"elementor-divider\">\n\t\t\t<span class=\"elementor-divider-separator\">\n\t\t\t\t\t\t<\/span>\n\t\t<\/div>\n\t\t\t\t\t\t<\/div>\n\t\t\t\t<\/div>\n\t\t\t\t\t<\/div>\n\t\t<\/div>\n\t\t\t\t\t<\/div>\n\t\t<\/section>\n\t\t\t\t<section class=\"elementor-section elementor-top-section elementor-element elementor-element-43c1fd7 elementor-section-boxed elementor-section-height-default elementor-section-height-default\" data-id=\"43c1fd7\" data-element_type=\"section\" data-e-type=\"section\">\n\t\t\t\t\t\t<div class=\"elementor-container elementor-column-gap-default\">\n\t\t\t\t\t<div class=\"aux-parallax-section elementor-column elementor-col-25 elementor-top-column elementor-element elementor-element-738c8a4\" data-id=\"738c8a4\" data-element_type=\"column\" data-e-type=\"column\">\n\t\t\t<div class=\"elementor-widget-wrap elementor-element-populated\">\n\t\t\t\t\t\t<div class=\"elementor-element elementor-element-b493ff5 elementor-widget elementor-widget-image\" data-id=\"b493ff5\" data-element_type=\"widget\" data-e-type=\"widget\" data-widget_type=\"image.default\">\n\t\t\t\t<div class=\"elementor-widget-container\">\n\t\t\t\t\t\t\t\t\t\t\t\t\t\t\t<img decoding=\"async\" width=\"590\" height=\"707\" src=\"https:\/\/ruususeura.fi\/wp-content\/uploads\/2020\/10\/Sverige_logo_ny_sk.jpg\" class=\"attachment-medium_large size-medium_large wp-image-2388\" alt=\"\" \/>\t\t\t\t\t\t\t\t\t\t\t\t\t\t\t<\/div>\n\t\t\t\t<\/div>\n\t\t\t\t\t<\/div>\n\t\t<\/div>\n\t\t\t\t<div class=\"aux-parallax-section elementor-column elementor-col-25 elementor-top-column elementor-element elementor-element-2b7822d\" data-id=\"2b7822d\" data-element_type=\"column\" data-e-type=\"column\">\n\t\t\t<div class=\"elementor-widget-wrap elementor-element-populated\">\n\t\t\t\t\t\t<div class=\"elementor-element elementor-element-56fd41e elementor-widget elementor-widget-image\" data-id=\"56fd41e\" data-element_type=\"widget\" data-e-type=\"widget\" data-widget_type=\"image.default\">\n\t\t\t\t<div class=\"elementor-widget-container\">\n\t\t\t\t\t\t\t\t\t\t\t\t\t\t\t<img loading=\"lazy\" decoding=\"async\" width=\"489\" height=\"606\" src=\"https:\/\/ruususeura.fi\/wp-content\/uploads\/2020\/10\/Norge-logo.jpg\" class=\"attachment-large size-large wp-image-2386\" alt=\"\" \/>\t\t\t\t\t\t\t\t\t\t\t\t\t\t\t<\/div>\n\t\t\t\t<\/div>\n\t\t\t\t\t<\/div>\n\t\t<\/div>\n\t\t\t\t<div class=\"aux-parallax-section elementor-column elementor-col-25 elementor-top-column elementor-element elementor-element-8c451b8\" data-id=\"8c451b8\" data-element_type=\"column\" data-e-type=\"column\">\n\t\t\t<div class=\"elementor-widget-wrap elementor-element-populated\">\n\t\t\t\t\t\t<div class=\"elementor-element elementor-element-4a693ec elementor-widget elementor-widget-image\" data-id=\"4a693ec\" data-element_type=\"widget\" data-e-type=\"widget\" data-widget_type=\"image.default\">\n\t\t\t\t<div class=\"elementor-widget-container\">\n\t\t\t\t\t\t\t\t\t\t\t\t\t\t\t<img decoding=\"async\" src=\"https:\/\/ruususeura.fi\/wp-content\/uploads\/2020\/10\/Island-logo.jpg\" title=\"Island logo\" alt=\"Island logo\" loading=\"lazy\" \/>\t\t\t\t\t\t\t\t\t\t\t\t\t\t\t<\/div>\n\t\t\t\t<\/div>\n\t\t\t\t\t<\/div>\n\t\t<\/div>\n\t\t\t\t<div class=\"aux-parallax-section elementor-column elementor-col-25 elementor-top-column elementor-element elementor-element-1e678b8\" data-id=\"1e678b8\" data-element_type=\"column\" data-e-type=\"column\">\n\t\t\t<div class=\"elementor-widget-wrap elementor-element-populated\">\n\t\t\t\t\t\t<div class=\"elementor-element elementor-element-aaa0240 elementor-widget elementor-widget-image\" data-id=\"aaa0240\" data-element_type=\"widget\" data-e-type=\"widget\" data-widget_type=\"image.default\">\n\t\t\t\t<div class=\"elementor-widget-container\">\n\t\t\t\t\t\t\t\t\t\t\t\t\t\t\t<img loading=\"lazy\" decoding=\"async\" width=\"590\" height=\"707\" src=\"https:\/\/ruususeura.fi\/wp-content\/uploads\/2020\/10\/Danmark-logo.jpg\" class=\"attachment-large size-large wp-image-2382\" alt=\"\" \/>\t\t\t\t\t\t\t\t\t\t\t\t\t\t\t<\/div>\n\t\t\t\t<\/div>\n\t\t\t\t\t<\/div>\n\t\t<\/div>\n\t\t\t\t\t<\/div>\n\t\t<\/section>\n\t\t\t\t<section class=\"elementor-section elementor-top-section elementor-element elementor-element-c5d38cf elementor-section-boxed elementor-section-height-default elementor-section-height-default\" data-id=\"c5d38cf\" data-element_type=\"section\" data-e-type=\"section\">\n\t\t\t\t\t\t<div class=\"elementor-container elementor-column-gap-default\">\n\t\t\t\t\t<div class=\"aux-parallax-section elementor-column elementor-col-66 elementor-top-column elementor-element elementor-element-b99a71a\" data-id=\"b99a71a\" data-element_type=\"column\" data-e-type=\"column\">\n\t\t\t<div class=\"elementor-widget-wrap elementor-element-populated\">\n\t\t\t\t\t\t<div class=\"elementor-element elementor-element-568879d elementor-widget elementor-widget-text-editor\" data-id=\"568879d\" data-element_type=\"widget\" data-e-type=\"widget\" data-widget_type=\"text-editor.default\">\n\t\t\t\t<div class=\"elementor-widget-container\">\n\t\t\t\t\t\t\t\t\t<h3><\/h3>\n<p><a href=\"http:\/\/www.worldrose.org\" target=\"_blank\" rel=\"noopener\"><strong>World Federation of Rose Societies<\/strong> (WFRS)<\/a><\/p>\n<p>WFRS \u00e4r en sammanslutning f\u00f6r nationella rosens\u00e4llskap i hela v\u00e4rlden. Finska Rosens\u00e4llskapet \u00e4r medlem i WFRS.<\/p>\n<p>WFRS ordnar en v\u00e4rldskonferens vart tredje \u00e5r. I \u00e5r ordnas konferensen i Fukuyama i Japan 18-23.5.2025<\/p>\n\t\t\t\t\t\t\t\t<\/div>\n\t\t\t\t<\/div>\n\t\t\t\t\t<\/div>\n\t\t<\/div>\n\t\t\t\t<div class=\"aux-parallax-section elementor-column elementor-col-33 elementor-top-column elementor-element elementor-element-a6cfd2f\" data-id=\"a6cfd2f\" data-element_type=\"column\" data-e-type=\"column\">\n\t\t\t<div class=\"elementor-widget-wrap elementor-element-populated\">\n\t\t\t\t\t\t<div class=\"elementor-element elementor-element-6e9fcbd elementor-widget elementor-widget-image\" data-id=\"6e9fcbd\" data-element_type=\"widget\" data-e-type=\"widget\" data-widget_type=\"image.default\">\n\t\t\t\t<div class=\"elementor-widget-container\">\n\t\t\t\t\t\t\t\t\t\t\t\t\t\t\t\t<a href=\"http:\/\/www.worldrose.org\" target=\"_blank\">\n\t\t\t\t\t\t\t<img loading=\"lazy\" decoding=\"async\" width=\"177\" height=\"175\" src=\"https:\/\/ruususeura.fi\/wp-content\/uploads\/2020\/02\/wfrs_logo.png\" class=\"attachment-large size-large wp-image-135\" alt=\"World Federation of Rose Societies\" \/>\t\t\t\t\t\t\t\t<\/a>\n\t\t\t\t\t\t\t\t\t\t\t\t\t\t\t<\/div>\n\t\t\t\t<\/div>\n\t\t\t\t\t<\/div>\n\t\t<\/div>\n\t\t\t\t\t<\/div>\n\t\t<\/section>\n\t\t\t\t<\/div>\n\t\t","protected":false},"excerpt":{"rendered":"<p>Medlemskap Puutarhaliitto-Tr\u00e4dg\u00e5rdsf\u00f6rbundet Finska Rosens\u00e4llskapet \u00e4r medlem i\u00a0 Puutarhaliitto- Tr\u00e4dg\u00e5rdsf\u00f6rbundet. Puutarhaliitto-Tr\u00e4dg\u00e5rdsf\u00f6rbundet har f\u00f6rnyats 2024. F\u00f6rbundet \u00e4r nu huvudsakligen en samarbets- och takorganisation f\u00f6r amat\u00f6rtr\u00e4dg\u00e5rdsodlarnas f\u00f6reningar. \u00a0Alla registrerade tr\u00e4dg\u00e5rdsf\u00f6reningar och tr\u00e4dg\u00e5rdsbranschens specialf\u00f6reningar kan vara medlemmar i Tr\u00e4dg\u00e5rdsf\u00f6rbundet. Nordiska Rosens\u00e4llskapet\u00a0 \u00a0 Nordiska Rosens\u00e4llskapet \u00e4r ett samarbetsforum f\u00f6r rosens\u00e4llskapen i de fem nordiska l\u00e4nderna. De \u00f6vriga medlemmarna \u00e4r: Svenska [&hellip;]<\/p>\n","protected":false},"author":1,"featured_media":0,"parent":0,"menu_order":0,"comment_status":"closed","ping_status":"closed","template":"","meta":{"footnotes":""},"class_list":["post-566","page","type-page","status-publish","hentry"],"_links":{"self":[{"href":"https:\/\/ruususeura.fi\/sv\/wp-json\/wp\/v2\/pages\/566","targetHints":{"allow":["GET"]}}],"collection":[{"href":"https:\/\/ruususeura.fi\/sv\/wp-json\/wp\/v2\/pages"}],"about":[{"href":"https:\/\/ruususeura.fi\/sv\/wp-json\/wp\/v2\/types\/page"}],"author":[{"embeddable":true,"href":"https:\/\/ruususeura.fi\/sv\/wp-json\/wp\/v2\/users\/1"}],"replies":[{"embeddable":true,"href":"https:\/\/ruususeura.fi\/sv\/wp-json\/wp\/v2\/comments?post=566"}],"version-history":[{"count":5,"href":"https:\/\/ruususeura.fi\/sv\/wp-json\/wp\/v2\/pages\/566\/revisions"}],"predecessor-version":[{"id":4678,"href":"https:\/\/ruususeura.fi\/sv\/wp-json\/wp\/v2\/pages\/566\/revisions\/4678"}],"wp:attachment":[{"href":"https:\/\/ruususeura.fi\/sv\/wp-json\/wp\/v2\/media?parent=566"}],"curies":[{"name":"wp","href":"https:\/\/api.w.org\/{rel}","templated":true}]}}