{"id":568,"date":"2020-04-06T12:38:19","date_gmt":"2020-04-06T09:38:19","guid":{"rendered":"https:\/\/ruususeura.fi\/rosenbladet\/"},"modified":"2021-01-03T17:49:42","modified_gmt":"2021-01-03T15:49:42","slug":"rosenbladet","status":"publish","type":"page","link":"https:\/\/ruususeura.fi\/sv\/rosenbladet\/","title":{"rendered":"Rosenbladet"},"content":{"rendered":"\t\t<div data-elementor-type=\"wp-page\" data-elementor-id=\"568\" class=\"elementor elementor-568 elementor-316\">\n\t\t\t\t\t\t<section class=\"elementor-section elementor-top-section elementor-element elementor-element-e213f58 elementor-section-boxed elementor-section-height-default elementor-section-height-default\" data-id=\"e213f58\" data-element_type=\"section\" data-e-type=\"section\">\n\t\t\t\t\t\t<div class=\"elementor-container elementor-column-gap-default\">\n\t\t\t\t\t<div class=\"aux-parallax-section elementor-column elementor-col-66 elementor-top-column elementor-element elementor-element-4f111ff\" data-id=\"4f111ff\" data-element_type=\"column\" data-e-type=\"column\">\n\t\t\t<div class=\"elementor-widget-wrap elementor-element-populated\">\n\t\t\t\t\t\t<div class=\"elementor-element elementor-element-48713901 elementor-widget elementor-widget-text-editor\" data-id=\"48713901\" data-element_type=\"widget\" data-e-type=\"widget\" data-widget_type=\"text-editor.default\">\n\t\t\t\t<div class=\"elementor-widget-container\">\n\t\t\t\t\t\t\t\t\t<h1>Rosenbladet<\/h1>\n<p>Rosenbladet \u00e4r den sammanbindande l\u00e4nken mellan rosens\u00e4llskapets medlemmar.\u00a0 Inneh\u00e5llet i tidningen st\u00f6der rosens\u00e4llskapets m\u00e5ls\u00e4ttningar att inspirera och uppmuntra intresset f\u00f6r rosor genom:<\/p>\n\t\t\t\t\t\t\t\t<\/div>\n\t\t\t\t<\/div>\n\t\t\t\t<div class=\"elementor-element elementor-element-fb057c0 elementor-icon-list--layout-traditional elementor-list-item-link-full_width elementor-widget elementor-widget-icon-list\" data-id=\"fb057c0\" data-element_type=\"widget\" data-e-type=\"widget\" data-widget_type=\"icon-list.default\">\n\t\t\t\t<div class=\"elementor-widget-container\">\n\t\t\t\t\t\t\t<ul class=\"elementor-icon-list-items\">\n\t\t\t\t\t\t\t<li class=\"elementor-icon-list-item\">\n\t\t\t\t\t\t\t\t\t\t\t<span class=\"elementor-icon-list-icon\">\n\t\t\t\t\t\t\t<i aria-hidden=\"true\" class=\"fas fa-minus\"><\/i>\t\t\t\t\t\t<\/span>\n\t\t\t\t\t\t\t\t\t\t<span class=\"elementor-icon-list-text\">\u00f6kad kunskap och forskning om anv\u00e4ndning av rosornas arter och sorter<\/span>\n\t\t\t\t\t\t\t\t\t<\/li>\n\t\t\t\t\t\t\t\t<li class=\"elementor-icon-list-item\">\n\t\t\t\t\t\t\t\t\t\t\t<span class=\"elementor-icon-list-icon\">\n\t\t\t\t\t\t\t<i aria-hidden=\"true\" class=\"fas fa-minus\"><\/i>\t\t\t\t\t\t<\/span>\n\t\t\t\t\t\t\t\t\t\t<span class=\"elementor-icon-list-text\">kunskap om rosornas historia<\/span>\n\t\t\t\t\t\t\t\t\t<\/li>\n\t\t\t\t\t\t\t\t<li class=\"elementor-icon-list-item\">\n\t\t\t\t\t\t\t\t\t\t\t<span class=\"elementor-icon-list-icon\">\n\t\t\t\t\t\t\t<i aria-hidden=\"true\" class=\"fas fa-minus\"><\/i>\t\t\t\t\t\t<\/span>\n\t\t\t\t\t\t\t\t\t\t<span class=\"elementor-icon-list-text\">att vara en sammanbindande l\u00e4nk mellan amat\u00f6rer, forskare och odlare<\/span>\n\t\t\t\t\t\t\t\t\t<\/li>\n\t\t\t\t\t\t<\/ul>\n\t\t\t\t\t\t<\/div>\n\t\t\t\t<\/div>\n\t\t\t\t<div class=\"elementor-element elementor-element-0216df5 elementor-widget elementor-widget-text-editor\" data-id=\"0216df5\" data-element_type=\"widget\" data-e-type=\"widget\" data-widget_type=\"text-editor.default\">\n\t\t\t\t<div class=\"elementor-widget-container\">\n\t\t\t\t\t\t\t\t\t<p class=\"BrdtextA\"><span lang=\"SV\">Det h\u00e4r \u00e4r utmanande men ger samtidigt m\u00f6jlighet att publicera artiklar inom ett brett f\u00e4lt som ber\u00f6r rosor. <\/span><\/p>\n<p class=\"BrdtextA\"><span lang=\"SV\">D\u00e5 rosens\u00e4llskapets medlemmar idag huvudsakligen \u00e4r amat\u00f6rer och har tr\u00e4dg\u00e5rdsodling som hobby ligger medlemsbladets fokus ocks\u00e5 l\u00e5ngt p\u00e5 det. <\/span><\/p>\n<p class=\"BrdtextA\"><span lang=\"SV\">Medlemmarna har ett brett intresse av olika typer av rosor, tr\u00e4dg\u00e5rdsbeskrivningar, reseber\u00e4ttelser, f\u00f6r\u00f6kning och f\u00f6r\u00e4dling av rosor. Kanske mest av allt intresserar \u00e4nd\u00e5 hur man kan lyckas med rosor i den egna tr\u00e4dg\u00e5rden. Vilka \u00e4r f\u00f6ruts\u00e4ttningarna, hur v\u00e4ljer man, hur planterar och sk\u00f6ter man rosor? <\/span><\/p>\n<p class=\"BrdtextA\"><span lang=\"SV\">Rosenbladet \u00e4r ocks\u00e5 medlemmarnas eget forum d\u00e4r allt som \u00e4r viktigt f\u00f6r medlemmarna och som intresserar i ett brett perspektiv ges utrymme. <\/span><\/p>\n<p class=\"BrdtextA\"><span lang=\"SV\">Rosenbladet v\u00e4lkomnar artiklar inom hela det h\u00e4r vida f\u00e4ltet fr\u00e5n olika skribenter. <\/span><\/p>\n<p class=\"BrdtextA\"><span lang=\"SV\">Ocks\u00e5 du som l\u00e4ser det h\u00e4r \u00e4r v\u00e4lkommen med bidrag till Rosenbladet. Det beh\u00f6ver inte vara s\u00e5 invecklat att skriva. Erfarenheter fr\u00e5n den egna tr\u00e4dg\u00e5rden eller bes\u00f6k i en intressant rosentr\u00e4dg\u00e5rd intresserar tidningens l\u00e4sare likav\u00e4l som hur man f\u00f6r\u00e4dlar rosor<\/span><\/p>\n<p><strong>N\u00e4r du skriver \u00e4r det bra att f\u00f6lja n\u00e5gra enkla rekommendationer och regler.<\/strong><\/p>\n<ul>\n<li>Skriv om det du vill ha fram. Man beh\u00f6ver inte vara expert eller beh\u00e4rska botanisk eller latinsk terminologi f\u00f6r att skriva. Redaktionen kontrollerar namn och r\u00e4tt skrivningss\u00e4tt<\/li>\n<li>Texten beh\u00f6ver inte vara l\u00e5ng. Fokusera p\u00e5 ditt eget budskap.<\/li>\n<li>Dela in texten i klara delar s\u00e5 g\u00e5r budskapet b\u00e4ttre hem.<\/li>\n<li>Anv\u00e4nd bilder som st\u00f6der texten. Vid behov kan redaktionen skaffa fram bilder.<\/li>\n<\/ul>\n<p><strong>Praktiska fr\u00e5gor \u00e4r ocks\u00e5 viktiga:<\/strong><\/p>\n<ul>\n<li>Skriv i word-format och skicka det som bilaga via e-post till redaktionen.<\/li>\n<li>Bilderna skall vara i JPEG-format, minst 1Mb storlek, helst 4-8Mb.<\/li>\n<li>N\u00e4r du tar bilder kontrollera kamerans inst\u00e4llningar s\u00e5 att bildsk\u00e4rpan blir tillr\u00e4cklig.<\/li>\n<li>Tag hellre bilder i mulet v\u00e4der \u00e4n i solsken. Klart solsken accentuerar skarpa kontraster och f\u00f6rst\u00f6r detaljer, speciellt vid blomfotografering.<\/li>\n<li>Rosenbilder beh\u00f6ver inte bara vara n\u00e4rbilder av blommor. Bilder som ocks\u00e5 visar blad och stam ber\u00e4ttar mera en bara en blombild.<\/li>\n<li>Markera tydligt vilken text och bild som h\u00f6r ihop.<\/li>\n<li>Stora filer kan vara besv\u00e4rliga att skicka med e-post. Det kan vara n\u00f6dv\u00e4ndigt att dela dem p\u00e5 flera e-post med bara enstaka bilder i vaje eller komma \u00f6verens med redakt\u00f6ren hur materialet skall skickas.<\/li>\n<li>Notera att Rosens\u00e4llskapet kan anv\u00e4nda bild- och textmaterial som kommer till tidningen ocks\u00e5 f\u00f6r andra artiklar \u00e4n din egen, eller p\u00e5 n\u00e4tet. Om du inte till\u00e5ter detta, meddela d\u00e5 klart och tydligt hur ditt material f\u00e5r\/inte f\u00e5r anv\u00e4ndas.<\/li>\n<li>Om du anv\u00e4nder bilder som inte \u00e4r dina egna, kontrollera att det \u00e4r ok att publicera dem.<\/li>\n<li>Kom ih\u00e5g att meddela dina kontaktuppgifter tydligt.<\/li>\n<\/ul>\n\t\t\t\t\t\t\t\t<\/div>\n\t\t\t\t<\/div>\n\t\t\t\t\t<\/div>\n\t\t<\/div>\n\t\t\t\t<div class=\"aux-parallax-section elementor-column elementor-col-33 elementor-top-column elementor-element elementor-element-2393d0b\" data-id=\"2393d0b\" data-element_type=\"column\" data-e-type=\"column\">\n\t\t\t<div class=\"elementor-widget-wrap elementor-element-populated\">\n\t\t\t\t\t\t<div class=\"elementor-element elementor-element-f6dad8a elementor-widget elementor-widget-image\" data-id=\"f6dad8a\" data-element_type=\"widget\" data-e-type=\"widget\" data-widget_type=\"image.default\">\n\t\t\t\t<div class=\"elementor-widget-container\">\n\t\t\t\t\t\t\t\t\t\t\t\t<figure class=\"wp-caption\">\n\t\t\t\t\t\t\t\t\t\t<img fetchpriority=\"high\" decoding=\"async\" width=\"1024\" height=\"721\" src=\"https:\/\/ruususeura.fi\/wp-content\/uploads\/2020\/03\/ruusu-1024x721.jpg\" class=\"attachment-large size-large wp-image-353\" alt=\"\" \/>\t\t\t\t\t\t\t\t\t\t\t<figcaption class=\"widget-image-caption wp-caption-text\">'Dame Judy Dench'<\/figcaption>\n\t\t\t\t\t\t\t\t\t\t<\/figure>\n\t\t\t\t\t\t\t\t\t<\/div>\n\t\t\t\t<\/div>\n\t\t\t\t\t<\/div>\n\t\t<\/div>\n\t\t\t\t\t<\/div>\n\t\t<\/section>\n\t\t\t\t<\/div>\n\t\t","protected":false},"excerpt":{"rendered":"<p>Rosenbladet Rosenbladet \u00e4r den sammanbindande l\u00e4nken mellan rosens\u00e4llskapets medlemmar.\u00a0 Inneh\u00e5llet i tidningen st\u00f6der rosens\u00e4llskapets m\u00e5ls\u00e4ttningar att inspirera och uppmuntra intresset f\u00f6r rosor genom: \u00f6kad kunskap och forskning om anv\u00e4ndning av rosornas arter och sorter kunskap om rosornas historia att vara en sammanbindande l\u00e4nk mellan amat\u00f6rer, forskare och odlare Det h\u00e4r \u00e4r utmanande men ger samtidigt [&hellip;]<\/p>\n","protected":false},"author":2,"featured_media":0,"parent":0,"menu_order":0,"comment_status":"closed","ping_status":"closed","template":"","meta":{"footnotes":""},"class_list":["post-568","page","type-page","status-publish","hentry"],"_links":{"self":[{"href":"https:\/\/ruususeura.fi\/sv\/wp-json\/wp\/v2\/pages\/568","targetHints":{"allow":["GET"]}}],"collection":[{"href":"https:\/\/ruususeura.fi\/sv\/wp-json\/wp\/v2\/pages"}],"about":[{"href":"https:\/\/ruususeura.fi\/sv\/wp-json\/wp\/v2\/types\/page"}],"author":[{"embeddable":true,"href":"https:\/\/ruususeura.fi\/sv\/wp-json\/wp\/v2\/users\/2"}],"replies":[{"embeddable":true,"href":"https:\/\/ruususeura.fi\/sv\/wp-json\/wp\/v2\/comments?post=568"}],"version-history":[{"count":5,"href":"https:\/\/ruususeura.fi\/sv\/wp-json\/wp\/v2\/pages\/568\/revisions"}],"predecessor-version":[{"id":3239,"href":"https:\/\/ruususeura.fi\/sv\/wp-json\/wp\/v2\/pages\/568\/revisions\/3239"}],"wp:attachment":[{"href":"https:\/\/ruususeura.fi\/sv\/wp-json\/wp\/v2\/media?parent=568"}],"curies":[{"name":"wp","href":"https:\/\/api.w.org\/{rel}","templated":true}]}}