{"id":606,"date":"2020-04-07T14:03:49","date_gmt":"2020-04-07T11:03:49","guid":{"rendered":"https:\/\/ruususeura.fi\/nationellt-samarbete\/"},"modified":"2024-04-20T14:37:16","modified_gmt":"2024-04-20T11:37:16","slug":"nationellt-samarbete","status":"publish","type":"page","link":"https:\/\/ruususeura.fi\/sv\/nationellt-samarbete\/","title":{"rendered":"Nationellt samarbete"},"content":{"rendered":"\t\t<div data-elementor-type=\"wp-page\" data-elementor-id=\"606\" class=\"elementor elementor-606 elementor-518\">\n\t\t\t\t\t\t<section class=\"elementor-section elementor-top-section elementor-element elementor-element-1b49410 elementor-section-boxed elementor-section-height-default elementor-section-height-default\" data-id=\"1b49410\" data-element_type=\"section\" data-e-type=\"section\">\n\t\t\t\t\t\t<div class=\"elementor-container elementor-column-gap-default\">\n\t\t\t\t\t<div class=\"aux-parallax-section elementor-column elementor-col-66 elementor-top-column elementor-element elementor-element-d7d09e2\" data-id=\"d7d09e2\" data-element_type=\"column\" data-e-type=\"column\">\n\t\t\t<div class=\"elementor-widget-wrap elementor-element-populated\">\n\t\t\t\t\t\t<div class=\"elementor-element elementor-element-4ebbe63 elementor-widget elementor-widget-heading\" data-id=\"4ebbe63\" data-element_type=\"widget\" data-e-type=\"widget\" data-widget_type=\"heading.default\">\n\t\t\t\t<div class=\"elementor-widget-container\">\n\t\t\t\t\t<h2 class=\"elementor-heading-title elementor-size-default\">Nationellt samarbete<\/h2>\t\t\t\t<\/div>\n\t\t\t\t<\/div>\n\t\t\t\t<div class=\"elementor-element elementor-element-69cc1d8 elementor-widget elementor-widget-text-editor\" data-id=\"69cc1d8\" data-element_type=\"widget\" data-e-type=\"widget\" data-widget_type=\"text-editor.default\">\n\t\t\t\t<div class=\"elementor-widget-container\">\n\t\t\t\t\t\t\t\t\t<p><strong><a href=\"https:\/\/www.puutarhaliitto.fi\/puutarhaliitto\/\" target=\"_blank\" rel=\"noopener\">Puutarhaliitto &#8211; Tr\u00e4dg\u00e5rdsf\u00f6rbundet<\/a> <\/strong><\/p>\n\t\t\t\t\t\t\t\t<\/div>\n\t\t\t\t<\/div>\n\t\t\t\t<div class=\"elementor-element elementor-element-8aaf10d elementor-widget elementor-widget-text-editor\" data-id=\"8aaf10d\" data-element_type=\"widget\" data-e-type=\"widget\" data-widget_type=\"text-editor.default\">\n\t\t\t\t<div class=\"elementor-widget-container\">\n\t\t\t\t\t\t\t\t\t<p>Finska Rosens\u00e4llskapet \u00e4r medlem i Puutarhaliitto- Tr\u00e4dg\u00e5rdsf\u00f6rbundet och omfattar dess centrala principer.<\/p>\n<p><strong>Tr\u00e4dg\u00e5rdsf\u00f6rbundet arbetar f\u00f6r v\u00e4xande v\u00e4lm\u00e5ende<\/strong><\/p>\n<p>\u2022 Genom att uppmuntra finl\u00e4ndare till tr\u00e4dg\u00e5rdshobbyn<\/p>\n<p>\u2022 Fr\u00e4mja finl\u00e4ndsk tr\u00e4dg\u00e5rdskultur<\/p>\n<p>\u2022 F\u00f6rb\u00e4ttra tr\u00e4dg\u00e5rdsn\u00e4ringarnas konkurrens- och livskraft<\/p>\n<p><strong>Tr\u00e4dg\u00e5rdsf\u00f6rbundets huvuduppgifter<\/strong><\/p>\n<p>1. Att p\u00e5verka och f\u00f6rmedla information via publikationer<\/p>\n<p>2. Information och samh\u00e4llelig p\u00e5verkan<\/p>\n<p>3. Organisera evenemang bl.a. utst\u00e4llningen Kev\u00e4tPuutarha, Versoo och temadagen \u00d6ppna Tr\u00e4dg\u00e5rdar<\/p>\n<p>4. Fr\u00e4mja samarbete inom tr\u00e4dg\u00e5rdsbranschen bl.a. tr\u00e4dg\u00e5rdsf\u00f6reningarnas utskott<\/p>\n<p>&nbsp;<\/p>\n<p><strong>Tr\u00e4dg\u00e5rdsf\u00f6rbundets medlemmar<\/strong> \u00e4r akt\u00f6rer inom \u00a0tr\u00e4dg\u00e5rdsbranschen:<\/p>\n<p>Akt\u00f6rer inom den offentliga och privata sektorn inom gr\u00f6nanl\u00e4ggning = gr\u00f6nanl\u00e4ggare, planerare samt akt\u00f6rer inom gr\u00f6nomr\u00e5dessk\u00f6tsel.<\/p>\n<p>Lokala och nationella f\u00f6reningar f\u00f6r hobbyodlare = hemtr\u00e4dg\u00e5rdsodlare<\/p>\n<p>Alla registrerade tr\u00e4dg\u00e5rdsf\u00f6reningar och tr\u00e4dg\u00e5rdsbranschens specialf\u00f6reningar kan vara medlemmar i Tr\u00e4dg\u00e5rdsf\u00f6rbundet.<\/p>\n\t\t\t\t\t\t\t\t<\/div>\n\t\t\t\t<\/div>\n\t\t\t\t\t<\/div>\n\t\t<\/div>\n\t\t\t\t<div class=\"aux-parallax-section elementor-column elementor-col-33 elementor-top-column elementor-element elementor-element-37b66e3\" data-id=\"37b66e3\" data-element_type=\"column\" data-e-type=\"column\">\n\t\t\t<div class=\"elementor-widget-wrap elementor-element-populated\">\n\t\t\t\t\t\t<div class=\"elementor-element elementor-element-323d27f elementor-widget elementor-widget-image\" data-id=\"323d27f\" data-element_type=\"widget\" data-e-type=\"widget\" data-widget_type=\"image.default\">\n\t\t\t\t<div class=\"elementor-widget-container\">\n\t\t\t\t\t\t\t\t\t\t\t\t<figure class=\"wp-caption\">\n\t\t\t\t\t\t\t\t\t\t<img fetchpriority=\"high\" decoding=\"async\" width=\"1281\" height=\"1920\" src=\"https:\/\/ruususeura.fi\/wp-content\/uploads\/2020\/07\/DSC_5721.jpg\" class=\"attachment-full size-full wp-image-1222\" alt=\"\" srcset=\"https:\/\/ruususeura.fi\/wp-content\/uploads\/2020\/07\/DSC_5721.jpg 1281w, https:\/\/ruususeura.fi\/wp-content\/uploads\/2020\/07\/DSC_5721-1025x1536.jpg 1025w\" sizes=\"(max-width: 1281px) 100vw, 1281px\" \/>\t\t\t\t\t\t\t\t\t\t\t<figcaption class=\"widget-image-caption wp-caption-text\">Malva<\/figcaption>\n\t\t\t\t\t\t\t\t\t\t<\/figure>\n\t\t\t\t\t\t\t\t\t<\/div>\n\t\t\t\t<\/div>\n\t\t\t\t\t<\/div>\n\t\t<\/div>\n\t\t\t\t\t<\/div>\n\t\t<\/section>\n\t\t\t\t<\/div>\n\t\t","protected":false},"excerpt":{"rendered":"<p>Nationellt samarbete Puutarhaliitto &#8211; Tr\u00e4dg\u00e5rdsf\u00f6rbundet Finska Rosens\u00e4llskapet \u00e4r medlem i Puutarhaliitto- Tr\u00e4dg\u00e5rdsf\u00f6rbundet och omfattar dess centrala principer. Tr\u00e4dg\u00e5rdsf\u00f6rbundet arbetar f\u00f6r v\u00e4xande v\u00e4lm\u00e5ende \u2022 Genom att uppmuntra finl\u00e4ndare till tr\u00e4dg\u00e5rdshobbyn \u2022 Fr\u00e4mja finl\u00e4ndsk tr\u00e4dg\u00e5rdskultur \u2022 F\u00f6rb\u00e4ttra tr\u00e4dg\u00e5rdsn\u00e4ringarnas konkurrens- och livskraft Tr\u00e4dg\u00e5rdsf\u00f6rbundets huvuduppgifter 1. Att p\u00e5verka och f\u00f6rmedla information via publikationer 2. Information och samh\u00e4llelig p\u00e5verkan 3. [&hellip;]<\/p>\n","protected":false},"author":1,"featured_media":0,"parent":0,"menu_order":0,"comment_status":"closed","ping_status":"closed","template":"","meta":{"footnotes":""},"class_list":["post-606","page","type-page","status-publish","hentry"],"_links":{"self":[{"href":"https:\/\/ruususeura.fi\/sv\/wp-json\/wp\/v2\/pages\/606","targetHints":{"allow":["GET"]}}],"collection":[{"href":"https:\/\/ruususeura.fi\/sv\/wp-json\/wp\/v2\/pages"}],"about":[{"href":"https:\/\/ruususeura.fi\/sv\/wp-json\/wp\/v2\/types\/page"}],"author":[{"embeddable":true,"href":"https:\/\/ruususeura.fi\/sv\/wp-json\/wp\/v2\/users\/1"}],"replies":[{"embeddable":true,"href":"https:\/\/ruususeura.fi\/sv\/wp-json\/wp\/v2\/comments?post=606"}],"version-history":[{"count":5,"href":"https:\/\/ruususeura.fi\/sv\/wp-json\/wp\/v2\/pages\/606\/revisions"}],"predecessor-version":[{"id":4494,"href":"https:\/\/ruususeura.fi\/sv\/wp-json\/wp\/v2\/pages\/606\/revisions\/4494"}],"wp:attachment":[{"href":"https:\/\/ruususeura.fi\/sv\/wp-json\/wp\/v2\/media?parent=606"}],"curies":[{"name":"wp","href":"https:\/\/api.w.org\/{rel}","templated":true}]}}