{"id":685,"date":"2020-04-09T11:11:27","date_gmt":"2020-04-09T08:11:27","guid":{"rendered":"https:\/\/ruususeura.fi\/vuoden-ruusu\/"},"modified":"2024-01-04T19:50:02","modified_gmt":"2024-01-04T17:50:02","slug":"arets-ros","status":"publish","type":"page","link":"https:\/\/ruususeura.fi\/sv\/arets-ros\/","title":{"rendered":"\u00c5rets ros"},"content":{"rendered":"\t\t<div data-elementor-type=\"wp-page\" data-elementor-id=\"685\" class=\"elementor elementor-685 elementor-371\">\n\t\t\t\t\t\t<section class=\"elementor-section elementor-top-section elementor-element elementor-element-9c3a032 elementor-section-boxed elementor-section-height-default elementor-section-height-default\" data-id=\"9c3a032\" data-element_type=\"section\" data-e-type=\"section\">\n\t\t\t\t\t\t<div class=\"elementor-container elementor-column-gap-default\">\n\t\t\t\t\t<div class=\"aux-parallax-section elementor-column elementor-col-66 elementor-top-column elementor-element elementor-element-f29f965\" data-id=\"f29f965\" data-element_type=\"column\" data-e-type=\"column\">\n\t\t\t<div class=\"elementor-widget-wrap elementor-element-populated\">\n\t\t\t\t\t\t<div class=\"elementor-element elementor-element-9e67f2a elementor-widget elementor-widget-heading\" data-id=\"9e67f2a\" data-element_type=\"widget\" data-e-type=\"widget\" data-widget_type=\"heading.default\">\n\t\t\t\t<div class=\"elementor-widget-container\">\n\t\t\t\t\t<h1 class=\"elementor-heading-title elementor-size-default\">\u00c5rets ros 2024<\/h1>\t\t\t\t<\/div>\n\t\t\t\t<\/div>\n\t\t\t\t<div class=\"elementor-element elementor-element-7182754 elementor-widget elementor-widget-text-editor\" data-id=\"7182754\" data-element_type=\"widget\" data-e-type=\"widget\" data-widget_type=\"text-editor.default\">\n\t\t\t\t<div class=\"elementor-widget-container\">\n\t\t\t\t\t\t\t\t\t<p>Rosens\u00e4llskapet har utn\u00e4mnt \u00e5rets ros fr\u00e5n 1995.<br \/>\nGenom att v\u00e4lja \u00e5rets ros vill Rosens\u00e4llskapet f\u00e4sta uppm\u00e4rksamhet vid v\u00e4rdefulla, vackra och h\u00e4rdiga rosor, samt f\u00f6rb\u00e4ttra m\u00f6jligheten att erh\u00e5lla rot\u00e4kta s\u00e5dana. De \u00e4r ofta vildrosor, fyndrosor eller f\u00f6r\u00e4dlade nya buskrosor i Finland.\u00a0 \u00c5rets rosor offentligg\u00f6rs i god tid, s\u00e5 att plantskolorna hinner f\u00f6r\u00f6ka dem f\u00f6r f\u00f6rs\u00e4ljning.<\/p>\n\t\t\t\t\t\t\t\t<\/div>\n\t\t\t\t<\/div>\n\t\t\t\t\t<\/div>\n\t\t<\/div>\n\t\t\t\t<div class=\"aux-parallax-section elementor-column elementor-col-33 elementor-top-column elementor-element elementor-element-a3d1890\" data-id=\"a3d1890\" data-element_type=\"column\" data-e-type=\"column\">\n\t\t\t<div class=\"elementor-widget-wrap\">\n\t\t\t\t\t\t\t<\/div>\n\t\t<\/div>\n\t\t\t\t\t<\/div>\n\t\t<\/section>\n\t\t\t\t<section class=\"elementor-section elementor-top-section elementor-element elementor-element-52218b1 elementor-section-full_width elementor-section-height-default elementor-section-height-default\" data-id=\"52218b1\" data-element_type=\"section\" data-e-type=\"section\">\n\t\t\t\t\t\t<div class=\"elementor-container elementor-column-gap-default\">\n\t\t\t\t\t<div class=\"aux-parallax-section elementor-column elementor-col-100 elementor-top-column elementor-element elementor-element-358995e\" data-id=\"358995e\" data-element_type=\"column\" data-e-type=\"column\">\n\t\t\t<div class=\"elementor-widget-wrap elementor-element-populated\">\n\t\t\t\t\t\t<div class=\"elementor-element elementor-element-49d30fd elementor-widget elementor-widget-aux_recent_posts\" data-id=\"49d30fd\" data-element_type=\"widget\" data-e-type=\"widget\" data-settings=\"{&quot;columns&quot;:&quot;1&quot;,&quot;columns_tablet&quot;:&quot;inherit&quot;,&quot;columns_mobile&quot;:&quot;1&quot;}\" data-widget_type=\"aux_recent_posts.default\">\n\t\t\t\t<div class=\"elementor-widget-container\">\n\t\t\t\t\t<section class=\"widget-container aux-widget-recent-posts aux-parent-au1c3bb96e\"><div data-element-id=\"au1c3bb96e\" class=\"aux-match-height aux-row aux-de-col1 aux-tb-col1 aux-mb-col1 aux-total-1 aux-ajax-view  \"><div class=\"aux-col post-1726\">\n                        <article class=\"post column-entry post-1726 type-post status-publish format-standard hentry category-arets-ros-ruusu\">\n                                                        <div class=\"entry-media\"><div class=\"aux-media-frame aux-media-image aux-image-mask\"><a href=\"https:\/\/ruususeura.fi\/sv\/2026-ilo\/\"><img fetchpriority=\"high\" decoding=\"async\" width=\"1024\" height=\"1024\" src=\"https:\/\/ruususeura.fi\/wp-content\/uploads\/2020\/08\/2026_Ilo_kuva-foto-Lauri-Simonen_063-1024x1024.jpg\" alt=\"\" srcset=\"https:\/\/ruususeura.fi\/wp-content\/uploads\/2020\/08\/2026_Ilo_kuva-foto-Lauri-Simonen_063-1024x1024.jpg 1024w, https:\/\/ruususeura.fi\/wp-content\/uploads\/2020\/08\/2026_Ilo_kuva-foto-Lauri-Simonen_063-300x300.jpg 300w, https:\/\/ruususeura.fi\/wp-content\/uploads\/2020\/08\/2026_Ilo_kuva-foto-Lauri-Simonen_063-150x150.jpg 150w, https:\/\/ruususeura.fi\/wp-content\/uploads\/2020\/08\/2026_Ilo_kuva-foto-Lauri-Simonen_063-768x768.jpg 768w\" sizes=\"(max-width: 1024px) 100vw, 1024px\" \/><\/a><\/div><\/div>\n                            \n                            <div class=\"entry-main\">\n                                                        \n                                <header class=\"entry-header\">\n                                \n                                    <h4 class=\"entry-title\">\n                                        <a href=\"https:\/\/ruususeura.fi\/sv\/2026-ilo\/\">\n                                            2026 &#8217;Ilo&#8217;                                        <\/a>\n                                    <\/h4>\n                                                                    <div class=\"entry-format\">\n                                        <a href=\"https:\/\/ruususeura.fi\/sv\/2026-ilo\/\">\n                                            <div class=\"post-format format-\"> <\/div>\n                                        <\/a>\n                                    <\/div>\n                                <\/header>\n                            \n                                                            <div class=\"entry-content\">\n                                                                            <p>(Moderna buskros-gruppen) Joy, Kahila &amp; Kangaspunta, 2010 Modern buskros \u2019John Davis\u2019 \u00d7 (Rosa \u00d7 malyi) \u2019Kempeleen Kaunotar\u2019\n\u2019Ilo\u2019 \u00e4r en 2 m h\u00f6g, bred buske  ...<\/p><div class=\"clear\"><\/div>                                <\/div>\n                                                                                        <footer class=\"entry-meta aux-after-content\">\n                                                                        <div class=\"readmore\">\n                                        <a href=\"https:\/\/ruususeura.fi\/sv\/2026-ilo\/\" class=\"aux-read-more\"><span class=\"aux-read-more-text\">L\u00e4s mera<\/span><\/a>\n                                    <\/div>\n                                                                    <\/footer>\n                            \n                            <\/div>\n\n                        <\/article>\n<\/div><\/div><\/section><!-- widget-container -->\t\t\t\t<\/div>\n\t\t\t\t<\/div>\n\t\t\t\t\t<\/div>\n\t\t<\/div>\n\t\t\t\t\t<\/div>\n\t\t<\/section>\n\t\t\t\t<section class=\"elementor-section elementor-top-section elementor-element elementor-element-c74472f elementor-section-boxed elementor-section-height-default elementor-section-height-default\" data-id=\"c74472f\" data-element_type=\"section\" data-e-type=\"section\">\n\t\t\t\t\t\t<div class=\"elementor-container elementor-column-gap-default\">\n\t\t\t\t\t<div class=\"aux-parallax-section elementor-column elementor-col-100 elementor-top-column elementor-element elementor-element-9ab5ad0\" data-id=\"9ab5ad0\" data-element_type=\"column\" data-e-type=\"column\">\n\t\t\t<div class=\"elementor-widget-wrap elementor-element-populated\">\n\t\t\t\t\t\t<div class=\"elementor-element elementor-element-51aa060 elementor-widget elementor-widget-text-editor\" data-id=\"51aa060\" data-element_type=\"widget\" data-e-type=\"widget\" data-widget_type=\"text-editor.default\">\n\t\t\t\t<div class=\"elementor-widget-container\">\n\t\t\t\t\t\t\t\t\t<h1>Ytterligare information<\/h1>\r\nRose Society-webbplats: <a href=\"http:\/\/www.ruususeura.fi\/\">www.ruususeura.fi<\/a>\r\n\r\nSimolan rosario: <a href=\"http:\/\/www.simolanrosario.com\">www.simolanrosario.com<\/a>\r\n\r\nAlanko-Joy-Kahila-Tegel, Suomalainen ruusukirja, Tammi, Helsinki, 2009.\r\n\r\nRautio, Pirjo, Suomen ruusut, Otava, Helsinki, 2009.\r\n\r\nRautio, Pirjo, toim., Kauniit l\u00f6yt\u00f6ruusut \/ Vackra fyndrosor, Suomen Ruususeura Ry\/ Finska Rosens\u00e4llskapet, 2009.\r\n\r\nRautio, Pirjo, Tuoksuvat tarhakurtturuusut \/ Doftande rugosarosor, Suomen Ruususeura Ry\/ Finska Rosens\u00e4llskapet, 2013.\r\n\r\nRautio, Pirjo, Upeat ranskanruusut \/ Praktfulla gallicarosor, Suomen Ruususeura Ry\/ Finska Rosens\u00e4llskapet, 2016.\t\t\t\t\t\t\t\t<\/div>\n\t\t\t\t<\/div>\n\t\t\t\t\t<\/div>\n\t\t<\/div>\n\t\t\t\t\t<\/div>\n\t\t<\/section>\n\t\t\t\t<\/div>\n\t\t","protected":false},"excerpt":{"rendered":"<p>\u00c5rets ros 2024 Rosens\u00e4llskapet har utn\u00e4mnt \u00e5rets ros fr\u00e5n 1995. Genom att v\u00e4lja \u00e5rets ros vill Rosens\u00e4llskapet f\u00e4sta uppm\u00e4rksamhet vid v\u00e4rdefulla, vackra och h\u00e4rdiga rosor, samt f\u00f6rb\u00e4ttra m\u00f6jligheten att erh\u00e5lla rot\u00e4kta s\u00e5dana. De \u00e4r ofta vildrosor, fyndrosor eller f\u00f6r\u00e4dlade nya buskrosor i Finland.\u00a0 \u00c5rets rosor offentligg\u00f6rs i god tid, s\u00e5 att plantskolorna hinner f\u00f6r\u00f6ka dem [&hellip;]<\/p>\n","protected":false},"author":1,"featured_media":0,"parent":0,"menu_order":0,"comment_status":"closed","ping_status":"closed","template":"","meta":{"footnotes":""},"class_list":["post-685","page","type-page","status-publish","hentry"],"_links":{"self":[{"href":"https:\/\/ruususeura.fi\/sv\/wp-json\/wp\/v2\/pages\/685","targetHints":{"allow":["GET"]}}],"collection":[{"href":"https:\/\/ruususeura.fi\/sv\/wp-json\/wp\/v2\/pages"}],"about":[{"href":"https:\/\/ruususeura.fi\/sv\/wp-json\/wp\/v2\/types\/page"}],"author":[{"embeddable":true,"href":"https:\/\/ruususeura.fi\/sv\/wp-json\/wp\/v2\/users\/1"}],"replies":[{"embeddable":true,"href":"https:\/\/ruususeura.fi\/sv\/wp-json\/wp\/v2\/comments?post=685"}],"version-history":[{"count":5,"href":"https:\/\/ruususeura.fi\/sv\/wp-json\/wp\/v2\/pages\/685\/revisions"}],"predecessor-version":[{"id":4394,"href":"https:\/\/ruususeura.fi\/sv\/wp-json\/wp\/v2\/pages\/685\/revisions\/4394"}],"wp:attachment":[{"href":"https:\/\/ruususeura.fi\/sv\/wp-json\/wp\/v2\/media?parent=685"}],"curies":[{"name":"wp","href":"https:\/\/api.w.org\/{rel}","templated":true}]}}