{"id":750,"date":"2020-05-20T14:29:09","date_gmt":"2020-05-20T11:29:09","guid":{"rendered":"https:\/\/ruususeura.fi\/?page_id=750"},"modified":"2025-02-11T13:21:55","modified_gmt":"2025-02-11T11:21:55","slug":"internationellt-samarbete","status":"publish","type":"page","link":"https:\/\/ruususeura.fi\/sv\/internationellt-samarbete\/","title":{"rendered":"Internationellt samarbete"},"content":{"rendered":"\t\t<div data-elementor-type=\"wp-page\" data-elementor-id=\"750\" class=\"elementor elementor-750 elementor-749\">\n\t\t\t\t\t\t<section class=\"elementor-section elementor-top-section elementor-element elementor-element-17426ab elementor-section-boxed elementor-section-height-default elementor-section-height-default\" data-id=\"17426ab\" data-element_type=\"section\" data-e-type=\"section\">\n\t\t\t\t\t\t<div class=\"elementor-container elementor-column-gap-default\">\n\t\t\t\t\t<div class=\"aux-parallax-section elementor-column elementor-col-66 elementor-top-column elementor-element elementor-element-1123293\" data-id=\"1123293\" data-element_type=\"column\" data-e-type=\"column\">\n\t\t\t<div class=\"elementor-widget-wrap elementor-element-populated\">\n\t\t\t\t\t\t<div class=\"elementor-element elementor-element-7e78075 elementor-widget elementor-widget-heading\" data-id=\"7e78075\" data-element_type=\"widget\" data-e-type=\"widget\" data-widget_type=\"heading.default\">\n\t\t\t\t<div class=\"elementor-widget-container\">\n\t\t\t\t\t<h1 class=\"elementor-heading-title elementor-size-default\">Internationellt samarbete<\/h1>\t\t\t\t<\/div>\n\t\t\t\t<\/div>\n\t\t\t\t<div class=\"elementor-element elementor-element-dd8c3e6 elementor-widget elementor-widget-text-editor\" data-id=\"dd8c3e6\" data-element_type=\"widget\" data-e-type=\"widget\" data-widget_type=\"text-editor.default\">\n\t\t\t\t<div class=\"elementor-widget-container\">\n\t\t\t\t\t\t\t\t\t<h4><strong>Nordiska Rosens\u00e4llskapet<\/strong><\/h4>\n<p>\u00e4r ett samarbetsorgan f\u00f6r de nordiska rosens\u00e4llskapen som vill<\/p>\n\t\t\t\t\t\t\t\t<\/div>\n\t\t\t\t<\/div>\n\t\t\t\t<div class=\"elementor-element elementor-element-1a04bc0 elementor-icon-list--layout-traditional elementor-list-item-link-full_width elementor-widget elementor-widget-icon-list\" data-id=\"1a04bc0\" data-element_type=\"widget\" data-e-type=\"widget\" data-widget_type=\"icon-list.default\">\n\t\t\t\t<div class=\"elementor-widget-container\">\n\t\t\t\t\t\t\t<ul class=\"elementor-icon-list-items\">\n\t\t\t\t\t\t\t<li class=\"elementor-icon-list-item\">\n\t\t\t\t\t\t\t\t\t\t\t<span class=\"elementor-icon-list-icon\">\n\t\t\t\t\t\t\t<i aria-hidden=\"true\" class=\"fas fa-angle-right\"><\/i>\t\t\t\t\t\t<\/span>\n\t\t\t\t\t\t\t\t\t\t<span class=\"elementor-icon-list-text\">vara ett kontakt och samarbetsorgan mellan de nordiska rosens\u00e4llskapen<\/span>\n\t\t\t\t\t\t\t\t\t<\/li>\n\t\t\t\t\t\t\t\t<li class=\"elementor-icon-list-item\">\n\t\t\t\t\t\t\t\t\t\t\t<span class=\"elementor-icon-list-icon\">\n\t\t\t\t\t\t\t<i aria-hidden=\"true\" class=\"fas fa-angle-right\"><\/i>\t\t\t\t\t\t<\/span>\n\t\t\t\t\t\t\t\t\t\t<span class=\"elementor-icon-list-text\">medverka till utbyte av kunskap och erfarenheter om rosor<\/span>\n\t\t\t\t\t\t\t\t\t<\/li>\n\t\t\t\t\t\t\t\t<li class=\"elementor-icon-list-item\">\n\t\t\t\t\t\t\t\t\t\t\t<span class=\"elementor-icon-list-icon\">\n\t\t\t\t\t\t\t<i aria-hidden=\"true\" class=\"fas fa-angle-right\"><\/i>\t\t\t\t\t\t<\/span>\n\t\t\t\t\t\t\t\t\t\t<span class=\"elementor-icon-list-text\">sprida information av gemensamt intresse<\/span>\n\t\t\t\t\t\t\t\t\t<\/li>\n\t\t\t\t\t\t\t\t<li class=\"elementor-icon-list-item\">\n\t\t\t\t\t\t\t\t\t\t\t<span class=\"elementor-icon-list-icon\">\n\t\t\t\t\t\t\t<i aria-hidden=\"true\" class=\"fas fa-angle-right\"><\/i>\t\t\t\t\t\t<\/span>\n\t\t\t\t\t\t\t\t\t\t<span class=\"elementor-icon-list-text\">fr\u00e4mja personliga kontakter<\/span>\n\t\t\t\t\t\t\t\t\t<\/li>\n\t\t\t\t\t\t\t\t<li class=\"elementor-icon-list-item\">\n\t\t\t\t\t\t\t\t\t\t\t<span class=\"elementor-icon-list-icon\">\n\t\t\t\t\t\t\t<i aria-hidden=\"true\" class=\"fas fa-chevron-right\"><\/i>\t\t\t\t\t\t<\/span>\n\t\t\t\t\t\t\t\t\t\t<span class=\"elementor-icon-list-text\">\u00f6vrigt fr\u00e4mja intresset f\u00f6r rosor i Norden<\/span>\n\t\t\t\t\t\t\t\t\t<\/li>\n\t\t\t\t\t\t<\/ul>\n\t\t\t\t\t\t<\/div>\n\t\t\t\t<\/div>\n\t\t\t\t<div class=\"elementor-element elementor-element-7614221 elementor-widget elementor-widget-text-editor\" data-id=\"7614221\" data-element_type=\"widget\" data-e-type=\"widget\" data-widget_type=\"text-editor.default\">\n\t\t\t\t<div class=\"elementor-widget-container\">\n\t\t\t\t\t\t\t\t\t<p>S\u00e4llskapet anordnar Nordisk Rosenweekend vartannat \u00e5r, samt anordnar gemensamma resor f\u00f6r s\u00e4llskapets medlemmar till olika delar av Norden och \u00f6vriga Europa. Samarbete sker dessutom genom utbyte av information via s\u00e4llskapens medlemstidningar, d\u00e4r de skilda arrangemangen ocks\u00e5 annonseras.<\/p>\n<p>De nordiska rosens\u00e4llskapens hemsidor hittar du h\u00e4r:<\/p>\n<p><a href=\"https:\/\/detdanskerosenselskab.dk\">Danska Rosens\u00e4llskapet<\/a><\/p>\n<p><a href=\"http:\/\/norskroseforening.no\/\" target=\"_blank\" rel=\"noopener\">Norska Rosenf\u00f6reningen<\/a><\/p>\n<p><a href=\"https:\/\/gardurinn.is\/rosaklubburinn\/\">Islands Tr\u00e4dg\u00e5rdsf\u00f6rening\/R\u00f3sakl\u00fabbur<\/a><\/p>\n<p><a href=\"https:\/\/www.svenskarosensallskapet.se\/start\" target=\"_blank\" rel=\"noopener noreferrer\">Svenska Rosens\u00e4llskapet<\/a><\/p>\n<p><strong>NRI-redakt\u00f6r<\/strong><\/p>\n<p>Inger Kullberg<br \/>\nPorkalav\u00e4gen 1063<br \/>\n02480 Kyrksl\u00e4tt<br \/>\ne-post:\u00a0<a href=\"&#x6d;&#97;i&#x6c;&#116;o&#x3a;&#105;n&#x67;&#x65;&#114;&#x2e;&#x6b;&#117;l&#x6c;&#98;e&#x72;&#103;&#64;&#x6b;&#x6f;&#108;&#x75;&#x6d;&#98;u&#x73;&#46;f&#x69;\">&#x69;&#x6e;&#x67;&#x65;&#x72;&#x2e;&#x6b;&#x75;&#x6c;&#x6c;&#x62;&#x65;&#x72;&#x67;&#x40;&#x6b;&#x6f;&#x6c;&#x75;&#x6d;&#x62;&#x75;&#115;&#46;&#102;&#105;<\/a><\/p>\n\t\t\t\t\t\t\t\t<\/div>\n\t\t\t\t<\/div>\n\t\t\t\t<div class=\"elementor-element elementor-element-f694bde elementor-widget elementor-widget-text-editor\" data-id=\"f694bde\" data-element_type=\"widget\" data-e-type=\"widget\" data-widget_type=\"text-editor.default\">\n\t\t\t\t<div class=\"elementor-widget-container\">\n\t\t\t\t\t\t\t\t\t<h5>Den <strong>Nordiska rosenhelgen<\/strong><\/h5>\n<p>N\u00e4sta Nordiska Rosenweekend ordnas i Island 8-10.8.2025. V\u00e4rd \u00e4r det isl\u00e4ndska Rosens\u00e4llskapet; Rosaklubbur. Temat \u00e4r att odla rosor p\u00e5 gr\u00e4nsen till Arktis. Se programmet och anm\u00e4l dig via l\u00e4nken; <a href=\"https:\/\/gardurinn.is\/en\/roseweekend\/\">Nordic Roseweekend 2025<\/a><\/p>\n<p>N\u00e4sta Rosenweekend ordnas i Finland 2-5.7.2027. D\u00e5p ansvarar Finska Rosens\u00e4llskapet f\u00f6r arrangemangen.<\/p>\n<p>Tidigare rosenhelger har anordnats av de nordiska rosens\u00e4llskapen sedan 1987. Sedan 1998 anordnas de vart annat \u00e5r . Arrangemanget roterar mellan de fem s\u00e4llskapen.<\/p>\n<p>2023 Sverige, Kalmar<\/p>\n<p>2018 Danmark, K\u00f6penhamn<\/p>\n<p>2016 Norge, Bergen<\/p>\n<p>2014 Finland, \u00c5bo<\/p>\n<p>2012 Island, Reykjavik<\/p>\n<p>2010 Sverige, G\u00f6teborg<\/p>\n<p>2008 Norge, Oslo<\/p>\n<p>2006 Danmark, Kolding<\/p>\n<p>2004 Finland, Tammerfors<\/p>\n<p>2002 Sverige, Hudiksvall<\/p>\n<p>2000 Norge, Kristiansand<\/p>\n<p>1998 Danmark, Helsing\u00f6r, i samarbete med Sverige<\/p>\n<p>1998 Sverige, Helsingborg, i samarbete med Danmark<\/p>\n<p>1997 Helsingfors (\u00e4ven Estland)<\/p>\n<p>1996 Norge, Oslo<\/p>\n<p>1995 Sverige, G\u00f6teborg<\/p>\n<p>1994 Danmark, Sjaelland och Fyn<\/p>\n<p>1993 \u00c5bo m.fl. platser, i samarbete med Sverige<\/p>\n<p><strong>Nordiska rosor.<\/strong><\/p>\n<p>Det nordiska rosens\u00e4llskapet har sedan 2014 ett projekt med m\u00e5ls\u00e4ttning att \u00f6ka kunskapen om rosor som \u00e4r h\u00e4rdiga i v\u00e5ra nordiska l\u00e4nder. Rosor som antingen \u00e4r framtagna av rosenf\u00f6r\u00e4dlare i de nordiska l\u00e4nderna eller \u00e4r fyndrosor som klarat sig bra i v\u00e5rt nordiska klimat. Mera information om projektet nordiska rosor hittar du h\u00e4r: <a href=\"https:\/\/uploads.staticjw.com\/sr\/srsrosor\/nordiska_rosor_sve_juni_2019.pdf\" target=\"_blank\" rel=\"noopener\">nordiska_rosor_sve_juni_2019.pdf<\/a><\/p>\n\t\t\t\t\t\t\t\t<\/div>\n\t\t\t\t<\/div>\n\t\t\t\t<div class=\"elementor-element elementor-element-e14ae42 elementor-widget elementor-widget-text-editor\" data-id=\"e14ae42\" data-element_type=\"widget\" data-e-type=\"widget\" data-widget_type=\"text-editor.default\">\n\t\t\t\t<div class=\"elementor-widget-container\">\n\t\t\t\t\t\t\t\t\t<h5><strong>Medlemskap i de andra nordiska rosens\u00e4llskapen.<\/strong><\/h5>\n<p>Vill du bli medlem i de andra nordiska rosens\u00e4llskapen? D\u00e5 f\u00e5r du deras medlemsblad med intressanta artiklar och information om olika begivenheter.<\/p>\n<p>Enklaste s\u00e4ttet att betala medlemsavgiften \u00e4r att g\u00f6ra det via Internet direkt till respektive s\u00e4llskap.<\/p>\n<p><strong>Sverige: 250 SKr<\/strong><\/p>\n<p>IBAN:SE1980000815056944468336 BIC: SWEDSESS<\/p>\n<p><strong>Kontakt:<\/strong> &#109;&#x65;&#x64;l&#101;&#x6d;s&#114;&#x65;&#x67;i&#115;&#x74;r&#101;&#x74;&#x40;s&#118;&#x65;n&#115;&#x6b;&#x72;&#111;&#115;&#x2e;s&#101;<\/p>\n<p>&nbsp;<\/p>\n<p><strong>Island: 6800 ISK till Islands tr\u00e4dg\u00e5rdsf\u00f6rening + 1000 ISK till Rosaklubbur<\/strong><\/p>\n<p>IBAN: IS11 1163 2600 0117 5701 6965 39 SWIFTKOD: LSICISRE<\/p>\n<p><strong>Kontakt:<\/strong> &#x67;&#97;r&#x64;&#121;&#114;&#x6b;&#x6a;&#117;f&#x65;&#108;a&#x67;&#x40;&#103;a&#x72;&#100;u&#x72;&#x69;&#110;n&#x2e;&#105;s<\/p>\n<p><strong>Norge:\u00a0350 NOK\u00a0<\/strong><\/p>\n<p>IBAN: NO9390012872347 &#8211; BIC(SWIFT) LABANOKK<\/p>\n<p><strong>Kontakt:<\/strong> m&#101;&#x64;&#x6c;e&#109;&#64;&#x6e;&#x6f;r&#115;&#x6b;&#x72;o&#115;&#101;&#x66;&#x6f;r&#101;&#x6e;&#x69;n&#103;&#46;&#x6e;&#x6f;<\/p>\n<p><strong>Danmark:\u00a0330 DKK + 50 DKK f\u00f6r nya medlemmar<\/strong><\/p>\n\t\t\t\t\t\t\t\t<\/div>\n\t\t\t\t<\/div>\n\t\t\t\t\t<\/div>\n\t\t<\/div>\n\t\t\t\t<div class=\"aux-parallax-section elementor-column elementor-col-33 elementor-top-column elementor-element elementor-element-3d6e05a\" data-id=\"3d6e05a\" data-element_type=\"column\" data-e-type=\"column\">\n\t\t\t<div class=\"elementor-widget-wrap elementor-element-populated\">\n\t\t\t\t\t\t<div class=\"elementor-element elementor-element-810acbd elementor-widget elementor-widget-image\" data-id=\"810acbd\" data-element_type=\"widget\" data-e-type=\"widget\" data-widget_type=\"image.default\">\n\t\t\t\t<div class=\"elementor-widget-container\">\n\t\t\t\t\t\t\t\t\t\t\t\t<figure class=\"wp-caption\">\n\t\t\t\t\t\t\t\t\t\t<img fetchpriority=\"high\" decoding=\"async\" width=\"1024\" height=\"1024\" src=\"https:\/\/ruususeura.fi\/wp-content\/uploads\/2020\/05\/DSC_7755-1024x1024.jpg\" class=\"attachment-large size-large wp-image-1077\" alt=\"\" srcset=\"https:\/\/ruususeura.fi\/wp-content\/uploads\/2020\/05\/DSC_7755-1024x1024.jpg 1024w, https:\/\/ruususeura.fi\/wp-content\/uploads\/2020\/05\/DSC_7755-300x300.jpg 300w, https:\/\/ruususeura.fi\/wp-content\/uploads\/2020\/05\/DSC_7755-150x150.jpg 150w, https:\/\/ruususeura.fi\/wp-content\/uploads\/2020\/05\/DSC_7755-768x768.jpg 768w\" sizes=\"(max-width: 1024px) 100vw, 1024px\" \/>\t\t\t\t\t\t\t\t\t\t\t<figcaption class=\"widget-image-caption wp-caption-text\">'Astrid Lindgren'<\/figcaption>\n\t\t\t\t\t\t\t\t\t\t<\/figure>\n\t\t\t\t\t\t\t\t\t<\/div>\n\t\t\t\t<\/div>\n\t\t\t\t<div class=\"elementor-element elementor-element-ab1064d elementor-widget elementor-widget-image\" data-id=\"ab1064d\" data-element_type=\"widget\" data-e-type=\"widget\" data-widget_type=\"image.default\">\n\t\t\t\t<div class=\"elementor-widget-container\">\n\t\t\t\t\t\t\t\t\t\t\t\t<figure class=\"wp-caption\">\n\t\t\t\t\t\t\t\t\t\t<img decoding=\"async\" width=\"768\" height=\"768\" src=\"https:\/\/ruususeura.fi\/wp-content\/uploads\/2020\/05\/fullsizeoutput_e11a-768x768.jpeg\" class=\"attachment-medium_large size-medium_large wp-image-1006\" alt=\"Freja\" srcset=\"https:\/\/ruususeura.fi\/wp-content\/uploads\/2020\/05\/fullsizeoutput_e11a-768x768.jpeg 768w, https:\/\/ruususeura.fi\/wp-content\/uploads\/2020\/05\/fullsizeoutput_e11a-300x300.jpeg 300w, https:\/\/ruususeura.fi\/wp-content\/uploads\/2020\/05\/fullsizeoutput_e11a-1024x1024.jpeg 1024w, https:\/\/ruususeura.fi\/wp-content\/uploads\/2020\/05\/fullsizeoutput_e11a-150x150.jpeg 150w\" sizes=\"(max-width: 768px) 100vw, 768px\" \/>\t\t\t\t\t\t\t\t\t\t\t<figcaption class=\"widget-image-caption wp-caption-text\">'Freja'<\/figcaption>\n\t\t\t\t\t\t\t\t\t\t<\/figure>\n\t\t\t\t\t\t\t\t\t<\/div>\n\t\t\t\t<\/div>\n\t\t\t\t<div class=\"elementor-element elementor-element-1d3f53c elementor-widget elementor-widget-image\" data-id=\"1d3f53c\" data-element_type=\"widget\" data-e-type=\"widget\" data-widget_type=\"image.default\">\n\t\t\t\t<div class=\"elementor-widget-container\">\n\t\t\t\t\t\t\t\t\t\t\t\t<figure class=\"wp-caption\">\n\t\t\t\t\t\t\t\t\t\t<img decoding=\"async\" width=\"768\" height=\"768\" src=\"https:\/\/ruususeura.fi\/wp-content\/uploads\/2020\/07\/Hurdal-010709-2-768x768.jpg\" class=\"attachment-medium_large size-medium_large wp-image-1197\" alt=\"\" srcset=\"https:\/\/ruususeura.fi\/wp-content\/uploads\/2020\/07\/Hurdal-010709-2-768x768.jpg 768w, https:\/\/ruususeura.fi\/wp-content\/uploads\/2020\/07\/Hurdal-010709-2-300x300.jpg 300w, https:\/\/ruususeura.fi\/wp-content\/uploads\/2020\/07\/Hurdal-010709-2-1024x1024.jpg 1024w, https:\/\/ruususeura.fi\/wp-content\/uploads\/2020\/07\/Hurdal-010709-2-150x150.jpg 150w\" sizes=\"(max-width: 768px) 100vw, 768px\" \/>\t\t\t\t\t\t\t\t\t\t\t<figcaption class=\"widget-image-caption wp-caption-text\">'Hurdal'<\/figcaption>\n\t\t\t\t\t\t\t\t\t\t<\/figure>\n\t\t\t\t\t\t\t\t\t<\/div>\n\t\t\t\t<\/div>\n\t\t\t\t\t<\/div>\n\t\t<\/div>\n\t\t\t\t\t<\/div>\n\t\t<\/section>\n\t\t\t\t<section class=\"elementor-section elementor-top-section elementor-element elementor-element-f33ab18 elementor-section-boxed elementor-section-height-default elementor-section-height-default\" data-id=\"f33ab18\" data-element_type=\"section\" data-e-type=\"section\">\n\t\t\t\t\t\t<div class=\"elementor-container elementor-column-gap-default\">\n\t\t\t\t\t<div class=\"aux-parallax-section elementor-column elementor-col-50 elementor-top-column elementor-element elementor-element-1a5eda2\" data-id=\"1a5eda2\" data-element_type=\"column\" data-e-type=\"column\">\n\t\t\t<div class=\"elementor-widget-wrap elementor-element-populated\">\n\t\t\t\t\t\t<div class=\"elementor-element elementor-element-6adea4e elementor-widget elementor-widget-text-editor\" data-id=\"6adea4e\" data-element_type=\"widget\" data-e-type=\"widget\" data-widget_type=\"text-editor.default\">\n\t\t\t\t<div class=\"elementor-widget-container\">\n\t\t\t\t\t\t\t\t\t<h2><a href=\"http:\/\/www.worldrose.org\" target=\"_blank\" rel=\"noopener\"><strong><u>World Federation of Rose Societies (WFRS)<\/u><\/strong> <\/a><\/h2>\n\t\t\t\t\t\t\t\t<\/div>\n\t\t\t\t<\/div>\n\t\t\t\t<div class=\"elementor-element elementor-element-6381655 elementor-widget elementor-widget-text-editor\" data-id=\"6381655\" data-element_type=\"widget\" data-e-type=\"widget\" data-widget_type=\"text-editor.default\">\n\t\t\t\t<div class=\"elementor-widget-container\">\n\t\t\t\t\t\t\t\t\t<p>\u00e4r de nationella ross\u00e4llskapens v\u00e4rldsomsp\u00e4nnande takorganisation.<\/p>\n<p>WFRS organiserar en v\u00e4rldskongress om rosor vart tredje \u00e5r: 2022\u00a0h\u00f6lls kongressen i Adelaide, Australien,<\/p>\n<p><strong>18-24.5.2025 ordnas kongressen i Fukuyama i Japan<\/strong><\/p>\n<p>Tr\u00e4dg\u00e5rdskulturen har l\u00e5nga anor i Japan. Rosorna har f\u00e5tt en central roll i den kulturen. Det utlovas intressanta tr\u00e4dg\u00e5rdsbes\u00f6k och faktasp\u00e4ckade f\u00f6redrag i en bra blandning. I samband med kongressen ordnas b\u00e5de per- och post-congressresor d\u00e5 det \u00e4r m\u00f6jligt att ytterligare bekanta sig med rosor, kultur och natur i Japan. Bekanta dig med programmet och delta. H\u00e4r hittar du mera information: <a href=\"https:\/\/en.wrc2025fukuyama.jp\">Fukuyama 2025<\/a><\/p>\n<p>\u00c5ren mellan v\u00e4rldskongresser organiseras regionala kongresser.<\/p>\n<p>De erbjuder m\u00f6jligheter f\u00f6r medlemmar i regionen att ta del i lokala m\u00f6ten. Oftast ordnas pre- och postkongress rundturer i samband med kongressen. De ger en unik m\u00f6jlighet att se omr\u00e5den som man vanligen inte kan bes\u00f6ka p\u00e5 egen hand. De regionala kongresserna inkluderar ofta bes\u00f6k i privata tr\u00e4dg\u00e5rdar som inte \u00e4r \u00f6ppna f\u00f6r allm\u00e4nheten.<\/p>\n\t\t\t\t\t\t\t\t<\/div>\n\t\t\t\t<\/div>\n\t\t\t\t\t<\/div>\n\t\t<\/div>\n\t\t\t\t<div class=\"aux-parallax-section elementor-column elementor-col-50 elementor-top-column elementor-element elementor-element-386821c\" data-id=\"386821c\" data-element_type=\"column\" data-e-type=\"column\">\n\t\t\t<div class=\"elementor-widget-wrap elementor-element-populated\">\n\t\t\t\t\t\t<div class=\"elementor-element elementor-element-7484a7c elementor-widget elementor-widget-image\" data-id=\"7484a7c\" data-element_type=\"widget\" data-e-type=\"widget\" data-widget_type=\"image.default\">\n\t\t\t\t<div class=\"elementor-widget-container\">\n\t\t\t\t\t\t\t\t\t\t\t\t\t\t\t\t<a href=\"http:\/\/worldrose.org\/\" target=\"_blank\">\n\t\t\t\t\t\t\t<img loading=\"lazy\" decoding=\"async\" width=\"177\" height=\"175\" src=\"https:\/\/ruususeura.fi\/wp-content\/uploads\/2020\/02\/wfrs_logo.png\" class=\"attachment-large size-large wp-image-135\" alt=\"World Federation of Rose Societies\" \/>\t\t\t\t\t\t\t\t<\/a>\n\t\t\t\t\t\t\t\t\t\t\t\t\t\t\t<\/div>\n\t\t\t\t<\/div>\n\t\t\t\t<div class=\"elementor-element elementor-element-495fb6a elementor-widget elementor-widget-image\" data-id=\"495fb6a\" data-element_type=\"widget\" data-e-type=\"widget\" data-widget_type=\"image.default\">\n\t\t\t\t<div class=\"elementor-widget-container\">\n\t\t\t\t\t\t\t\t\t\t\t\t<figure class=\"wp-caption\">\n\t\t\t\t\t\t\t\t\t\t<img loading=\"lazy\" decoding=\"async\" width=\"768\" height=\"768\" src=\"https:\/\/ruususeura.fi\/wp-content\/uploads\/2020\/07\/DSC_4326-768x768.jpg\" class=\"attachment-medium_large size-medium_large wp-image-1202\" alt=\"\" srcset=\"https:\/\/ruususeura.fi\/wp-content\/uploads\/2020\/07\/DSC_4326-768x768.jpg 768w, https:\/\/ruususeura.fi\/wp-content\/uploads\/2020\/07\/DSC_4326-300x300.jpg 300w, https:\/\/ruususeura.fi\/wp-content\/uploads\/2020\/07\/DSC_4326-1024x1024.jpg 1024w, https:\/\/ruususeura.fi\/wp-content\/uploads\/2020\/07\/DSC_4326-150x150.jpg 150w\" sizes=\"(max-width: 768px) 100vw, 768px\" \/>\t\t\t\t\t\t\t\t\t\t\t<figcaption class=\"widget-image-caption wp-caption-text\">'Pastel Babylon Eyes'<\/figcaption>\n\t\t\t\t\t\t\t\t\t\t<\/figure>\n\t\t\t\t\t\t\t\t\t<\/div>\n\t\t\t\t<\/div>\n\t\t\t\t\t<\/div>\n\t\t<\/div>\n\t\t\t\t\t<\/div>\n\t\t<\/section>\n\t\t\t\t<\/div>\n\t\t","protected":false},"excerpt":{"rendered":"<p>Internationellt samarbete Nordiska Rosens\u00e4llskapet \u00e4r ett samarbetsorgan f\u00f6r de nordiska rosens\u00e4llskapen som vill vara ett kontakt och samarbetsorgan mellan de nordiska rosens\u00e4llskapen medverka till utbyte av kunskap och erfarenheter om rosor sprida information av gemensamt intresse fr\u00e4mja personliga kontakter \u00f6vrigt fr\u00e4mja intresset f\u00f6r rosor i Norden S\u00e4llskapet anordnar Nordisk Rosenweekend vartannat \u00e5r, samt anordnar gemensamma [&hellip;]<\/p>\n","protected":false},"author":1,"featured_media":0,"parent":0,"menu_order":0,"comment_status":"closed","ping_status":"closed","template":"","meta":{"footnotes":""},"class_list":["post-750","page","type-page","status-publish","hentry"],"_links":{"self":[{"href":"https:\/\/ruususeura.fi\/sv\/wp-json\/wp\/v2\/pages\/750","targetHints":{"allow":["GET"]}}],"collection":[{"href":"https:\/\/ruususeura.fi\/sv\/wp-json\/wp\/v2\/pages"}],"about":[{"href":"https:\/\/ruususeura.fi\/sv\/wp-json\/wp\/v2\/types\/page"}],"author":[{"embeddable":true,"href":"https:\/\/ruususeura.fi\/sv\/wp-json\/wp\/v2\/users\/1"}],"replies":[{"embeddable":true,"href":"https:\/\/ruususeura.fi\/sv\/wp-json\/wp\/v2\/comments?post=750"}],"version-history":[{"count":5,"href":"https:\/\/ruususeura.fi\/sv\/wp-json\/wp\/v2\/pages\/750\/revisions"}],"predecessor-version":[{"id":4686,"href":"https:\/\/ruususeura.fi\/sv\/wp-json\/wp\/v2\/pages\/750\/revisions\/4686"}],"wp:attachment":[{"href":"https:\/\/ruususeura.fi\/sv\/wp-json\/wp\/v2\/media?parent=750"}],"curies":[{"name":"wp","href":"https:\/\/api.w.org\/{rel}","templated":true}]}}