{"id":804,"date":"2020-04-14T14:02:46","date_gmt":"2020-04-14T11:02:46","guid":{"rendered":"https:\/\/ruususeura.fi\/stadga\/"},"modified":"2022-12-25T14:50:16","modified_gmt":"2022-12-25T12:50:16","slug":"stadga","status":"publish","type":"page","link":"https:\/\/ruususeura.fi\/sv\/stadga\/","title":{"rendered":"Stadgar"},"content":{"rendered":"\t\t<div data-elementor-type=\"wp-page\" data-elementor-id=\"804\" class=\"elementor elementor-804 elementor-757\">\n\t\t\t\t\t\t<section class=\"elementor-section elementor-top-section elementor-element elementor-element-748d9fe elementor-section-boxed elementor-section-height-default elementor-section-height-default\" data-id=\"748d9fe\" data-element_type=\"section\" data-e-type=\"section\">\n\t\t\t\t\t\t<div class=\"elementor-container elementor-column-gap-default\">\n\t\t\t\t\t<div class=\"aux-parallax-section elementor-column elementor-col-66 elementor-top-column elementor-element elementor-element-78c9dc3\" data-id=\"78c9dc3\" data-element_type=\"column\" data-e-type=\"column\">\n\t\t\t<div class=\"elementor-widget-wrap elementor-element-populated\">\n\t\t\t\t\t\t<div class=\"elementor-element elementor-element-7588642 elementor-widget elementor-widget-heading\" data-id=\"7588642\" data-element_type=\"widget\" data-e-type=\"widget\" data-widget_type=\"heading.default\">\n\t\t\t\t<div class=\"elementor-widget-container\">\n\t\t\t\t\t<h1 class=\"elementor-heading-title elementor-size-default\">Stadgar<\/h1>\t\t\t\t<\/div>\n\t\t\t\t<\/div>\n\t\t\t\t\t<\/div>\n\t\t<\/div>\n\t\t\t\t<div class=\"aux-parallax-section elementor-column elementor-col-33 elementor-top-column elementor-element elementor-element-0cc806e\" data-id=\"0cc806e\" data-element_type=\"column\" data-e-type=\"column\">\n\t\t\t<div class=\"elementor-widget-wrap\">\n\t\t\t\t\t\t\t<\/div>\n\t\t<\/div>\n\t\t\t\t\t<\/div>\n\t\t<\/section>\n\t\t\t\t<section class=\"elementor-section elementor-top-section elementor-element elementor-element-ff205d8 elementor-section-boxed elementor-section-height-default elementor-section-height-default\" data-id=\"ff205d8\" data-element_type=\"section\" data-e-type=\"section\">\n\t\t\t\t\t\t<div class=\"elementor-container elementor-column-gap-default\">\n\t\t\t\t\t<div class=\"aux-parallax-section elementor-column elementor-col-66 elementor-top-column elementor-element elementor-element-351528d\" data-id=\"351528d\" data-element_type=\"column\" data-e-type=\"column\">\n\t\t\t<div class=\"elementor-widget-wrap elementor-element-populated\">\n\t\t\t\t\t\t<div class=\"elementor-element elementor-element-e084a0a elementor-widget elementor-widget-text-editor\" data-id=\"e084a0a\" data-element_type=\"widget\" data-e-type=\"widget\" data-widget_type=\"text-editor.default\">\n\t\t\t\t<div class=\"elementor-widget-container\">\n\t\t\t\t\t\t\t\t\t<p>Stadgar f\u00f6r Finska Rosens\u00e4llskapet<\/p>\n<p>De h\u00e4r stadgarna \u00e4r en inofficiell \u00f6vers\u00e4ttning fr\u00e5n finska. S\u00e4llskapet \u00e4r registrerat med de finskspr\u00e5kiga stadgarna som d\u00e4rf\u00f6r har f\u00f6retr\u00e4de vid tolkningar av paragrafernas inneh\u00e5ll.<\/p>\n<p>1 \u00a7 Namn<\/p>\n<p>F\u00f6reningens namn \u00e4r Suomen Ruususeura ry., p\u00e5 svenska Finska Rosens\u00e4llskapet rf. F\u00f6reningen ben\u00e4mns i forts\u00e4ttningen s\u00e4llskapet.<\/p>\n\t\t\t\t\t\t\t\t<\/div>\n\t\t\t\t<\/div>\n\t\t\t\t<div class=\"elementor-element elementor-element-a6f38f3 elementor-widget elementor-widget-text-editor\" data-id=\"a6f38f3\" data-element_type=\"widget\" data-e-type=\"widget\" data-widget_type=\"text-editor.default\">\n\t\t\t\t<div class=\"elementor-widget-container\">\n\t\t\t\t\t\t\t\t\t<p>2 \u00a7 Hemort<\/p>\n<p>S\u00e4llskapets hemort \u00e4r \u00c5bo och dess verksamhetsomr\u00e5de hela landet. F\u00f6r att befr\u00e4mja verksamheten kan s\u00e4llskapet ha regionala grupper.<span class=\"Apple-converted-space\">\u00a0<\/span><\/p>\n\t\t\t\t\t\t\t\t<\/div>\n\t\t\t\t<\/div>\n\t\t\t\t<div class=\"elementor-element elementor-element-698b996 elementor-widget elementor-widget-text-editor\" data-id=\"698b996\" data-element_type=\"widget\" data-e-type=\"widget\" data-widget_type=\"text-editor.default\">\n\t\t\t\t<div class=\"elementor-widget-container\">\n\t\t\t\t\t\t\t\t\t<p>3 \u00a7 Syfte<\/p>\n<p>S\u00e4llskapets syfte \u00e4r att<\/p>\n<ul>\n<li>befr\u00e4mja k\u00e4nnedom om rosor, deras former och sorter, samt forskning, f\u00f6rs\u00f6k och anv\u00e4ndning av dem.<\/li>\n<li>befr\u00e4mja kunskap om rosornas historia<\/li>\n<li>fungera som en sammanbindande l\u00e4nk mellan amat\u00f6rer, forskare och odlare inom omr\u00e5det.<\/li>\n<\/ul>\n<p>S\u00e4llskapet str\u00e4var mot sitt syfte genom att<\/p>\n<ul>\n<li>organisera m\u00f6ten och resor<\/li>\n<li>ut\u00f6va publikationsverksamhet<\/li>\n<li>samla in material som ber\u00f6r rosor f\u00f6r att anv\u00e4ndas av medlemmarna<\/li>\n<li>ta initiativ i \u00e4renden som ber\u00f6r rosor och odling av dem.<\/li>\n<\/ul>\n<p>F\u00f6reningen \u00e4r partipolitiskt obunden i sin verksamhet<\/p>\n\t\t\t\t\t\t\t\t<\/div>\n\t\t\t\t<\/div>\n\t\t\t\t<div class=\"elementor-element elementor-element-6109092 elementor-widget elementor-widget-text-editor\" data-id=\"6109092\" data-element_type=\"widget\" data-e-type=\"widget\" data-widget_type=\"text-editor.default\">\n\t\t\t\t<div class=\"elementor-widget-container\">\n\t\t\t\t\t\t\t\t\t<p>4 \u00a7 Medlemskap, medlemsavgift och annan medelanskaffning<span class=\"Apple-converted-space\">\u00a0<\/span><\/p>\n<p>Som ordinarie medlem kan antas en person som omfattar s\u00e4llskapets syften. Till underst\u00f6dande medlem kan kallas en juridisk person som st\u00f6der s\u00e4llskapets verksamhet.<span class=\"Apple-converted-space\">\u00a0<\/span><\/p>\n<p>En ordinarie medlem kan bli st\u00e4ndig medlem genom att betala den av \u00e5rsm\u00f6tet fastst\u00e4llda eng\u00e5ngs medlemsavgiften. P\u00e5 f\u00f6rslag av styrelsen kan \u00e5rsm\u00f6tet kalla en person, som med sitt agerande p\u00e5 ett f\u00f6rtj\u00e4nstfullt s\u00e4tt har befr\u00e4mjat s\u00e4llskapets syften, till hedersordf\u00f6rande eller hedersmedlem. S\u00e4llskapet kan samtidigt ha tre (3) hedersordf\u00f6randen och tjugo (20) hedersmedlemmar. <span class=\"Apple-converted-space\">\u00a0<\/span><\/p>\n<p>Ordinarie och underst\u00f6djande medlemmar betalar en av \u00e5rsm\u00f6tet fastst\u00e4lld medlemsavgift. Hedersmedlemmar och hedersordf\u00f6randen \u00e4r befriade fr\u00e5n medlemsavgift.<\/p>\n<p>Medlemsans\u00f6kan och ans\u00f6kan om uttr\u00e4de skall g\u00f6ras skriftligt. En ny medlem f\u00e5r r\u00f6str\u00e4tt d\u00e5 hen betalat medlemsavgiften och styrelsen godk\u00e4nt medlemskapet. Styrelsen kan utesluta en medlem som verkar i strid med s\u00e4llskapets syften. En medlem anses ha uttr\u00e4tt ur f\u00f6reningen om medlemsavgiften inte har betalats inom fyra m\u00e5nader fr\u00e5n f\u00f6rfallodagen.<span class=\"Apple-converted-space\">\u00a0<\/span><\/p>\n<p>F\u00f6r att st\u00f6da sin verksamhet har s\u00e4llskapet r\u00e4tt att med beh\u00f6riga tillst\u00e5nd anordna medelinsamlingar och lotterier, ta emot underst\u00f6d, donationer och testamenten, ut\u00f6va skolnings-, f\u00f6rlags- och publikationsverksamhet, f\u00f6rs\u00e4ljning av medlemstillbeh\u00f6r och \u00e4ga egendom som beh\u00f6vs f\u00f6r verksamheten.<span class=\"Apple-converted-space\">\u00a0<\/span><\/p>\n\t\t\t\t\t\t\t\t<\/div>\n\t\t\t\t<\/div>\n\t\t\t\t<div class=\"elementor-element elementor-element-7c5c938 elementor-widget elementor-widget-text-editor\" data-id=\"7c5c938\" data-element_type=\"widget\" data-e-type=\"widget\" data-widget_type=\"text-editor.default\">\n\t\t\t\t<div class=\"elementor-widget-container\">\n\t\t\t\t\t\t\t\t\t<p>5 \u00a7 F\u00f6rvaltning<\/p>\n<p>Styrelsen ansvarar f\u00f6r s\u00e4llskapets ledning och f\u00f6rvaltning. \u00c5rsm\u00f6tet v\u00e4ljer en styrelse till vilken h\u00f6r en ordf\u00f6rande och en viceordf\u00f6rande samt 4-7 medlemmar. F\u00f6r medlemmarna v\u00e4ljs 3-4 ers\u00e4ttare. Ers\u00e4ttarna \u00e4r inte personliga. Vid f\u00f6rhinder f\u00f6r en ordinarie medlem inkallas ers\u00e4ttare i den ordning som \u00e5rsm\u00f6tet best\u00e4mt. Om en ers\u00e4ttare representerar den ordinarie medlemmen i styrelsen har hen beslutsr\u00e4tt p\u00e5 det m\u00f6tet.<\/p>\n<p>Ordf\u00f6randes och viceordf\u00f6randes verksamhetsperiod<span class=\"Apple-converted-space\">\u00a0 <\/span>\u00e4r tv\u00e5 (2)\u00e5r och styrelsemedlemmarnas tv\u00e5 (2) \u00e5r. Varje \u00e5r \u00e4r 2-4 medlemmar i tur att avg\u00e5. <span class=\"Apple-converted-space\">\u00a0<\/span><\/p>\n<p>Styrelsen v\u00e4ljer sekreterare och \u00f6vriga beh\u00f6vliga funktion\u00e4rer inom sig eller vid behov utom styrelsen.<\/p>\n\t\t\t\t\t\t\t\t<\/div>\n\t\t\t\t<\/div>\n\t\t\t\t<div class=\"elementor-element elementor-element-8b11d26 elementor-widget elementor-widget-text-editor\" data-id=\"8b11d26\" data-element_type=\"widget\" data-e-type=\"widget\" data-widget_type=\"text-editor.default\">\n\t\t\t\t<div class=\"elementor-widget-container\">\n\t\t\t\t\t\t\t\t\t<p>6 \u00a7 S\u00e4llskapets namntecknare<\/p>\n<p>S\u00e4llskapets namn tecknas av ordf\u00f6rande och viceordf\u00f6rande eller en person utsedd av styrelsen, tv\u00e5 tillsammans.<span class=\"Apple-converted-space\">\u00a0<\/span><\/p>\n\t\t\t\t\t\t\t\t<\/div>\n\t\t\t\t<\/div>\n\t\t\t\t<div class=\"elementor-element elementor-element-4624655 elementor-widget elementor-widget-text-editor\" data-id=\"4624655\" data-element_type=\"widget\" data-e-type=\"widget\" data-widget_type=\"text-editor.default\">\n\t\t\t\t<div class=\"elementor-widget-container\">\n\t\t\t\t\t\t\t\t\t<p>7 \u00a7 Styrelsens beslutsf\u00f6rhet.<\/p>\n<p>Styrelsen \u00e4r beslutsf\u00f6r n\u00e4r ordf\u00f6rande eller viceordf\u00f6rande och minst h\u00e4lften av styrelsemedlemmarna \u00e4r n\u00e4rvarande.<span class=\"Apple-converted-space\">\u00a0<\/span><\/p>\n<p>Ordf\u00f6rande eller viceordf\u00f6rande kan, n\u00e4r hen sammankallar styrelsen, besluta att man kan delta i m\u00f6tet via dataf\u00f6rbindelse eller n\u00e5got annat tekniskt hj\u00e4lpmedel som anges, genom att anm\u00e4la det p\u00e5 f\u00f6rhand.<span class=\"Apple-converted-space\">\u00a0<\/span><\/p>\n\t\t\t\t\t\t\t\t<\/div>\n\t\t\t\t<\/div>\n\t\t\t\t<div class=\"elementor-element elementor-element-ee81bd0 elementor-widget elementor-widget-text-editor\" data-id=\"ee81bd0\" data-element_type=\"widget\" data-e-type=\"widget\" data-widget_type=\"text-editor.default\">\n\t\t\t\t<div class=\"elementor-widget-container\">\n\t\t\t\t\t\t\t\t\t<p>8 \u00a7 Styrelsens uppgifter<\/p>\n<p>Styrelsens uppgifter \u00e4r att<\/p>\n<p>1. kalla medlemmarna till m\u00f6ten.<span class=\"Apple-converted-space\">\u00a0<\/span><\/p>\n<p>2. f\u00f6rbereda \u00e4renden som skall behandlas p\u00e5 m\u00f6ten och verkst\u00e4lla beslut som gjorts p\u00e5 m\u00f6tena.<\/p>\n<p>3. handha s\u00e4llskapets ekonomiska tillg\u00e5ngar och annan egendom.<span class=\"Apple-converted-space\">\u00a0<\/span><\/p>\n<p>4. representera s\u00e4llskapet och sk\u00f6ta dess l\u00f6pande \u00e4renden.<\/p>\n<p>5. tills\u00e4tta de utskott och arbetsgrupper som den anser n\u00f6dv\u00e4ndiga f\u00f6r att effektivera den inre verksamheten.<span class=\"Apple-converted-space\">\u00a0<\/span><\/p>\n<p>6. uppr\u00e4tth\u00e5lla ett register \u00f6ver s\u00e4llskapets medlemmar.<\/p>\n<p>7. g\u00f6ra framst\u00e4llningar till \u00e5rsm\u00f6tet om utm\u00e4rkelser och \u00f6vriga uppvaktningar<\/p>\n\t\t\t\t\t\t\t\t<\/div>\n\t\t\t\t<\/div>\n\t\t\t\t<div class=\"elementor-element elementor-element-84c522b elementor-widget elementor-widget-text-editor\" data-id=\"84c522b\" data-element_type=\"widget\" data-e-type=\"widget\" data-widget_type=\"text-editor.default\">\n\t\t\t\t<div class=\"elementor-widget-container\">\n\t\t\t\t\t\t\t\t\t<p>9 \u00a7 \u00c5rsm\u00f6te<\/p>\n<p>S\u00e4llskapets \u00e5rsm\u00f6te h\u00e5lls \u00e5rligen f\u00f6re slutet av mars och d\u00e4r behandlas f\u00f6ljande \u00e4renden<\/p>\n<p>&#8211; V\u00e4ljs en ordf\u00f6rande f\u00f6r m\u00f6tet.<\/p>\n<p>&#8211; V\u00e4ljs en sekreterare f\u00f6r m\u00f6tet..<\/p>\n<p>&#8211; Konstateras m\u00f6tets laglighet.<\/p>\n<p>&#8211; V\u00e4ljs tv\u00e5 protokolljusterare.<\/p>\n<p>&#8211; V\u00e4ljs tv\u00e5 r\u00f6str\u00e4knare.<\/p>\n<p>&#8211; Presenteras s\u00e4llskapets verksamhetsber\u00e4ttelse och beslutes om dess godk\u00e4nnande.<span class=\"Apple-converted-space\">\u00a0<\/span><\/p>\n<p>&#8211; Presenteras s\u00e4llskapets bokslut, delges revisionsber\u00e4ttelsen, fastst\u00e4lls bokslutet och besluts om ansvarsfrihet f\u00f6r styrelse och kass\u00f6r.<span class=\"Apple-converted-space\">\u00a0<\/span><\/p>\n<p>&#8211; Fastst\u00e4lls ordinarie medlemsavgift och avgift f\u00f6r st\u00e4ndigt medlemsskap f\u00f6r inkommande verksamhets\u00e5r.<span class=\"Apple-converted-space\">\u00a0<\/span><\/p>\n<p>Fastst\u00e4lls verksamhetsplan och budget f\u00f6r innevarande \u00e5r.<span class=\"Apple-converted-space\">\u00a0<\/span><\/p>\n<p>&#8211; V\u00e4ljs ordf\u00f6rande och viceordf\u00f6rande f\u00f6r s\u00e4llskapet.<span class=\"Apple-converted-space\">\u00a0<\/span><\/p>\n<p>&#8211; Besluts om antalet styrelsemedlemmar och ers\u00e4ttare<\/p>\n<p>&#8211; V\u00e4ljs styrelsemedlemmar och \u00a0ers\u00e4ttare i st\u00e4llet f\u00f6r de som \u00e4r i tur att avg\u00e5.<span class=\"Apple-converted-space\">\u00a0<\/span><\/p>\n<p>V\u00e4ljs tv\u00e5 verksamhetsgranskare och tv\u00e5 ers\u00e4ttare f\u00f6r dem.<span class=\"Apple-converted-space\">\u00a0<\/span><\/p>\n<p>&#8211; V\u00e4ljs representanter och deras ers\u00e4ttare f\u00f6r de samfunds m\u00f6ten, d\u00e4r s\u00e4llskapet \u00e4r medlem.<span class=\"Apple-converted-space\">\u00a0<\/span><\/p>\n<p>Behandlas \u00f6vriga av styrelsen framlagda \u00e4renden.<span class=\"Apple-converted-space\">\u00a0<\/span><\/p>\n<p>&#8211; Behandlas \u00e4renden som inkommit till styrelsen fr\u00e5n medlemmar f\u00f6re f\u00f6reg\u00e5ende \u00e5rs slut.<\/p>\n<p>\u00d6vriga \u00e4renden som kommit fram under m\u00f6tet, om vilka man \u00e4nd\u00e5 inte kan g\u00f6ra beslut.<span class=\"Apple-converted-space\">\u00a0<\/span><\/p>\n<p>Kallelse till \u00e5rsm\u00f6tet publiceras i s\u00e4llskapets publikation, p\u00e5 n\u00e4tsidorna eller skickas till medlemmarna per brev, e-post eller textmeddelande minst 14 dagar f\u00f6re m\u00f6tet.<span class=\"Apple-converted-space\">\u00a0<\/span><\/p>\n<p>Styrelsen kan, n\u00e4r den kallar till \u00e5rsm\u00f6tet, besluta att man kan delta i m\u00f6tet via dataf\u00f6rbindelse eller n\u00e5got annat tekniskt hj\u00e4lpmedel, i enlighet med vad som meddelas i m\u00f6teskallelsen, genom att anm\u00e4la det p\u00e5 f\u00f6rhand.<span class=\"Apple-converted-space\">\u00a0<\/span><\/p>\n\t\t\t\t\t\t\t\t<\/div>\n\t\t\t\t<\/div>\n\t\t\t\t<div class=\"elementor-element elementor-element-00ef52a elementor-widget elementor-widget-text-editor\" data-id=\"00ef52a\" data-element_type=\"widget\" data-e-type=\"widget\" data-widget_type=\"text-editor.default\">\n\t\t\t\t<div class=\"elementor-widget-container\">\n\t\t\t\t\t\t\t\t\t<p>10 \u00a7 Extraordin\u00e4rt m\u00f6te<\/p>\n<p>Medlemmarna kallas till ett extraordin\u00e4rt m\u00f6te om minst en tiondedel av de r\u00f6stber\u00e4ttigade medlemmarna yrkar p\u00e5 det i en skriftlig beg\u00e4ran till styrelsen eller om styrelsen anser m\u00f6tet n\u00f6dv\u00e4ndigt.<span class=\"Apple-converted-space\">\u00a0<\/span><\/p>\n<p>Ett extraordin\u00e4rt m\u00f6te sammankallas p\u00e5 samma s\u00e4tt som ett ordinarie \u00e5rsm\u00f6te.<span class=\"Apple-converted-space\">\u00a0<\/span><\/p>\n\t\t\t\t\t\t\t\t<\/div>\n\t\t\t\t<\/div>\n\t\t\t\t<div class=\"elementor-element elementor-element-952d489 elementor-widget elementor-widget-text-editor\" data-id=\"952d489\" data-element_type=\"widget\" data-e-type=\"widget\" data-widget_type=\"text-editor.default\">\n\t\t\t\t<div class=\"elementor-widget-container\">\n\t\t\t\t\t\t\t\t\t<p>11 \u00a7 R\u00f6stning<\/p>\n<p>P\u00e5 s\u00e4llskapets m\u00f6ten kan man inte r\u00f6sta med fullmakt.<\/p>\n\t\t\t\t\t\t\t\t<\/div>\n\t\t\t\t<\/div>\n\t\t\t\t<div class=\"elementor-element elementor-element-3900cb9 elementor-widget elementor-widget-text-editor\" data-id=\"3900cb9\" data-element_type=\"widget\" data-e-type=\"widget\" data-widget_type=\"text-editor.default\">\n\t\t\t\t<div class=\"elementor-widget-container\">\n\t\t\t\t\t\t\t\t\t<p>12 \u00a7 Verksamhets- och bokslutsperiod.<\/p>\n<p>S\u00e4llskapets verksamhets- och bokslutsperiod \u00e4r kalender\u00e5ret. Bokslutet skall f\u00e4rdigst\u00e4llas f\u00f6re den 15. februari och \u00f6verl\u00e4mnas till revisorerna f\u00f6r granskning.<span class=\"Apple-converted-space\">\u00a0<\/span><\/p>\n\t\t\t\t\t\t\t\t<\/div>\n\t\t\t\t<\/div>\n\t\t\t\t<div class=\"elementor-element elementor-element-f56dc13 elementor-widget elementor-widget-text-editor\" data-id=\"f56dc13\" data-element_type=\"widget\" data-e-type=\"widget\" data-widget_type=\"text-editor.default\">\n\t\t\t\t<div class=\"elementor-widget-container\">\n\t\t\t\t\t\t\t\t\t<p>13 \u00a7 Stadge\u00e4ndring<span class=\"Apple-converted-space\">\u00a0<\/span><\/p>\n<p>En \u00e4ndring av stadgarna kr\u00e4ver ett beslut p\u00e5 \u00e5rsm\u00f6tet d\u00e4r \u00e4ndringen st\u00f6ds av minst tre fj\u00e4rdedelar av de avgivna r\u00f6sterna. I kallelsen till \u00e5rsm\u00f6tet b\u00f6r framg\u00e5 f\u00f6rslaget till stadge\u00e4ndring.<span class=\"Apple-converted-space\">\u00a0<\/span><\/p>\n\t\t\t\t\t\t\t\t<\/div>\n\t\t\t\t<\/div>\n\t\t\t\t<div class=\"elementor-element elementor-element-0bfa2b1 elementor-widget elementor-widget-text-editor\" data-id=\"0bfa2b1\" data-element_type=\"widget\" data-e-type=\"widget\" data-widget_type=\"text-editor.default\">\n\t\t\t\t<div class=\"elementor-widget-container\">\n\t\t\t\t\t\t\t\t\t<p>14 \u00a7 Uppl\u00f6sning av f\u00f6reningen<\/p>\n<p>S\u00e4llskapet verksamhet kan avslutas och f\u00f6reningen uppl\u00f6sas om f\u00f6rslaget till uppl\u00f6sning av f\u00f6reningen har varit framme till behandling under tv\u00e5 p\u00e5 varandra f\u00f6ljande f\u00f6reningsm\u00f6ten och tre fj\u00e4rdedelar av de avgivna r\u00f6sterna p\u00e5 vardera m\u00f6tet har underst\u00f6tt ett avslutande av verksamheten och en uppl\u00f6sning av f\u00f6reningen. Mellan m\u00f6tena m\u00e5ste det g\u00e5 minst 60 dagar. Om s\u00e4llskapet uppl\u00f6ses tillfaller dess egendom n\u00e5gon annan registrerad f\u00f6rening, stiftelse eller institution som befr\u00e4mjar s\u00e4llskapets syften, i enlighet med vad det sista m\u00f6tet som behandlar uppl\u00f6sningen besluter.<\/p>\n\t\t\t\t\t\t\t\t<\/div>\n\t\t\t\t<\/div>\n\t\t\t\t\t<\/div>\n\t\t<\/div>\n\t\t\t\t<div class=\"aux-parallax-section elementor-column elementor-col-33 elementor-top-column elementor-element elementor-element-753d5de\" data-id=\"753d5de\" data-element_type=\"column\" data-e-type=\"column\">\n\t\t\t<div class=\"elementor-widget-wrap\">\n\t\t\t\t\t\t\t<\/div>\n\t\t<\/div>\n\t\t\t\t\t<\/div>\n\t\t<\/section>\n\t\t\t\t<section class=\"elementor-section elementor-top-section elementor-element elementor-element-c135f94 elementor-section-boxed elementor-section-height-default elementor-section-height-default\" data-id=\"c135f94\" data-element_type=\"section\" data-e-type=\"section\">\n\t\t\t\t\t\t<div class=\"elementor-container elementor-column-gap-default\">\n\t\t\t\t\t<div class=\"aux-parallax-section elementor-column elementor-col-100 elementor-top-column elementor-element elementor-element-9b837e2\" data-id=\"9b837e2\" data-element_type=\"column\" data-e-type=\"column\">\n\t\t\t<div class=\"elementor-widget-wrap elementor-element-populated\">\n\t\t\t\t\t\t<div class=\"elementor-element elementor-element-7abe648 elementor-widget elementor-widget-text-editor\" data-id=\"7abe648\" data-element_type=\"widget\" data-e-type=\"widget\" data-widget_type=\"text-editor.default\">\n\t\t\t\t<div class=\"elementor-widget-container\">\n\t\t\t\t\t\t\t\t\t<p>15 \u00a7 F\u00f6reningslagen<\/p>\n<p>I de fall, som inte n\u00e4mnts i de h\u00e4r stadgarna, till\u00e4mpas de ikraftvarande lagar och f\u00f6rordningar som ber\u00f6r f\u00f6reningar.<span class=\"Apple-converted-space\">\u00a0<\/span><\/p>\n\t\t\t\t\t\t\t\t<\/div>\n\t\t\t\t<\/div>\n\t\t\t\t\t<\/div>\n\t\t<\/div>\n\t\t\t\t\t<\/div>\n\t\t<\/section>\n\t\t\t\t<\/div>\n\t\t","protected":false},"excerpt":{"rendered":"<p>Stadgar Stadgar f\u00f6r Finska Rosens\u00e4llskapet De h\u00e4r stadgarna \u00e4r en inofficiell \u00f6vers\u00e4ttning fr\u00e5n finska. S\u00e4llskapet \u00e4r registrerat med de finskspr\u00e5kiga stadgarna som d\u00e4rf\u00f6r har f\u00f6retr\u00e4de vid tolkningar av paragrafernas inneh\u00e5ll. 1 \u00a7 Namn F\u00f6reningens namn \u00e4r Suomen Ruususeura ry., p\u00e5 svenska Finska Rosens\u00e4llskapet rf. F\u00f6reningen ben\u00e4mns i forts\u00e4ttningen s\u00e4llskapet. 2 \u00a7 Hemort S\u00e4llskapets hemort \u00e4r [&hellip;]<\/p>\n","protected":false},"author":1,"featured_media":0,"parent":0,"menu_order":0,"comment_status":"closed","ping_status":"closed","template":"","meta":{"footnotes":""},"class_list":["post-804","page","type-page","status-publish","hentry"],"_links":{"self":[{"href":"https:\/\/ruususeura.fi\/sv\/wp-json\/wp\/v2\/pages\/804","targetHints":{"allow":["GET"]}}],"collection":[{"href":"https:\/\/ruususeura.fi\/sv\/wp-json\/wp\/v2\/pages"}],"about":[{"href":"https:\/\/ruususeura.fi\/sv\/wp-json\/wp\/v2\/types\/page"}],"author":[{"embeddable":true,"href":"https:\/\/ruususeura.fi\/sv\/wp-json\/wp\/v2\/users\/1"}],"replies":[{"embeddable":true,"href":"https:\/\/ruususeura.fi\/sv\/wp-json\/wp\/v2\/comments?post=804"}],"version-history":[{"count":5,"href":"https:\/\/ruususeura.fi\/sv\/wp-json\/wp\/v2\/pages\/804\/revisions"}],"predecessor-version":[{"id":4158,"href":"https:\/\/ruususeura.fi\/sv\/wp-json\/wp\/v2\/pages\/804\/revisions\/4158"}],"wp:attachment":[{"href":"https:\/\/ruususeura.fi\/sv\/wp-json\/wp\/v2\/media?parent=804"}],"curies":[{"name":"wp","href":"https:\/\/api.w.org\/{rel}","templated":true}]}}