{"id":828,"date":"2020-04-20T12:59:54","date_gmt":"2020-04-20T09:59:54","guid":{"rendered":"https:\/\/ruususeura.fi\/kakor\/"},"modified":"2020-05-06T12:43:48","modified_gmt":"2020-05-06T09:43:48","slug":"kakor","status":"publish","type":"page","link":"https:\/\/ruususeura.fi\/sv\/kakor\/","title":{"rendered":"Kakor"},"content":{"rendered":"\t\t<div data-elementor-type=\"wp-page\" data-elementor-id=\"828\" class=\"elementor elementor-828 elementor-737\">\n\t\t\t\t\t\t<section class=\"elementor-section elementor-top-section elementor-element elementor-element-71903b1 elementor-section-boxed elementor-section-height-default elementor-section-height-default\" data-id=\"71903b1\" data-element_type=\"section\" data-e-type=\"section\">\n\t\t\t\t\t\t<div class=\"elementor-container elementor-column-gap-default\">\n\t\t\t\t\t<div class=\"aux-parallax-section elementor-column elementor-col-66 elementor-top-column elementor-element elementor-element-5049977\" data-id=\"5049977\" data-element_type=\"column\" data-e-type=\"column\">\n\t\t\t<div class=\"elementor-widget-wrap elementor-element-populated\">\n\t\t\t\t\t\t<div class=\"elementor-element elementor-element-c7c7eba elementor-widget elementor-widget-heading\" data-id=\"c7c7eba\" data-element_type=\"widget\" data-e-type=\"widget\" data-widget_type=\"heading.default\">\n\t\t\t\t<div class=\"elementor-widget-container\">\n\t\t\t\t\t<h1 class=\"elementor-heading-title elementor-size-default\">Kakor<\/h1>\t\t\t\t<\/div>\n\t\t\t\t<\/div>\n\t\t\t\t<div class=\"elementor-element elementor-element-adabb39 elementor-widget elementor-widget-text-editor\" data-id=\"adabb39\" data-element_type=\"widget\" data-e-type=\"widget\" data-widget_type=\"text-editor.default\">\n\t\t\t\t<div class=\"elementor-widget-container\">\n\t\t\t\t\t\t\t\t\t<div class=\"et_pb_module et_pb_text et_pb_text_1 et_pb_text_align_left et_pb_bg_layout_light\">\n<div class=\"et_pb_text_inner\">\n<p>Anv\u00e4ndning av kakor<\/p>\n<p>P\u00e5 webbplatsen ruususeura.fi anv\u00e4nds kakor f\u00f6r att f\u00f6rb\u00e4ttra anv\u00e4ndarupplevelsen.<\/p>\n<p>En kaka (cookie) \u00e4r en liten textfil som sparas tillf\u00e4lligt p\u00e5 anv\u00e4ndarens h\u00e5rddisk. Kakor anv\u00e4nds p\u00e5 n\u00e4stan alla webbplatser och webbplatserna fungerar inte n\u00f6dv\u00e4ndigtvis som de ska utan kakor.<\/p>\n<p>Kakan inneh\u00e5ller en specificerande beteckning som skapas slumpm\u00e4ssigt, med vilken vi kan identifiera din dator och samla in information om vilka sidor och funktioner du anv\u00e4nder med din webbl\u00e4sare.<\/p>\n<p>Kakor och statistik<\/p>\n<p>Vi anv\u00e4nder programmet\u00a0<a href=\"https:\/\/marketingplatform.google.com\/about\/analytics\/\" target=\"_blank\" rel=\"noopener\">Google Analytics<\/a>\u00a0f\u00f6r att samla in data om hur webbplatsen anv\u00e4nds. Med hj\u00e4lp av dessa data kan vi skapa en uppfattning om vad anv\u00e4ndarna vill ha och hur vi p\u00e5 b\u00e4sta s\u00e4tt ska kunna leverera de uppgifter som anv\u00e4ndarna beh\u00f6ver.<\/p>\n<p>Vi kopplar inte n\u00e5gra data fr\u00e5n Google Analytics till n\u00e5got annat, och vi f\u00f6rvarar inte n\u00e5gon Google Analytics-information offline.<\/p>\n<p>Du kan l\u00e4ra dig om<a href=\"https:\/\/policies.google.com\/privacy\" target=\"_blank\" rel=\"noopener\">\u00a0Google Analytics sekretesspolicy h\u00e4r\u00a0<\/a>och avst\u00e4nga av Google Analytics helt genom att klicka h\u00e4r.<\/p>\n<p>Facebook, Twitter, Instagram, Youtube och andra<\/p>\n<p>Gemensamt med ganska mycket varje webbplats idag anv\u00e4nder vi sociala medier -cookies fr\u00e5n webbplatser som Facebook, Twitter, Instagram och Youtube m.fl.<\/p>\n<p>\u00c5terigen, om du \u00e4r utloggad fr\u00e5n Facebook, Twitter, Instagram, Youtube eller andra, har de inte n\u00e5gon personlig information om dig.\u00a0Eftersom det inte \u00e4r personlig information, fr\u00e5gar vi dig inte specifikt om samtycke att anv\u00e4nda den.<\/p>\n<p>N\u00e4r du \u00e4r inloggad p\u00e5 Facebook, Twitter, Instagram, Youtube och liknande tj\u00e4nster, vet de n\u00e4r du bes\u00f6ker RUUSUSEURA.FI, liksom alla andra webbplatser som ocks\u00e5 anv\u00e4nder deras tj\u00e4nster. Du godk\u00e4nner detta n\u00e4r du loggar in p\u00e5 Facebook, Twitter, Instagram, Youtube eller Google och det \u00e4r folket d\u00e4r som har dina personuppgifter. Vi kan inte se n\u00e5got av det.<\/p>\n<p>F\u00f6rhindra och radera kakor<\/p>\n<p>Du kan f\u00f6rhindra anv\u00e4ndningen av kakor p\u00e5 din dator genom att \u00e4ndra inst\u00e4llningarna i din webbl\u00e4sare. Inst\u00e4llningarnas l\u00e4ge beror p\u00e5 webbl\u00e4saren. Det \u00e4r dock bra att l\u00e4gga m\u00e4rke till att m\u00e5nga funktioner och tj\u00e4nster f\u00f6ruts\u00e4tter att webbplatsen sparar de val som du gjort. Om du inte till\u00e5ter kakor, kan du inte n\u00f6dv\u00e4ndigtvis anv\u00e4nda alla funktioner och tj\u00e4nster.<\/p>\n<p>Kakorna kan raderas en och en eller p\u00e5 en g\u00e5ng i alla webbl\u00e4sare. Raderingsfunktionens l\u00e4ge beror p\u00e5 webbl\u00e4saren. Via l\u00e4nkarna nedan f\u00e5r du anvisningar om inst\u00e4llningarna i din webbl\u00e4sare. Om du anv\u00e4nder flera olika webbl\u00e4sare ska du komma ih\u00e5g att radera kakorna fr\u00e5n dem alla.<\/p>\n<p><a href=\"https:\/\/policies.google.com\/privacy\" target=\"_blank\" rel=\"noopener\">Radera cookies \/ Microsoft Edge<\/a><\/p>\n<p><a href=\"https:\/\/support.google.com\/chrome\/answer\/95647?hl=fi\" target=\"_blank\" rel=\"noopener\">Radera cookies \/ Google Chrome<\/a><\/p>\n<p><a href=\"https:\/\/support.mozilla.org\/fi\/kb\/evasteiden-salliminen-ja-estaminen?redirectlocale=fi&amp;redirectslug=evasteiden-paalle-ja-poiskytkeminen\" target=\"_blank\" rel=\"noopener\">Radera cookies \/ Mozilla Firefox<\/a><\/p>\n<p><a href=\"https:\/\/help.opera.com\/en\/latest\/web-preferences\/#cookies\" target=\"_blank\" rel=\"noopener\">Radera cookies \/ Opera<\/a><\/p>\n<\/div>\n<\/div>\n\t\t\t\t\t\t\t\t<\/div>\n\t\t\t\t<\/div>\n\t\t\t\t\t<\/div>\n\t\t<\/div>\n\t\t\t\t<div class=\"aux-parallax-section elementor-column elementor-col-33 elementor-top-column elementor-element elementor-element-5411782\" data-id=\"5411782\" data-element_type=\"column\" data-e-type=\"column\">\n\t\t\t<div class=\"elementor-widget-wrap\">\n\t\t\t\t\t\t\t<\/div>\n\t\t<\/div>\n\t\t\t\t\t<\/div>\n\t\t<\/section>\n\t\t\t\t<\/div>\n\t\t","protected":false},"excerpt":{"rendered":"<p>Kakor Anv\u00e4ndning av kakor P\u00e5 webbplatsen ruususeura.fi anv\u00e4nds kakor f\u00f6r att f\u00f6rb\u00e4ttra anv\u00e4ndarupplevelsen. En kaka (cookie) \u00e4r en liten textfil som sparas tillf\u00e4lligt p\u00e5 anv\u00e4ndarens h\u00e5rddisk. Kakor anv\u00e4nds p\u00e5 n\u00e4stan alla webbplatser och webbplatserna fungerar inte n\u00f6dv\u00e4ndigtvis som de ska utan kakor. Kakan inneh\u00e5ller en specificerande beteckning som skapas slumpm\u00e4ssigt, med vilken vi kan identifiera [&hellip;]<\/p>\n","protected":false},"author":1,"featured_media":0,"parent":0,"menu_order":0,"comment_status":"closed","ping_status":"closed","template":"","meta":{"footnotes":""},"class_list":["post-828","page","type-page","status-publish","hentry"],"_links":{"self":[{"href":"https:\/\/ruususeura.fi\/sv\/wp-json\/wp\/v2\/pages\/828","targetHints":{"allow":["GET"]}}],"collection":[{"href":"https:\/\/ruususeura.fi\/sv\/wp-json\/wp\/v2\/pages"}],"about":[{"href":"https:\/\/ruususeura.fi\/sv\/wp-json\/wp\/v2\/types\/page"}],"author":[{"embeddable":true,"href":"https:\/\/ruususeura.fi\/sv\/wp-json\/wp\/v2\/users\/1"}],"replies":[{"embeddable":true,"href":"https:\/\/ruususeura.fi\/sv\/wp-json\/wp\/v2\/comments?post=828"}],"version-history":[{"count":3,"href":"https:\/\/ruususeura.fi\/sv\/wp-json\/wp\/v2\/pages\/828\/revisions"}],"predecessor-version":[{"id":972,"href":"https:\/\/ruususeura.fi\/sv\/wp-json\/wp\/v2\/pages\/828\/revisions\/972"}],"wp:attachment":[{"href":"https:\/\/ruususeura.fi\/sv\/wp-json\/wp\/v2\/media?parent=828"}],"curies":[{"name":"wp","href":"https:\/\/api.w.org\/{rel}","templated":true}]}}