{"id":845,"date":"2020-04-21T11:27:16","date_gmt":"2020-04-21T08:27:16","guid":{"rendered":"https:\/\/ruususeura.fi\/om-oss\/"},"modified":"2025-02-10T17:22:08","modified_gmt":"2025-02-10T15:22:08","slug":"om-oss","status":"publish","type":"page","link":"https:\/\/ruususeura.fi\/sv\/om-oss\/","title":{"rendered":"Om oss"},"content":{"rendered":"\t\t<div data-elementor-type=\"wp-page\" data-elementor-id=\"845\" class=\"elementor elementor-845 elementor-93\">\n\t\t\t\t\t\t<section class=\"elementor-section elementor-top-section elementor-element elementor-element-e213f58 elementor-section-boxed elementor-section-height-default elementor-section-height-default\" data-id=\"e213f58\" data-element_type=\"section\" data-e-type=\"section\">\n\t\t\t\t\t\t<div class=\"elementor-container elementor-column-gap-default\">\n\t\t\t\t\t<div class=\"aux-parallax-section elementor-column elementor-col-66 elementor-top-column elementor-element elementor-element-4f111ff\" data-id=\"4f111ff\" data-element_type=\"column\" data-e-type=\"column\">\n\t\t\t<div class=\"elementor-widget-wrap elementor-element-populated\">\n\t\t\t\t\t\t<div class=\"elementor-element elementor-element-48713901 elementor-widget elementor-widget-text-editor\" data-id=\"48713901\" data-element_type=\"widget\" data-e-type=\"widget\" data-widget_type=\"text-editor.default\">\n\t\t\t\t<div class=\"elementor-widget-container\">\n\t\t\t\t\t\t\t\t\t<h1>V\u00e4lkommen med in i rosornas fascinerande v\u00e4rld.<\/h1>\n<p>Finska Rosens\u00e4llskapet grundades p\u00e5 Floradagen den 13.5.1989 i N\u00e5dendals pr\u00e4stg\u00e5rd. De stiftande medlemmarna var personer som fallit f\u00f6r rosornas sk\u00f6nhet och doft och som inte var r\u00e4dda f\u00f6r taggar och besv\u00e4rliga odlingsf\u00f6rh\u00e5llanden.<\/p>\n<p>Rosens\u00e4llskapet har ca 700 medlemmar i Finland och n\u00e5gra i \u00f6vriga Norden. Alla \u00e4r f\u00f6rtrollade av rosorna, var och en p\u00e5 sitt s\u00e4tt. En del vill veta mer och hitta ursprungliga h\u00e4rdiga finska rosor. F\u00f6r andra \u00e4r utmaningen att lyckas ocks\u00e5 med mindre h\u00e4rdiga rosor. Att f\u00e5 dem att v\u00e4xa till sig, klara vinter efter vinter och ge syn- och doftupplevelser under sommaren som man kan leva p\u00e5 i h\u00f6st och vinterm\u00f6rker.<\/p>\n<p>Vi i Rosens\u00e4llskapet vill sprida kunskap om rosor via artiklar, resor, m\u00f6ten och tr\u00e4dg\u00e5rdsbes\u00f6k. Du \u00e4r v\u00e4lkommen med, oberoende av var i landet du bor och vilka uttryck ditt eget rosintresse har.<\/p>\n<p>Stadgarna ger ramarna f\u00f6r v\u00e5r verksamhet och v\u00e5r organisation. S\u00e4llskapet leds av styrelsen. Men utan medlemmar finns ingen aktivitet. Vi hoppas d\u00e4rf\u00f6r att du vill vara med och dela rosupplevelser och sprida kunskap om rosor.<\/p>\n<p>Vi vill hj\u00e4lpa och st\u00f6da om och n\u00e4r du har fr\u00e5gor eller utmaningar med dina rosor. D\u00e4rf\u00f6r har vi ocks\u00e5 \u00f6ppnat f\u00f6r att kunna besvara fr\u00e5gor om rosor h\u00e4r p\u00e5 hemsidan. Du \u00e4r v\u00e4lkommen med fr\u00e5gor, skicka in dem med e-post till webbredakt\u00f6ren. Och vill du diskutera rosor s\u00e5 finns v\u00e5r fb-sida \u201d<a href=\"https:\/\/www.facebook.com\/groups\/ruusukeskustelua\/\" target=\"_blank\" rel=\"noopener\">Ruusukeskustelua<\/a>\u201d. D\u00e4r kan man diskutera alla sorters rosor, var man hittar olika rosor, plantering, g\u00f6dsling, besk\u00e4rning, vinterskydd m.m. D\u00e4r hittar man meningsfr\u00e4nder och de som \u00e4r av annan \u00e5sikt. Meningsutbytet \u00e4r tidvis mycket livligt.<\/p>\n<p><strong>Rosenbladet<\/strong> \u00e4r en viktig informationskanal och intressant l\u00e4sning som medlemmarna f\u00e5r i pappersformat fyra ggr i \u00e5ret. Tidningen kan ocks\u00e5 l\u00e4sas h\u00e4r p\u00e5 hemsidan. Dock \u00e4r de senaste 2 \u00e5rg\u00e5ngarna tillg\u00e4ngliga bara f\u00f6r medlemmar. Redan f\u00f6r tidningens skull \u00e4r det v\u00e4rt att vara medlem. Speciellt som<strong> medlemsavgiften \u00e4r bara 35\u20ac\/\u00e5r (2025)<\/strong><\/p>\n<p><strong>Lokalgrupperna<\/strong> verkar regionalt och ordnar tr\u00e4ffar kring intressanta \u00e4mnen, tr\u00e4dg\u00e5rdsbes\u00f6k och deltar i tr\u00e4dg\u00e5rdsm\u00e4ssor.<\/p>\n<p>Finska Rosens\u00e4llskapet \u00e4r medlem i <a href=\"https:\/\/www.puutarhaliitto.fi\/\" target=\"_blank\" rel=\"noopener\">Puutarhaliitto-Tr\u00e4dg\u00e5rdsf\u00f6rbundet<\/a>, en takorganisation f\u00f6r flera tr\u00e4dg\u00e5rdsf\u00f6reningar i Finland. Som medlem i Rosens\u00e4llskapet kan du prenumerera p\u00e5 tidningen <strong><a href=\"https:\/\/uutiskirje.puutarhaliitto.fi\/a\/s\/180654697-50fb0d2882842d3a5f88dc6a72e48230\/5292410\">Kotipuutarha .<\/a>\u00a0<\/strong> till f\u00f6rm\u00e5nspriset 68\u20ac\/\u00e5r f\u00f6r medlemmar.<\/p>\n<p>Puutarhaliitto ordnar ocks\u00e5 webinarier med tr\u00e4dg\u00e5rdstema ca en g\u00e5ng i m\u00e5naden. Som medlem i Rosens\u00e4llskapet f\u00e5r du delta i seminarierna gratis. En f\u00f6ruts\u00e4ttning \u00e4r att du meddelat din e-postadress till v\u00e5r medlemsansvariga p\u00e5 e-post adressen ; <a href=\"&#109;&#x61;&#105;&#x6c;&#116;&#x6f;&#58;&#x6a;a&#x73;e&#x6e;a&#x73;i&#97;&#x74;&#64;&#x72;&#117;&#x75;&#115;&#x75;&#115;&#x65;u&#x72;a&#x2e;f&#x69;\">&#x6a;&#97;s&#x65;&#110;&#97;&#x73;&#x69;&#97;t&#x40;&#114;u&#x75;&#x73;&#117;s&#x65;&#117;r&#x61;&#x2e;&#102;i<\/a><\/p>\n<p>&nbsp;<\/p>\n<p>Finska Rosens\u00e4llskapet \u00e4r ocks\u00e5 medlem i<strong> Nordiska Rosens\u00e4llskapet<\/strong> och<a href=\"http:\/\/worldrose.org\/\" target=\"_blank\" rel=\"noopener\"> i World Federation of Rose Societies (WFRS).<\/a> Genom de h\u00e4r organisationerna \u00f6ppnar sig f\u00f6nstren mot den stora rosenv\u00e4rlden.<\/p>\n<p>Vartannat \u00e5r ordnas en <strong>Nordiskt rosenveckoslut.<\/strong><\/p>\n<h5>N\u00e4sta Nordiska rosenveckoslut ordnas i Island 8-10.8. 2025. Du kan anm\u00e4la dig till Rosweekenden via den h\u00e4r l\u00e4nken: <strong><a href=\"http:\/\/www.gardurinn.is\/roseweekend\">Nordic Rose Weekend 2025<\/a><\/strong><\/h5>\n<p>N\u00e4sta v\u00e4rldskonferens ordnas i Fukuyama i Japan 18-24.5. 2025 med temat: <strong><a href=\"https:\/\/en.wrc2025fukuyama.jp\/about_outline\/\">\u00a0Roses for the Future<\/a>.\u00a0<\/strong><span style=\"color: #ff0000;\"><strong>\u00a0<\/strong><\/span><\/p>\n<p>Du hittar mera information om de h\u00e4r under <strong>Aktuellt<\/strong> och <strong><a href=\"https:\/\/ruususeura.fi\/sv\/internationellt-samarbete\/\">Internationellt samarbete<\/a>.<\/strong><\/p>\n<p>Vi i Finska Rosens\u00e4llskapet \u00e4r glada f\u00f6r det stora intresse som finns f\u00f6r rosor idag, b\u00e5de nyare och gamla, vildrosor och f\u00f6r\u00e4dlade. Med f\u00f6ljderna av klimatf\u00f6r\u00e4ndringen, som vi vintern 2019-2020 kunde se s\u00e5 handgripligt, finns det b\u00e5de utmaningar och m\u00f6jligheter n\u00e4r det g\u00e4ller rosorna. V\u00e4lkommen in i deras fascinerande och utmanande v\u00e4rld.<\/p>\n\t\t\t\t\t\t\t\t<\/div>\n\t\t\t\t<\/div>\n\t\t\t\t\t<\/div>\n\t\t<\/div>\n\t\t\t\t<div class=\"aux-parallax-section elementor-column elementor-col-33 elementor-top-column elementor-element elementor-element-2393d0b\" data-id=\"2393d0b\" data-element_type=\"column\" data-e-type=\"column\">\n\t\t\t<div class=\"elementor-widget-wrap elementor-element-populated\">\n\t\t\t\t\t\t<div class=\"elementor-element elementor-element-21b8e60 elementor-widget elementor-widget-image\" data-id=\"21b8e60\" data-element_type=\"widget\" data-e-type=\"widget\" data-widget_type=\"image.default\">\n\t\t\t\t<div class=\"elementor-widget-container\">\n\t\t\t\t\t\t\t\t\t\t\t\t<figure class=\"wp-caption\">\n\t\t\t\t\t\t\t\t\t\t<img fetchpriority=\"high\" decoding=\"async\" width=\"1024\" height=\"725\" src=\"https:\/\/ruususeura.fi\/wp-content\/uploads\/2020\/02\/Raubritter-1024x725.jpg\" class=\"attachment-large size-large wp-image-994\" alt=\"\" \/>\t\t\t\t\t\t\t\t\t\t\t<figcaption class=\"widget-image-caption wp-caption-text\">'Raubritter'<\/figcaption>\n\t\t\t\t\t\t\t\t\t\t<\/figure>\n\t\t\t\t\t\t\t\t\t<\/div>\n\t\t\t\t<\/div>\n\t\t\t\t<div class=\"elementor-element elementor-element-3d39d0c elementor-widget elementor-widget-image\" data-id=\"3d39d0c\" data-element_type=\"widget\" data-e-type=\"widget\" data-widget_type=\"image.default\">\n\t\t\t\t<div class=\"elementor-widget-container\">\n\t\t\t\t\t\t\t\t\t\t\t\t\t\t\t\t<a href=\"http:\/\/worldrose.org\/\" target=\"_blank\">\n\t\t\t\t\t\t\t<img decoding=\"async\" width=\"177\" height=\"175\" src=\"https:\/\/ruususeura.fi\/wp-content\/uploads\/2020\/02\/wfrs_logo.png\" class=\"attachment-large size-large wp-image-135\" alt=\"World Federation of Rose Societies\" \/>\t\t\t\t\t\t\t\t<\/a>\n\t\t\t\t\t\t\t\t\t\t\t\t\t\t\t<\/div>\n\t\t\t\t<\/div>\n\t\t\t\t\t<\/div>\n\t\t<\/div>\n\t\t\t\t\t<\/div>\n\t\t<\/section>\n\t\t\t\t<\/div>\n\t\t","protected":false},"excerpt":{"rendered":"<p>V\u00e4lkommen med in i rosornas fascinerande v\u00e4rld. Finska Rosens\u00e4llskapet grundades p\u00e5 Floradagen den 13.5.1989 i N\u00e5dendals pr\u00e4stg\u00e5rd. De stiftande medlemmarna var personer som fallit f\u00f6r rosornas sk\u00f6nhet och doft och som inte var r\u00e4dda f\u00f6r taggar och besv\u00e4rliga odlingsf\u00f6rh\u00e5llanden. Rosens\u00e4llskapet har ca 700 medlemmar i Finland och n\u00e5gra i \u00f6vriga Norden. Alla \u00e4r f\u00f6rtrollade av [&hellip;]<\/p>\n","protected":false},"author":2,"featured_media":0,"parent":0,"menu_order":0,"comment_status":"closed","ping_status":"closed","template":"","meta":{"footnotes":""},"class_list":["post-845","page","type-page","status-publish","hentry"],"_links":{"self":[{"href":"https:\/\/ruususeura.fi\/sv\/wp-json\/wp\/v2\/pages\/845","targetHints":{"allow":["GET"]}}],"collection":[{"href":"https:\/\/ruususeura.fi\/sv\/wp-json\/wp\/v2\/pages"}],"about":[{"href":"https:\/\/ruususeura.fi\/sv\/wp-json\/wp\/v2\/types\/page"}],"author":[{"embeddable":true,"href":"https:\/\/ruususeura.fi\/sv\/wp-json\/wp\/v2\/users\/2"}],"replies":[{"embeddable":true,"href":"https:\/\/ruususeura.fi\/sv\/wp-json\/wp\/v2\/comments?post=845"}],"version-history":[{"count":5,"href":"https:\/\/ruususeura.fi\/sv\/wp-json\/wp\/v2\/pages\/845\/revisions"}],"predecessor-version":[{"id":4593,"href":"https:\/\/ruususeura.fi\/sv\/wp-json\/wp\/v2\/pages\/845\/revisions\/4593"}],"wp:attachment":[{"href":"https:\/\/ruususeura.fi\/sv\/wp-json\/wp\/v2\/media?parent=845"}],"curies":[{"name":"wp","href":"https:\/\/api.w.org\/{rel}","templated":true}]}}