{"id":908,"date":"2020-04-23T12:30:00","date_gmt":"2020-04-23T09:30:00","guid":{"rendered":"https:\/\/ruususeura.fi\/dataskyddsredogorelse\/"},"modified":"2024-01-03T18:12:12","modified_gmt":"2024-01-03T16:12:12","slug":"dataskyddsredogorelse","status":"publish","type":"page","link":"https:\/\/ruususeura.fi\/sv\/dataskyddsredogorelse\/","title":{"rendered":"Dataskyddsredog\u00f6relse"},"content":{"rendered":"\t\t<div data-elementor-type=\"wp-page\" data-elementor-id=\"908\" class=\"elementor elementor-908 elementor-755\">\n\t\t\t\t\t\t<section class=\"elementor-section elementor-top-section elementor-element elementor-element-b496d52 elementor-section-boxed elementor-section-height-default elementor-section-height-default\" data-id=\"b496d52\" data-element_type=\"section\" data-e-type=\"section\">\n\t\t\t\t\t\t<div class=\"elementor-container elementor-column-gap-default\">\n\t\t\t\t\t<div class=\"aux-parallax-section elementor-column elementor-col-66 elementor-top-column elementor-element elementor-element-c062894\" data-id=\"c062894\" data-element_type=\"column\" data-e-type=\"column\">\n\t\t\t<div class=\"elementor-widget-wrap elementor-element-populated\">\n\t\t\t\t\t\t<div class=\"elementor-element elementor-element-1e99203 elementor-widget elementor-widget-heading\" data-id=\"1e99203\" data-element_type=\"widget\" data-e-type=\"widget\" data-widget_type=\"heading.default\">\n\t\t\t\t<div class=\"elementor-widget-container\">\n\t\t\t\t\t<h1 class=\"elementor-heading-title elementor-size-default\">Dataskyddsredog\u00f6relse<\/h1>\t\t\t\t<\/div>\n\t\t\t\t<\/div>\n\t\t\t\t<div class=\"elementor-element elementor-element-26103d4 elementor-widget elementor-widget-text-editor\" data-id=\"26103d4\" data-element_type=\"widget\" data-e-type=\"widget\" data-widget_type=\"text-editor.default\">\n\t\t\t\t<div class=\"elementor-widget-container\">\n\t\t\t\t\t\t\t\t\t<p><strong>Registrets namn<\/strong><\/p>\n<p>Suomen Ruususeura ry \u2013 Finska Rosens\u00e4llskapet rf:s medlemsregister<\/p>\n<p><strong>Registerh\u00e5llare<\/strong><\/p>\n<p>Suomen Ruususeura ry \u2013 Finska Rosens\u00e4llskapet rf<\/p>\n<p>F-signum 1456402-6<\/p>\n<p>Adress: ordf\u00f6randes adress<\/p>\n<p>Telefon: 0440256100<\/p>\n<p><strong>Personer som sk\u00f6ter register\u00e4renden:<\/strong><\/p>\n<p>P\u00e4ivikki Vilppula: <a href=\"&#109;&#x61;&#105;&#x6c;&#116;&#x6f;&#58;&#x6a;&#97;&#x73;&#101;&#x6e;&#97;&#x73;&#105;&#x61;&#116;&#x40;&#114;&#x72;&#117;&#x73;&#117;&#x73;&#101;&#x75;r&#x61;&#46;&#x66;i\">&#x6a;&#97;&#x73;&#x65;&#110;&#x61;&#115;i&#x61;&#116;&#64;&#x72;&#117;u&#x73;&#117;s&#x65;&#117;&#x72;&#x61;&#46;&#x66;&#x69;<\/a><\/p>\n<p><strong>Grund f\u00f6r att uppr\u00e4tth\u00e5lla registret<\/strong><\/p>\n<p>Registrets uppgift \u00e4r att samla in de personuppgifter som beh\u00f6vs f\u00f6r f\u00f6reningens verksamhet och kr\u00e4vs i enlighet med f\u00f6reningslagens (503\/1989) 11 \u00a7. Kontakt- och medlemsuppgifter samlas in f\u00f6r att sk\u00f6ta medlems\u00e4renden, information, postning av medlemstidningen och uts\u00e4ndande av r\u00e4kningar. P\u00e5 basen av informationen kan man sammanst\u00e4lla statistik ur vilken enskilda medlemmar inte kan identifieras.<\/p>\n<p><strong>Uppgifter i registret<\/strong><\/p>\n<p>I registret insamlas det i enlighet med f\u00f6reningslagens (503\/1989) 11\u00a7 in obligatoriska personuppgifter, dvs medlemmens namn och hemort. Dessutom insamlas f\u00f6ljande uppgifter: medlemmens postadress, telefon och e-post, (om den finns) medlemsuppgifter (typ av medlemskap, medlemsnummer, begynnelsetid f\u00f6r medlemskapet) Uppgifter om medlemsavgifter (Debitering och betalningar)<\/p>\n<p><strong>Registrets informationsk\u00e4llor<\/strong><\/p>\n<p>Uppgifterna som f\u00f6rs in i medlemsregistret f\u00e5s genom att medlemmen sj\u00e4lv meddelar dem eller d\u00e5 en person som s\u00f6ker medlemskap sj\u00e4lv uppger dem.<\/p>\n<p><strong>Utgivande av uppgifter fr\u00e5n registret<\/strong><\/p>\n<p>Uppgifter i registret ges inte till utomst\u00e5ende utan anv\u00e4nds enbart f\u00f6r information inom f\u00f6reningen och till de som ansvarar f\u00f6r verksamheten i lokalavdelningar. En medlem kan om den s\u00e5 \u00f6nskar f\u00f6rbjuda denna utgivning av uppgifter genom att meddela om det skriftligt till registerh\u00e5llaren. Uppgifter i registret transporteras inte heller utanf\u00f6r Europeiska Unionen eller Europeiska ekonomiska samarbetsomr\u00e5det\u00a0 (EU\/EES)<\/p>\n<p><strong>Registerskydd<\/strong><\/p>\n<p>Uppgifterna sparas i Suomen Ruususeura ry \u2013 Finska rosens\u00e4llskapet rf:s databaser, dit ingen annan \u00e4n de som f\u00f6reningen befullm\u00e4ktigat har tilltr\u00e4de. Tilltr\u00e4de till databasen begr\u00e4nsas med anv\u00e4ndarnamn och l\u00f6senord. Suomen Ruususeura ry \u2013 Finska Rosens\u00e4llskapet rf sk\u00f6ter om att informationens s\u00e4kerhetsskydd bevaras enligt b\u00e4sta f\u00f6rm\u00e5ga.<\/p>\n<p><strong>Granskningsr\u00e4tt<\/strong><\/p>\n<p>En medlem som finns antecknad i registret har r\u00e4tt att granska sina i personregistret sparade uppgifter och be att registerh\u00e5llaren korrigerar felaktiga uppgifter om sig. Beg\u00e4ran om granskning skall ske skriftligt till ifr\u00e5gavarande registerh\u00e5llare.<\/p>\n<p><strong>Korrigering av registeruppgifter<\/strong><\/p>\n<p>Registerh\u00e5llaren skall utan osk\u00e4ligt dr\u00f6jsm\u00e5l p\u00e5 eget initiativ eller p\u00e5 beg\u00e4ran av den registrerade personen korrigera, avl\u00e4gsna eller komplettera personuppgifter i registret som i f\u00f6rh\u00e5llande till anv\u00e4ndningssyftet \u00e4r felaktiga, on\u00f6diga eller f\u00f6r\u00e5ldrade.<\/p>\n\t\t\t\t\t\t\t\t<\/div>\n\t\t\t\t<\/div>\n\t\t\t\t\t<\/div>\n\t\t<\/div>\n\t\t\t\t<div class=\"aux-parallax-section elementor-column elementor-col-33 elementor-top-column elementor-element elementor-element-7a9498f\" data-id=\"7a9498f\" data-element_type=\"column\" data-e-type=\"column\">\n\t\t\t<div class=\"elementor-widget-wrap\">\n\t\t\t\t\t\t\t<\/div>\n\t\t<\/div>\n\t\t\t\t\t<\/div>\n\t\t<\/section>\n\t\t\t\t<\/div>\n\t\t","protected":false},"excerpt":{"rendered":"<p>Dataskyddsredog\u00f6relse Registrets namn Suomen Ruususeura ry \u2013 Finska Rosens\u00e4llskapet rf:s medlemsregister Registerh\u00e5llare Suomen Ruususeura ry \u2013 Finska Rosens\u00e4llskapet rf F-signum 1456402-6 Adress: ordf\u00f6randes adress Telefon: 0440256100 Personer som sk\u00f6ter register\u00e4renden: P\u00e4ivikki Vilppula: &#106;&#x61;&#115;&#x65;n&#x61;s&#105;&#x61;&#116;&#x40;&#114;&#x75;u&#x73;u&#115;&#x65;&#117;&#x72;a&#x2e;f&#x69; Grund f\u00f6r att uppr\u00e4tth\u00e5lla registret Registrets uppgift \u00e4r att samla in de personuppgifter som beh\u00f6vs f\u00f6r f\u00f6reningens verksamhet och kr\u00e4vs i enlighet [&hellip;]<\/p>\n","protected":false},"author":1,"featured_media":0,"parent":0,"menu_order":0,"comment_status":"closed","ping_status":"closed","template":"","meta":{"footnotes":""},"class_list":["post-908","page","type-page","status-publish","hentry"],"_links":{"self":[{"href":"https:\/\/ruususeura.fi\/sv\/wp-json\/wp\/v2\/pages\/908","targetHints":{"allow":["GET"]}}],"collection":[{"href":"https:\/\/ruususeura.fi\/sv\/wp-json\/wp\/v2\/pages"}],"about":[{"href":"https:\/\/ruususeura.fi\/sv\/wp-json\/wp\/v2\/types\/page"}],"author":[{"embeddable":true,"href":"https:\/\/ruususeura.fi\/sv\/wp-json\/wp\/v2\/users\/1"}],"replies":[{"embeddable":true,"href":"https:\/\/ruususeura.fi\/sv\/wp-json\/wp\/v2\/comments?post=908"}],"version-history":[{"count":5,"href":"https:\/\/ruususeura.fi\/sv\/wp-json\/wp\/v2\/pages\/908\/revisions"}],"predecessor-version":[{"id":4350,"href":"https:\/\/ruususeura.fi\/sv\/wp-json\/wp\/v2\/pages\/908\/revisions\/4350"}],"wp:attachment":[{"href":"https:\/\/ruususeura.fi\/sv\/wp-json\/wp\/v2\/media?parent=908"}],"curies":[{"name":"wp","href":"https:\/\/api.w.org\/{rel}","templated":true}]}}