{"id":910,"date":"2020-04-23T12:49:10","date_gmt":"2020-04-23T09:49:10","guid":{"rendered":"https:\/\/ruususeura.fi\/toimitus\/"},"modified":"2024-01-04T19:18:05","modified_gmt":"2024-01-04T17:18:05","slug":"redaktionellt","status":"publish","type":"page","link":"https:\/\/ruususeura.fi\/sv\/redaktionellt\/","title":{"rendered":"Redaktionellt"},"content":{"rendered":"\t\t<div data-elementor-type=\"wp-page\" data-elementor-id=\"910\" class=\"elementor elementor-910 elementor-326\">\n\t\t\t\t\t\t<section class=\"elementor-section elementor-top-section elementor-element elementor-element-29f3bb7 elementor-section-boxed elementor-section-height-default elementor-section-height-default\" data-id=\"29f3bb7\" data-element_type=\"section\" data-e-type=\"section\">\n\t\t\t\t\t\t<div class=\"elementor-container elementor-column-gap-default\">\n\t\t\t\t\t<div class=\"aux-parallax-section elementor-column elementor-col-66 elementor-top-column elementor-element elementor-element-d75b208\" data-id=\"d75b208\" data-element_type=\"column\" data-e-type=\"column\">\n\t\t\t<div class=\"elementor-widget-wrap elementor-element-populated\">\n\t\t\t\t\t\t<div class=\"elementor-element elementor-element-c79779d elementor-widget elementor-widget-text-editor\" data-id=\"c79779d\" data-element_type=\"widget\" data-e-type=\"widget\" data-widget_type=\"text-editor.default\">\n\t\t\t\t<div class=\"elementor-widget-container\">\n\t\t\t\t\t\t\t\t\t<h1>Rosenbladet<\/h1>\n<p>Rosenbladet \u00e4r s\u00e4llskapets medlemstidning som utkommer fyra ggr per \u00e5r och skickas till alla medlemmar. ISSN 1455-8106 \n<table id=\"tablepress-3-sv\" class=\"tablepress tablepress-id-3-sv\">\n<thead>\n<tr class=\"row-1\">\n\t<th class=\"column-1\">Rosenbladet<\/th><th class=\"column-2\">Utkommer<br \/>\n<\/th><th class=\"column-3\">Material till tidningen senast<\/th>\n<\/tr>\n<\/thead>\n<tbody class=\"row-striping row-hover\">\n<tr class=\"row-2\">\n\t<td class=\"column-1\">Nr 1<\/td><td class=\"column-2\">Februari<br \/>\n<\/td><td class=\"column-3\">1.1<\/td>\n<\/tr>\n<tr class=\"row-3\">\n\t<td class=\"column-1\">Nr 2<\/td><td class=\"column-2\">Maj<\/td><td class=\"column-3\">1.4<\/td>\n<\/tr>\n<tr class=\"row-4\">\n\t<td class=\"column-1\">Nr 3<\/td><td class=\"column-2\">September<\/td><td class=\"column-3\">1.8<\/td>\n<\/tr>\n<tr class=\"row-5\">\n\t<td class=\"column-1\">Nr 4<\/td><td class=\"column-2\">December<\/td><td class=\"column-3\">1.10<\/td>\n<\/tr>\n<\/tbody>\n<\/table>\n <strong>\u00a0<\/strong> <strong>Material skickas till chefredakt\u00f6ren<\/strong>. Texter som word-dokument (doc) via e-post. Bilder m\u00f6jligast stora (\u00f6ver 1MB) i jpeg- format som bilaga. Vi v\u00e4lkomnar artiklar som p\u00e5 olika s\u00e4tt belyser rosornas historia, f\u00f6r\u00f6kning och f\u00f6r\u00e4dling av rosor, odling av rosor, intressanta tr\u00e4dg\u00e5rdar och referat fr\u00e5n tillf\u00e4llen med fokus p\u00e5 rosor.<\/p>\n<p><strong>Chefredakt\u00f6r<\/strong><\/p>\n<p>Eija Temmes-Silvonen<\/p>\n<p>e-post: ruusun&#108;&#101;&#104;&#116;&#105;&#64;&#114;&#x75;&#x75;&#x73;&#x75;&#x73;&#x65;&#x75;&#x72;&#x61;&#x2e;&#x66;&#x69;<\/p>\n<p>&nbsp;<\/p>\n<p><strong>Ombrytning:<\/strong> Savion Kirjapaino OY<\/p>\n<p><strong>Annonspriser<\/strong> (f\u00e4rg och svartvitt)<\/p>\n<p>1\/1 helsida p\u00e5 sidorna 8-45 pris 230 \u20ac<\/p>\n<p>1\/2 halvsida p\u00e5 sidorna 8-45 pris 150 \u20ac<\/p>\n<p>1\/1 helsida p\u00e5 insidan av bakre p\u00e4rmen eller sidan bredvid sida 46-47 pris 290 \u20ac<\/p>\n<p>1\/2 halvsida p\u00e5 insidan av bakre p\u00e4rmen eller sidan bredvid sida 46-47 pris 190 \u20ac<\/p>\n\t\t\t\t\t\t\t\t<\/div>\n\t\t\t\t<\/div>\n\t\t\t\t\t<\/div>\n\t\t<\/div>\n\t\t\t\t<div class=\"aux-parallax-section elementor-column elementor-col-33 elementor-top-column elementor-element elementor-element-edd0278\" data-id=\"edd0278\" data-element_type=\"column\" data-e-type=\"column\">\n\t\t\t<div class=\"elementor-widget-wrap\">\n\t\t\t\t\t\t\t<\/div>\n\t\t<\/div>\n\t\t\t\t\t<\/div>\n\t\t<\/section>\n\t\t\t\t<\/div>\n\t\t","protected":false},"excerpt":{"rendered":"<p>Rosenbladet Rosenbladet \u00e4r s\u00e4llskapets medlemstidning som utkommer fyra ggr per \u00e5r och skickas till alla medlemmar. ISSN 1455-8106 \u00a0 Material skickas till chefredakt\u00f6ren. Texter som word-dokument (doc) via e-post. Bilder m\u00f6jligast stora (\u00f6ver 1MB) i jpeg- format som bilaga. Vi v\u00e4lkomnar artiklar som p\u00e5 olika s\u00e4tt belyser rosornas historia, f\u00f6r\u00f6kning och f\u00f6r\u00e4dling av rosor, odling [&hellip;]<\/p>\n","protected":false},"author":1,"featured_media":0,"parent":0,"menu_order":0,"comment_status":"closed","ping_status":"closed","template":"","meta":{"footnotes":""},"class_list":["post-910","page","type-page","status-publish","hentry"],"_links":{"self":[{"href":"https:\/\/ruususeura.fi\/sv\/wp-json\/wp\/v2\/pages\/910","targetHints":{"allow":["GET"]}}],"collection":[{"href":"https:\/\/ruususeura.fi\/sv\/wp-json\/wp\/v2\/pages"}],"about":[{"href":"https:\/\/ruususeura.fi\/sv\/wp-json\/wp\/v2\/types\/page"}],"author":[{"embeddable":true,"href":"https:\/\/ruususeura.fi\/sv\/wp-json\/wp\/v2\/users\/1"}],"replies":[{"embeddable":true,"href":"https:\/\/ruususeura.fi\/sv\/wp-json\/wp\/v2\/comments?post=910"}],"version-history":[{"count":5,"href":"https:\/\/ruususeura.fi\/sv\/wp-json\/wp\/v2\/pages\/910\/revisions"}],"predecessor-version":[{"id":4382,"href":"https:\/\/ruususeura.fi\/sv\/wp-json\/wp\/v2\/pages\/910\/revisions\/4382"}],"wp:attachment":[{"href":"https:\/\/ruususeura.fi\/sv\/wp-json\/wp\/v2\/media?parent=910"}],"curies":[{"name":"wp","href":"https:\/\/api.w.org\/{rel}","templated":true}]}}