{"id":912,"date":"2020-04-23T13:06:01","date_gmt":"2020-04-23T10:06:01","guid":{"rendered":"https:\/\/ruususeura.fi\/finska-rosensallskapet\/"},"modified":"2025-02-10T17:50:33","modified_gmt":"2025-02-10T15:50:33","slug":"finska-rosensallskapet","status":"publish","type":"page","link":"https:\/\/ruususeura.fi\/sv\/finska-rosensallskapet\/","title":{"rendered":"Medlemskap"},"content":{"rendered":"\t\t<div data-elementor-type=\"wp-page\" data-elementor-id=\"912\" class=\"elementor elementor-912 elementor-173\">\n\t\t\t\t\t\t<section class=\"elementor-section elementor-top-section elementor-element elementor-element-e213f58 elementor-section-boxed elementor-section-height-default elementor-section-height-default\" data-id=\"e213f58\" data-element_type=\"section\" data-e-type=\"section\">\n\t\t\t\t\t\t<div class=\"elementor-container elementor-column-gap-default\">\n\t\t\t\t\t<div class=\"aux-parallax-section elementor-column elementor-col-66 elementor-top-column elementor-element elementor-element-4f111ff\" data-id=\"4f111ff\" data-element_type=\"column\" data-e-type=\"column\">\n\t\t\t<div class=\"elementor-widget-wrap elementor-element-populated\">\n\t\t\t\t\t\t<div class=\"elementor-element elementor-element-48713901 elementor-widget elementor-widget-text-editor\" data-id=\"48713901\" data-element_type=\"widget\" data-e-type=\"widget\" data-widget_type=\"text-editor.default\">\n\t\t\t\t<div class=\"elementor-widget-container\">\n\t\t\t\t\t\t\t\t\t<h1>Medlemskap<\/h1>\n<p>Som medlem i Finska Rosens\u00e4llskapet \u00e4r du med i en gemenskap med ca 700 likasinnade.<\/p>\n<p>Rosens\u00e4llskapet vill sprida kunskap om rosor, hj\u00e4lpa medlemmar och andra intresserade att odla rosor, och ge m\u00f6jligheter att tr\u00e4ffas, utbyta erfarenheter och ocks\u00e5 rosor. Rosens\u00e4llskapet vill vara ett f\u00f6nster mot det som h\u00e4nder i rosv\u00e4rlden. Du kan sj\u00e4lv hitta v\u00e4gar f\u00f6r att f\u00f6rdjupa ditt kunnande, hitta nya h\u00e4rliga sp\u00e4nnande rosor och tr\u00e4ffa intressanta \u201drosm\u00e4nniskor\u201d.<\/p>\n<ul>\n<li>Som medlem i Rosens\u00e4llskapet f\u00e5r du v\u00e5rt Rosenblad fyra ggr i \u00e5ret. I Rosenbladet finns intressanta artiklar om och erfarenheter av rosor och annan viktig information.<\/li>\n<li>Som medlem kan du \u00a0l\u00e4sa alla &#8221;Rosenblad&#8221; fr\u00e5n de senaste 10 \u00e5ren h\u00e4r p\u00e5 hemsidan.<\/li>\n<li>Som medlem kan du p\u00e5verka vad Rosens\u00e4llskapet skall g\u00f6ra och att delta i lokalgruppernas verksamhet. Eller varf\u00f6r inte vara med och grunda en ny om det \u00e4r l\u00e5ngt till n\u00e4rmaste lokalgrupp.<\/li>\n<li>Som g\u00e5va n\u00e4r du ansluter dig f\u00e5r du ocks\u00e5 Rosens\u00e4llskapets fina publikation &#8221;Spinosissimarosor och harsoniirosor&#8221; eller n\u00e5gon annan av de tidigare publikationerna.<\/li>\n<\/ul>\n<p>Tag kontakt via e-mail adressen nedan, via n\u00e5gon av de lokala kontaktpersonerna eller via n\u00e5gon av styrelsemedlemmarna.<\/p>\n<p>Allt det h\u00e4r f\u00e5r du f\u00f6r en medlemsavgift p\u00e5 35\u20ac\/\u00e5r<\/p>\n<p>Om du inte \u00e4nnu \u00e4r medlem kan du ans\u00f6ka om medlemskap p\u00e5 bifogade formul\u00e4r.<\/p>\n<p>Medlemsavgiften p\u00e5 35\u20ac betalas in p\u00e5 Finska Rosens\u00e4llskapets konto: Aktia; \u00a0IBAN FI46 4055 3120 0331 47, n\u00e4r medlemsans\u00f6kan godk\u00e4nts.<\/p>\n<h4>Medlemsregister<\/h4>\n<p>V\u00e5r medlemsansvariga, P\u00e4ivikki Vilppula sk\u00f6ter \u00e4renden som \u00a0anh\u00e5llan om medlemskap, adressf\u00f6r\u00e4ndringar, uttr\u00e4de ur f\u00f6reningen. Eventuella meddelanden om uttr\u00e4de ur f\u00f6reningen skall g\u00f6ras skriftligt.<\/p>\n<p>Kontakta P\u00e4ivikki om du har fr\u00e5gor: &#x6a;&#97;s&#x65;&#110;a&#x73;&#x69;&#97;&#x74;&#x40;&#114;u&#x75;&#115;u&#x73;&#x65;&#117;&#x72;&#x61;&#46;f&#x69;<\/p>\n<p>&nbsp;<\/p>\n\t\t\t\t\t\t\t\t<\/div>\n\t\t\t\t<\/div>\n\t\t\t\t<section class=\"elementor-section elementor-inner-section elementor-element elementor-element-b655d45 elementor-section-boxed elementor-section-height-default elementor-section-height-default\" data-id=\"b655d45\" data-element_type=\"section\" data-e-type=\"section\">\n\t\t\t\t\t\t<div class=\"elementor-container elementor-column-gap-default\">\n\t\t\t\t\t<div class=\"aux-parallax-section elementor-column elementor-col-50 elementor-inner-column elementor-element elementor-element-ce7be40\" data-id=\"ce7be40\" data-element_type=\"column\" data-e-type=\"column\">\n\t\t\t<div class=\"elementor-widget-wrap elementor-element-populated\">\n\t\t\t\t\t\t<div class=\"elementor-element elementor-element-d879a13 elementor-widget elementor-widget-text-editor\" data-id=\"d879a13\" data-element_type=\"widget\" data-e-type=\"widget\" data-widget_type=\"text-editor.default\">\n\t\t\t\t<div class=\"elementor-widget-container\">\n\t\t\t\t\t\t\t\t\t<p>P\u00e4ivikki Vilppula<br \/>\nMedlems\u00e4renden<\/p>\n<p>e-mail: <a href=\"&#109;a&#x69;l&#x74;&#111;&#x3a;&#106;&#x61;&#115;e&#x6e;a&#x73;&#105;&#x61;&#116;&#x40;&#114;&#x75;&#117;s&#x75;s&#x65;&#117;&#x72;&#97;&#x2e;&#102;i\">&#106;&#x61;&#115;&#x65;&#110;&#x61;&#115;&#x69;a&#x74;&#64;&#x72;u&#x75;s&#117;&#x73;&#101;&#x75;&#114;&#x61;&#46;&#x66;&#105;<\/a><\/p>\n<p>&nbsp;<\/p>\n<p>&nbsp;<\/p>\n\t\t\t\t\t\t\t\t<\/div>\n\t\t\t\t<\/div>\n\t\t\t\t\t<\/div>\n\t\t<\/div>\n\t\t\t\t<div class=\"aux-parallax-section elementor-column elementor-col-50 elementor-inner-column elementor-element elementor-element-8df3154\" data-id=\"8df3154\" data-element_type=\"column\" data-e-type=\"column\">\n\t\t\t<div class=\"elementor-widget-wrap elementor-element-populated\">\n\t\t\t\t\t\t\t<\/div>\n\t\t<\/div>\n\t\t\t\t\t<\/div>\n\t\t<\/section>\n\t\t\t\t<div class=\"elementor-element elementor-element-a9303e9 elementor-widget elementor-widget-text-editor\" data-id=\"a9303e9\" data-element_type=\"widget\" data-e-type=\"widget\" data-widget_type=\"text-editor.default\">\n\t\t\t\t<div class=\"elementor-widget-container\">\n\t\t\t\t\t\t\t\t\t<p>Nuvarande medlemmar f\u00e5r sin uppmaning att betala medlemsavgift i januari<\/p>\n\t\t\t\t\t\t\t\t<\/div>\n\t\t\t\t<\/div>\n\t\t\t\t<div class=\"elementor-element elementor-element-4b23766 elementor-widget elementor-widget-wp-widget-wpforms-widget\" data-id=\"4b23766\" data-element_type=\"widget\" data-e-type=\"widget\" data-widget_type=\"wp-widget-wpforms-widget.default\">\n\t\t\t\t<div class=\"elementor-widget-container\">\n\t\t\t\t\t<div class=\"wpforms-container wpforms-container-full\" id=\"wpforms-180\"><form id=\"wpforms-form-180\" class=\"wpforms-validate wpforms-form\" data-formid=\"180\" method=\"post\" enctype=\"multipart\/form-data\" action=\"\/sv\/wp-json\/wp\/v2\/pages\/912\" data-token=\"1120fee00a16f304b988639f438e7e5e\" data-token-time=\"1778999016\"><noscript class=\"wpforms-error-noscript\">Aktivera JavaScript i din webbl\u00e4sare f\u00f6r att fylla i formul\u00e4ret.<\/noscript><div class=\"wpforms-field-container\"><div id=\"wpforms-180-field_0-container\" class=\"wpforms-field wpforms-field-name\" data-field-id=\"0\"><label class=\"wpforms-field-label\">Nimi\/Namn <span class=\"wpforms-required-label\">*<\/span><\/label><div class=\"wpforms-field-row wpforms-field-medium\"><div class=\"wpforms-field-row-block wpforms-first wpforms-one-half\"><input type=\"text\" id=\"wpforms-180-field_0\" class=\"wpforms-field-name-first wpforms-field-required\" name=\"wpforms[fields][0][first]\" required><label for=\"wpforms-180-field_0\" class=\"wpforms-field-sublabel after\">F\u00f6rnamn<\/label><\/div><div class=\"wpforms-field-row-block wpforms-one-half\"><input type=\"text\" id=\"wpforms-180-field_0-last\" class=\"wpforms-field-name-last wpforms-field-required\" name=\"wpforms[fields][0][last]\" required><label for=\"wpforms-180-field_0-last\" class=\"wpforms-field-sublabel after\">Efternamn<\/label><\/div><\/div><\/div><div id=\"wpforms-180-field_1-container\" class=\"wpforms-field wpforms-field-email\" data-field-id=\"1\"><label class=\"wpforms-field-label\">S\u00e4hk\u00f6postiosoite\/e-post adress <span class=\"wpforms-required-label\">*<\/span><\/label><div class=\"wpforms-field-row wpforms-field-medium\"><div class=\"wpforms-field-row-block wpforms-one-half wpforms-first\"><input type=\"email\" id=\"wpforms-180-field_1\" class=\"wpforms-field-required wpforms-field-email-primary\" name=\"wpforms[fields][1][primary]\" spellcheck=\"false\" required><label for=\"wpforms-180-field_1\" class=\"wpforms-field-sublabel after\">E-postadress<\/label><\/div><div class=\"wpforms-field-row-block wpforms-one-half\"><input type=\"email\" id=\"wpforms-180-field_1-secondary\" class=\"wpforms-field-email-secondary wpforms-field-required\" data-rule-confirm=\"#wpforms-180-field_1\" name=\"wpforms[fields][1][secondary]\" spellcheck=\"false\" required><label for=\"wpforms-180-field_1-secondary\" class=\"wpforms-field-sublabel after\">Bekr\u00e4fta e-postadress<\/label><\/div><\/div><\/div><div id=\"wpforms-180-field_3-container\" class=\"wpforms-field wpforms-field-text\" data-field-id=\"3\"><label class=\"wpforms-field-label\" for=\"wpforms-180-field_3\">Puhelinnumero\/ Telefonnr <span class=\"wpforms-required-label\">*<\/span><\/label><input type=\"text\" id=\"wpforms-180-field_3\" class=\"wpforms-field-medium wpforms-field-required\" name=\"wpforms[fields][3]\" required><\/div><div id=\"wpforms-180-field_6-container\" class=\"wpforms-field wpforms-field-text\" data-field-id=\"6\"><label class=\"wpforms-field-label\" for=\"wpforms-180-field_6\">Katuosoite\/ Gatuadress <span class=\"wpforms-required-label\">*<\/span><\/label><input type=\"text\" id=\"wpforms-180-field_6\" class=\"wpforms-field-medium wpforms-field-required\" name=\"wpforms[fields][6]\" required><\/div><div id=\"wpforms-180-field_10-container\" class=\"wpforms-field wpforms-field-text\" data-field-id=\"10\"><label class=\"wpforms-field-label\" for=\"wpforms-180-field_10\">Postinumero\/ Postnummer <span class=\"wpforms-required-label\">*<\/span><\/label><input type=\"text\" id=\"wpforms-180-field_10\" class=\"wpforms-field-small wpforms-field-required wpforms-masked-input\" data-rule-inputmask-incomplete=\"1\" data-inputmask-mask=\"99999\" name=\"wpforms[fields][10]\" required><\/div><div id=\"wpforms-180-field_7-container\" class=\"wpforms-field wpforms-field-text\" data-field-id=\"7\"><label class=\"wpforms-field-label\" for=\"wpforms-180-field_7\">Paikkakunta\/ Ort <span class=\"wpforms-required-label\">*<\/span><\/label><input type=\"text\" id=\"wpforms-180-field_7\" class=\"wpforms-field-small wpforms-field-required\" name=\"wpforms[fields][7]\" required><\/div><div id=\"wpforms-180-field_2-container\" class=\"wpforms-field wpforms-field-textarea\" data-field-id=\"2\"><label class=\"wpforms-field-label\" for=\"wpforms-180-field_2\">Lis\u00e4tiedot\/ Till\u00e4ggsuppgifter <span class=\"wpforms-required-label\">*<\/span><\/label><textarea id=\"wpforms-180-field_2\" class=\"wpforms-field-medium wpforms-field-required\" name=\"wpforms[fields][2]\" required><\/textarea><\/div><\/div><!-- .wpforms-field-container --><div class=\"wpforms-field wpforms-field-hp\"><label for=\"wpforms-180-field-hp\" class=\"wpforms-field-label\">Website<\/label><input type=\"text\" name=\"wpforms[hp]\" id=\"wpforms-180-field-hp\" class=\"wpforms-field-medium\"><\/div><div class=\"wpforms-submit-container\" ><input type=\"hidden\" name=\"wpforms[id]\" value=\"180\"><input type=\"hidden\" name=\"page_title\" value=\"\"><input type=\"hidden\" name=\"page_url\" value=\"https:\/\/ruususeura.fi\/sv\/wp-json\/wp\/v2\/pages\/912\"><input type=\"hidden\" name=\"url_referer\" value=\"\"><button type=\"submit\" name=\"wpforms[submit]\" id=\"wpforms-submit-180\" class=\"wpforms-submit\" data-alt-text=\"L\u00e4hett\u00e4\u00e4...\" data-submit-text=\"L\u00e4het\u00e4 \/Skicka\" aria-live=\"assertive\" value=\"wpforms-submit\">L\u00e4het\u00e4 \/Skicka<\/button><\/div><\/form><\/div>  <!-- .wpforms-container -->\t\t\t\t<\/div>\n\t\t\t\t<\/div>\n\t\t\t\t\t<\/div>\n\t\t<\/div>\n\t\t\t\t<div class=\"aux-parallax-section elementor-column elementor-col-33 elementor-top-column elementor-element elementor-element-2393d0b\" data-id=\"2393d0b\" data-element_type=\"column\" data-e-type=\"column\">\n\t\t\t<div class=\"elementor-widget-wrap\">\n\t\t\t\t\t\t\t<\/div>\n\t\t<\/div>\n\t\t\t\t\t<\/div>\n\t\t<\/section>\n\t\t\t\t<section class=\"elementor-section elementor-top-section elementor-element elementor-element-4b0ceb4 elementor-section-boxed elementor-section-height-default elementor-section-height-default\" data-id=\"4b0ceb4\" data-element_type=\"section\" data-e-type=\"section\">\n\t\t\t\t\t\t<div class=\"elementor-container elementor-column-gap-default\">\n\t\t\t\t\t<div class=\"aux-parallax-section elementor-column elementor-col-100 elementor-top-column elementor-element elementor-element-e2ce562\" data-id=\"e2ce562\" data-element_type=\"column\" data-e-type=\"column\">\n\t\t\t<div class=\"elementor-widget-wrap\">\n\t\t\t\t\t\t\t<\/div>\n\t\t<\/div>\n\t\t\t\t\t<\/div>\n\t\t<\/section>\n\t\t\t\t<\/div>\n\t\t","protected":false},"excerpt":{"rendered":"<p>Medlemskap Som medlem i Finska Rosens\u00e4llskapet \u00e4r du med i en gemenskap med ca 700 likasinnade. Rosens\u00e4llskapet vill sprida kunskap om rosor, hj\u00e4lpa medlemmar och andra intresserade att odla rosor, och ge m\u00f6jligheter att tr\u00e4ffas, utbyta erfarenheter och ocks\u00e5 rosor. Rosens\u00e4llskapet vill vara ett f\u00f6nster mot det som h\u00e4nder i rosv\u00e4rlden. Du kan sj\u00e4lv hitta [&hellip;]<\/p>\n","protected":false},"author":2,"featured_media":0,"parent":0,"menu_order":0,"comment_status":"closed","ping_status":"closed","template":"","meta":{"footnotes":""},"class_list":["post-912","page","type-page","status-publish","hentry"],"_links":{"self":[{"href":"https:\/\/ruususeura.fi\/sv\/wp-json\/wp\/v2\/pages\/912","targetHints":{"allow":["GET"]}}],"collection":[{"href":"https:\/\/ruususeura.fi\/sv\/wp-json\/wp\/v2\/pages"}],"about":[{"href":"https:\/\/ruususeura.fi\/sv\/wp-json\/wp\/v2\/types\/page"}],"author":[{"embeddable":true,"href":"https:\/\/ruususeura.fi\/sv\/wp-json\/wp\/v2\/users\/2"}],"replies":[{"embeddable":true,"href":"https:\/\/ruususeura.fi\/sv\/wp-json\/wp\/v2\/comments?post=912"}],"version-history":[{"count":5,"href":"https:\/\/ruususeura.fi\/sv\/wp-json\/wp\/v2\/pages\/912\/revisions"}],"predecessor-version":[{"id":4598,"href":"https:\/\/ruususeura.fi\/sv\/wp-json\/wp\/v2\/pages\/912\/revisions\/4598"}],"wp:attachment":[{"href":"https:\/\/ruususeura.fi\/sv\/wp-json\/wp\/v2\/media?parent=912"}],"curies":[{"name":"wp","href":"https:\/\/api.w.org\/{rel}","templated":true}]}}