{"id":954,"date":"2020-04-27T10:54:39","date_gmt":"2020-04-27T07:54:39","guid":{"rendered":"https:\/\/ruususeura.fi\/plantskolor\/"},"modified":"2024-01-07T18:10:36","modified_gmt":"2024-01-07T16:10:36","slug":"plantskolor","status":"publish","type":"page","link":"https:\/\/ruususeura.fi\/sv\/plantskolor\/","title":{"rendered":"Plantskolor"},"content":{"rendered":"\t\t<div data-elementor-type=\"wp-page\" data-elementor-id=\"954\" class=\"elementor elementor-954 elementor-882\">\n\t\t\t\t\t\t<section class=\"elementor-section elementor-top-section elementor-element elementor-element-6b8ad3f elementor-section-boxed elementor-section-height-default elementor-section-height-default\" data-id=\"6b8ad3f\" data-element_type=\"section\" data-e-type=\"section\">\n\t\t\t\t\t\t<div class=\"elementor-container elementor-column-gap-default\">\n\t\t\t\t\t<div class=\"aux-parallax-section elementor-column elementor-col-100 elementor-top-column elementor-element elementor-element-2b5ce1e\" data-id=\"2b5ce1e\" data-element_type=\"column\" data-e-type=\"column\">\n\t\t\t<div class=\"elementor-widget-wrap elementor-element-populated\">\n\t\t\t\t\t\t<div class=\"elementor-element elementor-element-dca6384 elementor-widget elementor-widget-heading\" data-id=\"dca6384\" data-element_type=\"widget\" data-e-type=\"widget\" data-widget_type=\"heading.default\">\n\t\t\t\t<div class=\"elementor-widget-container\">\n\t\t\t\t\t<h1 class=\"elementor-heading-title elementor-size-default\">Plantskolor<\/h1>\t\t\t\t<\/div>\n\t\t\t\t<\/div>\n\t\t\t\t\t<\/div>\n\t\t<\/div>\n\t\t\t\t\t<\/div>\n\t\t<\/section>\n\t\t\t\t<section class=\"elementor-section elementor-top-section elementor-element elementor-element-4ff6e32 elementor-section-boxed elementor-section-height-default elementor-section-height-default\" data-id=\"4ff6e32\" data-element_type=\"section\" data-e-type=\"section\">\n\t\t\t\t\t\t<div class=\"elementor-container elementor-column-gap-default\">\n\t\t\t\t\t<div class=\"aux-parallax-section elementor-column elementor-col-66 elementor-top-column elementor-element elementor-element-f087c81\" data-id=\"f087c81\" data-element_type=\"column\" data-e-type=\"column\">\n\t\t\t<div class=\"elementor-widget-wrap elementor-element-populated\">\n\t\t\t\t\t\t<div class=\"elementor-element elementor-element-cac7d3a elementor-widget elementor-widget-text-editor\" data-id=\"cac7d3a\" data-element_type=\"widget\" data-e-type=\"widget\" data-widget_type=\"text-editor.default\">\n\t\t\t\t<div class=\"elementor-widget-container\">\n\t\t\t\t\t\t\t\t\t<h3>Finland<\/h3>\n<p><a href=\"https:\/\/www.taimistoviljelijat.fi\">Taimistoviljelij\u00e4t-Plantskoleodlarna ry<\/a><\/p>\n<p><a href=\"http:\/\/www.blomqvistintaimisto.com\/\">Blomqvists plantskola&nbsp;<\/a><\/p>\n<p><a href=\"http:\/\/www.hongistontaimisto.fi\/\">Hongiston taimisto<\/a><\/p>\n<p><a href=\"http:\/\/www.vakkataimi.fi\/\">Vakka-taimi<\/a><\/p>\n<p><a href=\"http:\/\/www.ahosentaimisto.fi\/\">Ahosen taimisto, Karstula<\/a><\/p>\n<p><a href=\"https:\/\/www.eptaimisto.fi\/?lang=sv\">&nbsp;Syd-\u00d6sterbottens Plantskola<\/a> <a href=\"http:\/\/www.muhevainen.fi\/\">Muhevaisen puutarhaliike<\/a><\/p>\n<p><a href=\"http:\/\/www.sarkanperennataimisto.fi\/\">S\u00e4rk\u00e4n perennataimisto (Raahe)<\/a><\/p>\n<p><a href=\"http:\/\/www.tawi.fi\/wiplant\">Wickmans Plantskola<\/a><\/p>\n<h3>Europa<\/h3>\n<p><a href=\"https:\/\/www.agel-rosen.de\/Gartenrosen\/?limit=64\">Agel Rosen<\/a><\/p>\n<p><a href=\"http:\/\/www.roses-anciennes-eve.com\/\">Andr\u00e9 Eve<\/a><\/p>\n<p><a href=\"http:\/\/www.danielschmitz-roses.com\/\">Daniel Schmitz roses<\/a><\/p>\n<p><a href=\"http:\/\/www.davidaustinroses.com\/\">David Austin Roses<\/a><\/p>\n<p><a href=\"http:\/\/floralinnea.se\/rosor.html\">Flora Linnea<\/a><\/p>\n<p><a href=\"https:\/\/shop.staudenundrosen.de\">Gr\u00f6nloof Rosenverkauf<\/a><\/p>\n<p><a href=\"http:\/\/www.roses.co.uk\/\">Harkness Roses<\/a><\/p>\n<p><a href=\"http:\/\/www.juhanipuukool.ee\/grupp?idg=ROOS\">Juhani Puukool<\/a><\/p>\n<p><a href=\"http:\/\/www.meilland.com\/\">Meilland<\/a><\/p>\n<p><a href=\"http:\/\/www.classicroses.co.uk\/\">Peter Beales Roses<\/a><\/p>\n<p><a href=\"https:\/\/rosaplant.pl\/pl\/\">Rosa Plant<\/a><\/p>\n<p><a href=\"http:\/\/www.rosen-jensen.de\/\">Rosen Jensen GmbH<\/a><\/p>\n<p><a href=\"https:\/\/www.rosenpark-draeger.de\/Alle-Rosen\/\">Rosenpark Dr\u00e4ger<\/a><\/p>\n<p><a href=\"http:\/\/www.rosenposten.dk\/index2.asp?cb=16%252D11%252D2004+08%253A22%253A25_757\">Rosenposten, Knud Pedersens Planteskole&nbsp;<\/a><\/p>\n<p><a href=\"http:\/\/www.rosen-tantau.com\/\">Rosenwelt Tantau<\/a><\/p>\n<p><a href=\"http:\/\/www.rosesloubert.com\/\">Roses Loubert &#8211; Collection Nationale de Roses Botaniques<\/a><\/p>\n<p><a href=\"http:\/\/www.roskraft.se\/\">Roskraft<\/a><\/p>\n<p><a href=\"https:\/\/www.schmid-gartenpflanzen.de\">Schmid Gartenpflanzen<\/a><\/p>\n<p><a href=\"http:\/\/rosarium.com.pl\">Szkolka Roz<\/a><\/p>\n<p><a href=\"http:\/\/www.palmija.lv\">Palmija<\/a>&nbsp;<span style=\"font-family: -webkit-standard; font-size: medium;\">Lettland<\/span><\/p>\n<p><a href=\"http:\/\/kordes-rosen.com\/\">Wilhelm Kordes&#8217; S\u00f6hne<\/a><\/p>\t\t\t\t\t\t\t\t<\/div>\n\t\t\t\t<\/div>\n\t\t\t\t\t<\/div>\n\t\t<\/div>\n\t\t\t\t<div class=\"aux-parallax-section elementor-column elementor-col-33 elementor-top-column elementor-element elementor-element-ef10bae\" data-id=\"ef10bae\" data-element_type=\"column\" data-e-type=\"column\">\n\t\t\t<div class=\"elementor-widget-wrap elementor-element-populated\">\n\t\t\t\t\t\t<div class=\"elementor-element elementor-element-d813f48 elementor-widget elementor-widget-image\" data-id=\"d813f48\" data-element_type=\"widget\" data-e-type=\"widget\" data-widget_type=\"image.default\">\n\t\t\t\t<div class=\"elementor-widget-container\">\n\t\t\t\t\t\t\t\t\t\t\t\t\t\t\t<img decoding=\"async\" src=\"https:\/\/ruususeura.fi\/wp-content\/uploads\/2020\/07\/DSC_4516.jpg\" title=\"DSC_4516\" alt=\"DSC_4516\" loading=\"lazy\" \/>\t\t\t\t\t\t\t\t\t\t\t\t\t\t\t<\/div>\n\t\t\t\t<\/div>\n\t\t\t\t\t<\/div>\n\t\t<\/div>\n\t\t\t\t\t<\/div>\n\t\t<\/section>\n\t\t\t\t<\/div>\n\t\t","protected":false},"excerpt":{"rendered":"<p>Plantskolor Finland Taimistoviljelij\u00e4t-Plantskoleodlarna ry Blomqvists plantskola&nbsp; Hongiston taimisto Vakka-taimi Ahosen taimisto, Karstula &nbsp;Syd-\u00d6sterbottens Plantskola Muhevaisen puutarhaliike S\u00e4rk\u00e4n perennataimisto (Raahe) Wickmans Plantskola Europa Agel Rosen Andr\u00e9 Eve Daniel Schmitz roses David Austin Roses Flora Linnea Gr\u00f6nloof Rosenverkauf Harkness Roses Juhani Puukool Meilland Peter Beales Roses Rosa Plant Rosen Jensen GmbH Rosenpark Dr\u00e4ger Rosenposten, Knud Pedersens Planteskole&nbsp; [&hellip;]<\/p>\n","protected":false},"author":1,"featured_media":0,"parent":0,"menu_order":0,"comment_status":"closed","ping_status":"closed","template":"","meta":{"footnotes":""},"class_list":["post-954","page","type-page","status-publish","hentry"],"_links":{"self":[{"href":"https:\/\/ruususeura.fi\/sv\/wp-json\/wp\/v2\/pages\/954","targetHints":{"allow":["GET"]}}],"collection":[{"href":"https:\/\/ruususeura.fi\/sv\/wp-json\/wp\/v2\/pages"}],"about":[{"href":"https:\/\/ruususeura.fi\/sv\/wp-json\/wp\/v2\/types\/page"}],"author":[{"embeddable":true,"href":"https:\/\/ruususeura.fi\/sv\/wp-json\/wp\/v2\/users\/1"}],"replies":[{"embeddable":true,"href":"https:\/\/ruususeura.fi\/sv\/wp-json\/wp\/v2\/comments?post=954"}],"version-history":[{"count":5,"href":"https:\/\/ruususeura.fi\/sv\/wp-json\/wp\/v2\/pages\/954\/revisions"}],"predecessor-version":[{"id":4471,"href":"https:\/\/ruususeura.fi\/sv\/wp-json\/wp\/v2\/pages\/954\/revisions\/4471"}],"wp:attachment":[{"href":"https:\/\/ruususeura.fi\/sv\/wp-json\/wp\/v2\/media?parent=954"}],"curies":[{"name":"wp","href":"https:\/\/api.w.org\/{rel}","templated":true}]}}