{"id":956,"date":"2020-04-27T10:59:30","date_gmt":"2020-04-27T07:59:30","guid":{"rendered":"https:\/\/ruususeura.fi\/rosentradgardar\/"},"modified":"2026-01-08T16:24:56","modified_gmt":"2026-01-08T14:24:56","slug":"rosentradgardar","status":"publish","type":"page","link":"https:\/\/ruususeura.fi\/sv\/rosentradgardar\/","title":{"rendered":"Rosarier"},"content":{"rendered":"\t\t<div data-elementor-type=\"wp-page\" data-elementor-id=\"956\" class=\"elementor elementor-956 elementor-888\">\n\t\t\t\t\t\t<section class=\"elementor-section elementor-top-section elementor-element elementor-element-87c8ac7 elementor-section-stretched elementor-section-boxed elementor-section-height-default elementor-section-height-default\" data-id=\"87c8ac7\" data-element_type=\"section\" data-e-type=\"section\" data-settings=\"{&quot;stretch_section&quot;:&quot;section-stretched&quot;}\">\n\t\t\t\t\t\t<div class=\"elementor-container elementor-column-gap-default\">\n\t\t\t\t\t<div class=\"aux-parallax-section elementor-column elementor-col-66 elementor-top-column elementor-element elementor-element-3a39ca0\" data-id=\"3a39ca0\" data-element_type=\"column\" data-e-type=\"column\">\n\t\t\t<div class=\"elementor-widget-wrap elementor-element-populated\">\n\t\t\t\t\t\t<div class=\"elementor-element elementor-element-1a4d048 elementor-widget elementor-widget-text-editor\" data-id=\"1a4d048\" data-element_type=\"widget\" data-e-type=\"widget\" data-widget_type=\"text-editor.default\">\n\t\t\t\t<div class=\"elementor-widget-container\">\n\t\t\t\t\t\t\t\t\t<h1 class=\"elementor-heading-title elementor-size-default elementor-inline-editing pen\" style=\"letter-spacing: normal;\" data-elementor-setting-key=\"title\" data-pen-placeholder=\"Kirjoita t\u00e4h\u00e4n...\">Rosentr\u00e4dg\u00e5rdar<\/h1>\n<h3>Finland<\/h3>\n<p><a href=\"https:\/\/vihreatsylit.fi\/meilahden-arboretum\/\">Meilans arboretums rosarium<\/a>, Helsingfors<\/p>\n<p><a href=\"https:\/\/www.wohlsgard.fi\/wohls-rosario\/\">Wohls rosarium<\/a>, Kyrksl\u00e4tt<\/p>\n<p><a href=\"https:\/\/www.btf-ppy.com\/presentationesittely\">Rosarium Hospitalis Borgoensis,<\/a> Borg\u00e5<\/p>\n<p><a href=\"https:\/\/www.tampere.fi\/luonto-ja-ymparisto\/puistot\/hatanpaan-arboretum\">Hatanp\u00e4\u00e4 rosarium,<\/a> Tammerfors<\/p>\n<p><a href=\"https:\/\/www.turku.fi\/kulttuuri-ja-liikunta\/ulkoilualueet\/puistot\/tahkapuisto\">Axparken <\/a>, \u00c5bo<\/p>\n<p><a href=\"http:\/\/www.viherrin.com\/2020\/06\/ihanat-rosariumit-ruusupuistot.html\">Sankt Karins Veteranparks rosentr\u00e4dg\u00e5rd \u00a0<\/a>Sankt Karins<\/p>\n<p><a href=\"https:\/\/www.masku.fi\/vapaa-aika\/matkailijalle\/nahtavyydet\/rosarium\/\">Masku rosarium \u00a0<\/a>Masku<\/p>\n<p><a href=\"https:\/\/sites.utu.fi\/kasvitieteellinen-puutarha\/\">Runsala botaniska tr\u00e4dg\u00e5rd, Turun yliopisto<\/a> \u00c5bo<\/p>\n<p><a href=\"https:\/\/visithaapajarvi.fi\/nahtavyydet\/veteraani-ja-ruusupuisto\/\">Haapaj\u00e4rvi veteran- och rosenpark <\/a>\u00a0Haapaj\u00e4rvi<\/p>\n<h3>Sverige<\/h3>\n<p><a href=\"http:\/\/www.tradgardsforeningen.se\/wps\/portal\/enhetssida\/tradgardsforeningen\/rosariet\/!ut\/p\/z1\/04_Sj9CPykssy0xPLMnMz0vMAfIjo8ziTYzcDQy9TAy9_QPMLQwcXSyMDJyNPQwsLAz0w8EKAgxdHA1NgAoMPAzdDBwDXc38g1xNDAx8TPWjiNFvgAIcDZyCjJyMDQzc_Y2I049HQRSG8cgW6RfkhoaGOioqAgADKnBE\/dz\/d5\/L2dBISEvZ0FBIS9nQSEh\/\">G\u00f6teborgs rosarium<\/a> Tr\u00e4dg\u00e5rdsf\u00f6reningen, G\u00f6teborg<\/p>\n<p><a href=\"https:\/\/www.jonkoping.se\/fritid-kultur--natur\/friluftsliv-natur-och-parker\/parker\/rosenlunds-herrgard-och-rosarium\">Rosenlunds rosarium<\/a>, J\u00f6nk\u00f6ping<\/p>\n<p><a href=\"https:\/\/fredriksdal.se\/rosariet\/\">Rosentr\u00e4dg\u00e5rden i Fredriksdals Friluftsmuseeum<\/a>, Helsingborg<\/p>\n<p><a href=\"http:\/\/www.wij.se\/\">Rosentr\u00e4dg\u00e5rden i Wij tr\u00e4dg\u00e5rdar<\/a>, Ockelbo<\/p>\n<h3>Danmark<\/h3>\n<p><strong>K\u00f6penhamn<\/strong><\/p>\n<p><a href=\"https:\/\/www.visitcopenhagen.dk\/koebenhavn\/planlaeg-din-tur\/rosenhaven-gdk410792\">Rosenhaven i Valbyparken<\/a><\/p>\n<p><a href=\"https:\/\/www.gentofte.dk\/da\/Borger\/By-og-milj\u00f8\/Gr\u00f8nne-omr\u00e5der\/Haveanl\u00e6g\/Rosenhaven\">Rosenhaven ved Hellerup Strandpark<\/a><\/p>\n<p><a href=\"https:\/\/plen.ku.dk\/pfv\/haven\/plantesamlinger\/rosenhaven\/\">Rosenhaven ved det Biovidenskabelige Fakultet<\/a><\/p>\n<p><a href=\"http:\/\/haveselskabet.dk\/haveselskabets-have\">Haveselskabets have, Frederiksberg<\/a><\/p>\n<p><a href=\"https:\/\/www.hofor.dk\/baeredygtige-byer\/udviklingsprojekter\/enghaveparken\/\">Rosenhaven i Enghaveparken, K\u00f8benhavn<\/a><\/p>\n<p><strong>Sj\u00e6lland<\/strong><\/p>\n<p><a href=\"http:\/\/www.fondenfortraeerogmiljoe.dk\/side.asp?ID=4\">Rosenhaven i Gerlevparken, Frederikssund<\/a><\/p>\n<p><a href=\"https:\/\/kongeligeslotte.dk\/da\/slotte-og-haver\/fredensborg-slot\/besoeg-fredensborg-slot.html\">Rosenhaven ved Fredensborg Slot<\/a><\/p>\n<p><a href=\"https:\/\/www.gavnoe.dk\/slot\/parken\/rosenhaven\/\">Rosenhaven ved Gavn\u00f8 Slot<\/a><\/p>\n<p><a href=\"http:\/\/www.roses.dk\/default.aspx?pageid=26\">Rosenhaven ved Rosenplanteskolen i L\u00f8ve<\/a><\/p>\n<p><strong>Fyn<\/strong><\/p>\n<p><a href=\"http:\/\/www.egeskov.dk\/havernes-historie\">Egeskov Slot, Kv\u00e6rndrup<\/a><\/p>\n<p><strong>Jylland<\/strong><\/p>\n<p><a href=\"http:\/\/bangsbobotaniskehave.dk\/\">Bangsbo Botaniske have, Frederikshavn<\/a><\/p>\n<p><a href=\"https:\/\/rosenparken.dk\">Den Jydske Rosenpark i \u00c5lestrup<\/a><\/p>\n<p><a href=\"http:\/\/www.cittaslow-mariager.dk\/mariager-rosenhave\">Rosenhaven i Mariager<\/a><\/p>\n<p><a href=\"http:\/\/www.tanker-i-gang.dk\/turforslag\/marselisborgslot\/park\/rosenhave.htm\">Dr. Magrethes rosenhave ved Marselisborg Slot, Aarhus<\/a><\/p>\n<p><a href=\"http:\/\/www.laubjergs-havecenter.dk\/rosenhaven\/\">Laubjergs Rosenhave i No, Ringk\u00f8bing<\/a><\/p>\n<p><a href=\"http:\/\/www.lillemalundshave.dk\/\">Lille Malunds have, 8765 Klovborg<\/a><\/p>\n<p><a href=\"https:\/\/geografiskhave.dk\/prisbeloennet-have\/\">Rosenhaven i Geografisk have, Kolding<\/a><\/p>\n<p><a href=\"https:\/\/kongeligeslotte.dk\/da\/slotte-og-haver\/graasten-slot\/graasten-slotshave.html\">Rosenparken i Gr\u00e5sten Slotshave, Gr\u00e5sten<\/a><\/p>\n<p><a href=\"http:\/\/www.fredericiahistorie.dk\/side\/rosenhaven\">Rosenhaven ved Fredericia Museum<\/a><\/p>\n<p><a href=\"http:\/\/www.rugosaroser.dk\/velkommen\">Rugosaroser i Galten<\/a><\/p>\n<p><a href=\"http:\/\/www.rosenglad.dk\/\">Stenholm Minirosenhave, L\u00f8gumkloster<\/a><\/p>\n<h3>Stor-Britannien<\/h3>\n<p><a href=\"https:\/\/www.kew.org\">Royal Botanic Gardens, Kew<\/a>, London<\/p>\n<p><a href=\"http:\/\/www.alnwickgarden.com\">The Alnwick Garden<\/a>,<\/p>\n<p><a href=\"http:\/\/www.hevercastle.co.uk\">Hever Castle and Gardens<\/a>, Kent,<\/p>\n<p><a href=\"http:\/\/www.sudeleycastle.co.uk\">Sudeley Castle<\/a>, Gloucestershire,<\/p>\n<p><a href=\"http:\/\/www.royalparks.org.uk\/parks\/the-regents-park\">Queen Mary\u2019s Gardens<\/a>, London,<\/p>\n<p><a href=\"http:\/\/www.nationaltrust.org.uk\/mottisfont\/\">Mottisfont Abbey<\/a>, Hampshire,<\/p>\n<p><a href=\"http:\/\/www.rhs.org.uk\/gardens\/rosemoor\">RHS Garden Rosemoor<\/a>, Devon,<\/p>\n<p><a href=\"http:\/\/www.nationaltrust.org.uk\/sissinghurst-castle\/\">Sissinghurst Castle<\/a>, Kent,<\/p>\n<h3>Lettland<\/h3>\n<p><a href=\"https:\/\/rundale.net\/en\/the-park\/rose-garden\/\">Rundale slotts rosarium <\/a><\/p>\n<h3>Frankrike<\/h3>\n<p><a href=\"https:\/\/en.parisinfo.com\/paris-museum-monument\/71636\/Parc-de-Bagatelle-Jardin-botanique-de-Paris\">Bagatelle, Paris<\/a><\/p>\n<p><a href=\"https:\/\/en.parisinfo.com\/paris-museum-monument\/71249\/Roseraie-du-Val-de-Marne\">Roseraie de l&#8217;Ha\u00ff<\/a>,\u00a0 Paris<\/p>\n<p><a href=\"http:\/\/giverny.org\/gardens\/fcm\/visitgb.htm\">Giverny, impressionisten Claude Monet&#8217;s tr\u00e4dg\u00e5rd och rosor<\/a><\/p>\n<h3>Tyskland<\/h3>\n<p><a href=\"https:\/\/www.britzergarten.de\/en\/\">Britzer Garten, Berlin<\/a><\/p>\n<p><a href=\"https:\/\/europa-rosarium.de\">Europa-Rosarium Sangerhausen<\/a><\/p>\n<p><a href=\"https:\/\/www.rosengarten-forst.de\/de\/startseite\/84233\">Ostdeutscher Rosengarten, Forst (Lausitz)<\/a><\/p>\n<p><a href=\"https:\/\/www.kassel.de\/buerger\/kunst_und_kultur\/parks_und_gaerten\/wilhelmshoehe\/index.php\">Park Wilhelmsh\u00f6he<\/a>, Kassel<\/p>\n<h3>Belgien<\/h3>\n<p><a href=\"http:\/\/www.hex.be\/\">Ch\u00e2teau Hex, Belgique<\/a><\/p>\n\t\t\t\t\t\t\t\t<\/div>\n\t\t\t\t<\/div>\n\t\t\t\t\t<\/div>\n\t\t<\/div>\n\t\t\t\t<div class=\"aux-parallax-section elementor-column elementor-col-33 elementor-top-column elementor-element elementor-element-f260e8c\" data-id=\"f260e8c\" data-element_type=\"column\" data-e-type=\"column\">\n\t\t\t<div class=\"elementor-widget-wrap elementor-element-populated\">\n\t\t\t\t\t\t<div class=\"elementor-element elementor-element-9212cf6 elementor-widget elementor-widget-image\" data-id=\"9212cf6\" data-element_type=\"widget\" data-e-type=\"widget\" data-widget_type=\"image.default\">\n\t\t\t\t<div class=\"elementor-widget-container\">\n\t\t\t\t\t\t\t\t\t\t\t\t<figure class=\"wp-caption\">\n\t\t\t\t\t\t\t\t\t\t<img decoding=\"async\" src=\"https:\/\/ruususeura.fi\/wp-content\/uploads\/elementor\/thumbs\/DSC_4490-orz6o1pz7hdct24fhjw7nznah8owwxekipk62uycxs.jpg\" title=\"DSC_4490\" alt=\"DSC_4490\" loading=\"lazy\" \/>\t\t\t\t\t\t\t\t\t\t\t<figcaption class=\"widget-image-caption wp-caption-text\">'Summer Wine'<\/figcaption>\n\t\t\t\t\t\t\t\t\t\t<\/figure>\n\t\t\t\t\t\t\t\t\t<\/div>\n\t\t\t\t<\/div>\n\t\t\t\t<div class=\"elementor-element elementor-element-dba0bbd elementor-widget elementor-widget-image\" data-id=\"dba0bbd\" data-element_type=\"widget\" data-e-type=\"widget\" data-widget_type=\"image.default\">\n\t\t\t\t<div class=\"elementor-widget-container\">\n\t\t\t\t\t\t\t\t\t\t\t\t<figure class=\"wp-caption\">\n\t\t\t\t\t\t\t\t\t\t<img decoding=\"async\" src=\"https:\/\/ruususeura.fi\/wp-content\/uploads\/elementor\/thumbs\/DSC_0516-otdjo6xttaa74k6kk8gk8yeyk6q7udwmty815mcxs0.jpg\" title=\"DSC_0516\" alt=\"DSC_0516\" loading=\"lazy\" \/>\t\t\t\t\t\t\t\t\t\t\t<figcaption class=\"widget-image-caption wp-caption-text\">'Arno'<\/figcaption>\n\t\t\t\t\t\t\t\t\t\t<\/figure>\n\t\t\t\t\t\t\t\t\t<\/div>\n\t\t\t\t<\/div>\n\t\t\t\t\t<\/div>\n\t\t<\/div>\n\t\t\t\t\t<\/div>\n\t\t<\/section>\n\t\t\t\t<\/div>\n\t\t","protected":false},"excerpt":{"rendered":"<p>Rosentr\u00e4dg\u00e5rdar Finland Meilans arboretums rosarium, Helsingfors Wohls rosarium, Kyrksl\u00e4tt Rosarium Hospitalis Borgoensis, Borg\u00e5 Hatanp\u00e4\u00e4 rosarium, Tammerfors Axparken , \u00c5bo Sankt Karins Veteranparks rosentr\u00e4dg\u00e5rd \u00a0Sankt Karins Masku rosarium \u00a0Masku Runsala botaniska tr\u00e4dg\u00e5rd, Turun yliopisto \u00c5bo Haapaj\u00e4rvi veteran- och rosenpark \u00a0Haapaj\u00e4rvi Sverige G\u00f6teborgs rosarium Tr\u00e4dg\u00e5rdsf\u00f6reningen, G\u00f6teborg Rosenlunds rosarium, J\u00f6nk\u00f6ping Rosentr\u00e4dg\u00e5rden i Fredriksdals Friluftsmuseeum, Helsingborg Rosentr\u00e4dg\u00e5rden i Wij [&hellip;]<\/p>\n","protected":false},"author":1,"featured_media":0,"parent":0,"menu_order":0,"comment_status":"closed","ping_status":"closed","template":"","meta":{"footnotes":""},"class_list":["post-956","page","type-page","status-publish","hentry"],"_links":{"self":[{"href":"https:\/\/ruususeura.fi\/sv\/wp-json\/wp\/v2\/pages\/956","targetHints":{"allow":["GET"]}}],"collection":[{"href":"https:\/\/ruususeura.fi\/sv\/wp-json\/wp\/v2\/pages"}],"about":[{"href":"https:\/\/ruususeura.fi\/sv\/wp-json\/wp\/v2\/types\/page"}],"author":[{"embeddable":true,"href":"https:\/\/ruususeura.fi\/sv\/wp-json\/wp\/v2\/users\/1"}],"replies":[{"embeddable":true,"href":"https:\/\/ruususeura.fi\/sv\/wp-json\/wp\/v2\/comments?post=956"}],"version-history":[{"count":5,"href":"https:\/\/ruususeura.fi\/sv\/wp-json\/wp\/v2\/pages\/956\/revisions"}],"predecessor-version":[{"id":4787,"href":"https:\/\/ruususeura.fi\/sv\/wp-json\/wp\/v2\/pages\/956\/revisions\/4787"}],"wp:attachment":[{"href":"https:\/\/ruususeura.fi\/sv\/wp-json\/wp\/v2\/media?parent=956"}],"curies":[{"name":"wp","href":"https:\/\/api.w.org\/{rel}","templated":true}]}}